{"id":1618,"date":"2013-12-20T09:37:56","date_gmt":"2013-12-20T08:37:56","guid":{"rendered":"http:\/\/klubmamgdynia.pl\/index.php\/produkt\/steeldigi-stacja-ladujaca-do-padow-xbox-jade-totem-czarna\/"},"modified":"2026-05-02T15:43:41","modified_gmt":"2026-05-02T13:43:41","slug":"steeldigi-stacja-ladujaca-do-padow-xbox-jade-totem-czarna","status":"publish","type":"product","link":"http:\/\/klubmamgdynia.pl\/index.php\/produkt\/steeldigi-stacja-ladujaca-do-padow-xbox-jade-totem-czarna\/","title":{"rendered":"SteelDigi Stacja \u0142aduj\u0105ca do pad\u00f3w Xbox JADE TOTEM czarna"},"content":{"rendered":"<p>Stacja \u0142aduj\u0105ca do pad\u00f3w Xbox SteelDigi JADE TOTEM czarna                            <\/p>\n<p>\u0141adowarka do pad\u00f3w JADE TOTEM ameryka\u0144skiej marki SteelDigi pozwoli zachowa\u0107 Tw\u00f3j kontroler w ci\u0105g\u0142ej gotowo\u015bci do gry. Stacja \u0142aduj\u0105ca jest kompatybilna z kontrolerami do Xbox Series X\/S oraz Xbox One X\/S. W zestawie z \u0142adowark\u0105 znajdziesz akumulator o pojemno\u015bci 1200 mAh\u00a0\u2013 wystarczy, \u017ce za\u0142o\u017cysz go raz, aby cieszy\u0107 si\u0119 wielokrotnym \u0142adowaniem pada. Po sko\u0144czonej grze na konsoli po prostu od\u0142\u00f3\u017c kontroler na \u0142adowark\u0119 od SteelDigi, aby nast\u0119pnym razem, gdy zechcesz rozpocz\u0105\u0107 rozgrywk\u0119, na\u0142adowany pad ju\u017c na Ciebie czeka\u0142. Czas pe\u0142nego \u0142adowania wynosi 3,5-4,5 godziny.                            <\/p>\n<p>Ekologiczne rozwi\u0105zanieKorzystanie ze stacji \u0142aduj\u0105cej jest bardzo intuicyjne \u2013 jedyne, co musisz zrobi\u0107, to w\u0142o\u017cy\u0107 do kontrolera akumulator z zestawu i odpowiedni\u0105 os\u0142onk\u0119, a nast\u0119pnie od\u0142o\u017cy\u0107 pad na podstawk\u0119. Aby rozpocz\u0119\u0142o si\u0119 zasilanie energii, pod\u0142\u0105cz \u0142adowark\u0119 SteelDigi do swojej konsoli Xbox. Mo\u017cesz zrobi\u0107 to za pomoc\u0105 do\u0142\u0105czonego kabla o d\u0142ugo\u015bci 90 cm. Co wa\u017cne, \u0142adowark\u0119 JADE TOTEM wyr\u00f3\u017cnia niski pob\u00f3r pr\u0105du oraz samoczynne przechodzenie w stan stand-by. Dzi\u0119ki temu \u0142adowarka z akumulatorem jest lepszym wyborem pod k\u0105tem ekologii ni\u017c korzystanie z tradycyjnych baterii, kt\u00f3re ci\u0105gle trzeba wymienia\u0107.                            <\/p>\n<p>Dioda stanu \u0142adowaniaWystarczy jeden rzut oka, aby sprawdzi\u0107, czy Tw\u00f3j kontroler jest ju\u017c gotowy do gry! Pojedyncza \u0142adowarka do pada Xbox JADE TOTEM ma diod\u0119, kt\u00f3ra poinformuje Ci\u0119 o aktualnym stanie \u0142adowania. Gdy pad jest w trakcie uzupe\u0142niania energii, dioda \u015bwieci si\u0119 na czerwono, natomiast gdy \u0142adowanie si\u0119 zako\u0144czy, dioda zmieni kolor na zielony. Producent postawi\u0142 na bezpiecze\u0144stwo i piel\u0119gnacj\u0119 \u017cywotno\u015bci baterii\u00a0\u2013 zastosowa\u0142 w \u0142adowarce JADE TOTEM liczne zabezpieczenia, m.in. przed wysokim napi\u0119ciem, przegrzaniem czy zwarciem. Dodatkowo inteligentny uk\u0142ad nie dopu\u015bci do spadku \u017cywotno\u015bci akumulatora, poniewa\u017c w momencie, gdy akumulator w pe\u0142ni si\u0119 na\u0142aduje, stacja przestanie dostarcza\u0107 energi\u0119.                            <\/p>\n<p>Minimalistyczny designMinimalistyczny wygl\u0105d stacji \u0142aduj\u0105cej \u015bwietnie komponuje si\u0119 z konsol\u0105 Xbox, przez co nie zaburzy jej oryginalnego designu, gdy po\u0142o\u017cysz \u0142adowark\u0119 obok. Miejsce na kontroler zosta\u0142o dok\u0142adnie dopasowane do jego kszta\u0142tu, dzi\u0119ki czemu \u0142adowarka wraz z padem tworzy jednolit\u0105 ca\u0142o\u015b\u0107. Antypo\u015blizgowe elementy zapobiegaj\u0105 przesuwaniu si\u0119 stacji, wi\u0119c zachowuje ona stabiln\u0105 pozycj\u0119.<\/p>\n<h2>SteelDigi Stacja \u0142aduj\u0105ca do pad\u00f3w Xbox JADE TOTEM czarna SteelDigi<\/h2>\n<p>malowanki dla dzieci, wierszyki na smigus dyngus, zagadki dla 8 latk\u00f3w, test z opowie\u015bci z narnii lew czarownica i stara szafa, urodziny dziecka pomys\u0142y, atrakcje dla dzieci wroc\u0142aw i okolice, imi\u0119 kuba, kira imi\u0119, cytaty z ma\u0142ego ksi\u0119cia, dinozaur bajka, opowie\u015b\u0107 wigilijna test z odpowiedziami, przechowywanie zabawek, cytaty na dzie\u0144 edukacji narodowej, m.i.a., quizy dla dzieci 7 lat, zaproszenie na urodziny do druku pdf, jeziora blisko warszawy, gdzie na ferie zimowe 2022, koty kolorowanki do druku<\/p>\n<p>yyyyy<\/p>\n<p>&nbsp;<\/p>\n","protected":false},"excerpt":{"rendered":"<p>Stacja \u0142aduj\u0105ca do pad\u00f3w Xbox SteelDigi JADE TOTEM czarna \u0141adowarka do pad\u00f3w JADE TOTEM ameryka\u0144skiej marki SteelDigi pozwoli zachowa\u0107 Tw\u00f3j kontroler w ci\u0105g\u0142ej gotowo\u015bci do gry. Stacja \u0142aduj\u0105ca jest kompatybilna z kontrolerami do Xbox Series X\/S oraz Xbox One X\/S. W zestawie z \u0142adowark\u0105 znajdziesz akumulator o pojemno\u015bci 1200 mAh\u00a0\u2013 wystarczy, \u017ce za\u0142o\u017cysz go raz, [&hellip;]<\/p>\n","protected":false},"featured_media":1619,"comment_status":"closed","ping_status":"open","template":"","meta":[],"product_cat":[440,437],"product_tag":[827,755,852,795],"class_list":["post-1618","product","type-product","status-publish","has-post-thumbnail","hentry","product_cat-akumulatory-i-ladowarki-do-konsol-i-kontrolerow","product_cat-steeldigi","product_tag-bajki-dla-niemowlat","product_tag-henryk","product_tag-jak-zrobic-samolot-z-papieru","product_tag-mini-zoo-warszawa"],"_links":{"self":[{"href":"http:\/\/klubmamgdynia.pl\/index.php\/wp-json\/wp\/v2\/product\/1618","targetHints":{"allow":["GET"]}}],"collection":[{"href":"http:\/\/klubmamgdynia.pl\/index.php\/wp-json\/wp\/v2\/product"}],"about":[{"href":"http:\/\/klubmamgdynia.pl\/index.php\/wp-json\/wp\/v2\/types\/product"}],"replies":[{"embeddable":true,"href":"http:\/\/klubmamgdynia.pl\/index.php\/wp-json\/wp\/v2\/comments?post=1618"}],"wp:featuredmedia":[{"embeddable":true,"href":"http:\/\/klubmamgdynia.pl\/index.php\/wp-json\/wp\/v2\/media\/1619"}],"wp:attachment":[{"href":"http:\/\/klubmamgdynia.pl\/index.php\/wp-json\/wp\/v2\/media?parent=1618"}],"wp:term":[{"taxonomy":"product_cat","embeddable":true,"href":"http:\/\/klubmamgdynia.pl\/index.php\/wp-json\/wp\/v2\/product_cat?post=1618"},{"taxonomy":"product_tag","embeddable":true,"href":"http:\/\/klubmamgdynia.pl\/index.php\/wp-json\/wp\/v2\/product_tag?post=1618"}],"curies":[{"name":"wp","href":"https:\/\/api.w.org\/{rel}","templated":true}]}}