{"id":162,"date":"2017-06-28T07:23:57","date_gmt":"2017-06-28T05:23:57","guid":{"rendered":"http:\/\/klubmamgdynia.pl\/index.php\/produkt\/ramiz-auto-na-akumulator-audi-e-tron-sportback-czerwony-paqls6688cr\/"},"modified":"2026-04-06T08:20:00","modified_gmt":"2026-04-06T06:20:00","slug":"ramiz-auto-na-akumulator-audi-e-tron-sportback-czerwony-paqls6688cr","status":"publish","type":"product","link":"http:\/\/klubmamgdynia.pl\/index.php\/produkt\/ramiz-auto-na-akumulator-audi-e-tron-sportback-czerwony-paqls6688cr\/","title":{"rendered":"Ramiz Auto Na Akumulator Audi E Tron Sportback Czerwony (Paqls6688Cr)"},"content":{"rendered":"<p>SpecyfikacjaAudi E-Tron SportbackSilnik4 x 25W,Nap\u0119dZmienny nap\u0119d na 2 lub 4 ko\u0142a (obs\u0142uga za pomoc\u0105 prze\u0142\u0105cznika),Akumulator12V7Ah,Pilot2.4 GHz,3 szybko\u015bci,Przycisk bezpiecze\u0144stwa STOP,Ko\u0142aPianka EVA,\u015arednica 21 cm,Szeroko\u015b\u0107 8 cm,AmortyzatoryTy\u0142,BiegiWolny Start,2 biegi,Prz\u00f3d\/Ty\u0142,\u015awiat\u0142a LED,\u015awiat\u0142a przednie,\u015awiat\u0142a tylne,Wyposa\u017ceniePanel AudioMP3,Wej\u015bcie Tf na karty SD,Wgrane melodyjki,Wej\u015bcie AUX,Przyciski z d\u017awi\u0119kami w kierownicy,USB,Radio FM,Bluetooth.Wska\u017anik Na\u0142adowaniaTak,StartPod\u015bwietlany w\u0142\u0105cznik z odg\u0142osami silnika,Otwierane drzwiTakSiedzenieCzarna ekosk\u00f3ra,,Wielopunktowe pasy bezpiecze\u0144stwa,G\u0142\u0119boko\u015b\u0107 18 cm,Szeroko\u015b\u0107 33 cm,Wysoko\u015b\u0107 24 cm,WymiaryRozmiar PojazduD\u0142ugo\u015b\u0107 109 cm,Szeroko\u015b\u0107 61 cm,Wysoko\u015b\u0107 46 cm,Waga Pojazdu16,1 kg,Rozmiar Kartonu110 cm x 58 cm x 37 cm,Waga Kartonu19,8 kg,Maksymalne Obci\u0105\u017cenie25 kg,Prze\u015bwit10 cm,Wyposa\u017cenie DodatkoweInstrukcja + Zestaw Monta\u017cowy\u0141adowarka z wska\u017anikiem na\u0142adowania baterii,Kabel Mini JackPokrowiec,Pilot R\/C,<\/p>\n<h2>Ramiz Auto Na Akumulator Audi E Tron Sportback Czerwony (Paqls6688Cr) Ramiz<\/h2>\n<p>historia pluszowego misia, imi\u0119 mira, kolorowanka harry potter, malowanka, znaczenie imienia milan, prezent pod choink\u0119 dla 7 letniej dziewczynki, znaczenie imienia alan, ahmed, wierszyki na dobranoc dla dzieci, prezent dla 7 latki, milena<\/p>\n<p>yyyyy<\/p>\n<p>&nbsp;<\/p>\n","protected":false},"excerpt":{"rendered":"<p>SpecyfikacjaAudi E-Tron SportbackSilnik4 x 25W,Nap\u0119dZmienny nap\u0119d na 2 lub 4 ko\u0142a (obs\u0142uga za pomoc\u0105 prze\u0142\u0105cznika),Akumulator12V7Ah,Pilot2.4 GHz,3 szybko\u015bci,Przycisk bezpiecze\u0144stwa STOP,Ko\u0142aPianka EVA,\u015arednica 21 cm,Szeroko\u015b\u0107 8 cm,AmortyzatoryTy\u0142,BiegiWolny Start,2 biegi,Prz\u00f3d\/Ty\u0142,\u015awiat\u0142a LED,\u015awiat\u0142a przednie,\u015awiat\u0142a tylne,Wyposa\u017ceniePanel AudioMP3,Wej\u015bcie Tf na karty SD,Wgrane melodyjki,Wej\u015bcie AUX,Przyciski z d\u017awi\u0119kami w kierownicy,USB,Radio FM,Bluetooth.Wska\u017anik Na\u0142adowaniaTak,StartPod\u015bwietlany w\u0142\u0105cznik z odg\u0142osami silnika,Otwierane drzwiTakSiedzenieCzarna ekosk\u00f3ra,,Wielopunktowe pasy bezpiecze\u0144stwa,G\u0142\u0119boko\u015b\u0107 18 cm,Szeroko\u015b\u0107 33 cm,Wysoko\u015b\u0107 24 [&hellip;]<\/p>\n","protected":false},"featured_media":163,"comment_status":"closed","ping_status":"open","template":"","meta":[],"product_cat":[37,36],"product_tag":[611,612,723,804,811],"class_list":["post-162","product","type-product","status-publish","has-post-thumbnail","hentry","product_cat-jeepy-i-quady","product_cat-ramiz","product_tag-bajki-do-czytania-psi-patrol","product_tag-kolorowanki-do-druku","product_tag-krotkie-bajki-do-czytania-na-dobranoc","product_tag-ryz-z-owocami","product_tag-zagadki-logiczne-dla-dzieci"],"_links":{"self":[{"href":"http:\/\/klubmamgdynia.pl\/index.php\/wp-json\/wp\/v2\/product\/162","targetHints":{"allow":["GET"]}}],"collection":[{"href":"http:\/\/klubmamgdynia.pl\/index.php\/wp-json\/wp\/v2\/product"}],"about":[{"href":"http:\/\/klubmamgdynia.pl\/index.php\/wp-json\/wp\/v2\/types\/product"}],"replies":[{"embeddable":true,"href":"http:\/\/klubmamgdynia.pl\/index.php\/wp-json\/wp\/v2\/comments?post=162"}],"wp:featuredmedia":[{"embeddable":true,"href":"http:\/\/klubmamgdynia.pl\/index.php\/wp-json\/wp\/v2\/media\/163"}],"wp:attachment":[{"href":"http:\/\/klubmamgdynia.pl\/index.php\/wp-json\/wp\/v2\/media?parent=162"}],"wp:term":[{"taxonomy":"product_cat","embeddable":true,"href":"http:\/\/klubmamgdynia.pl\/index.php\/wp-json\/wp\/v2\/product_cat?post=162"},{"taxonomy":"product_tag","embeddable":true,"href":"http:\/\/klubmamgdynia.pl\/index.php\/wp-json\/wp\/v2\/product_tag?post=162"}],"curies":[{"name":"wp","href":"https:\/\/api.w.org\/{rel}","templated":true}]}}