{"id":1620,"date":"2010-11-26T08:43:00","date_gmt":"2010-11-26T07:43:00","guid":{"rendered":"http:\/\/klubmamgdynia.pl\/index.php\/produkt\/batman-arkham-knight-playstation-hits-gra-ps4\/"},"modified":"2026-04-30T21:51:25","modified_gmt":"2026-04-30T19:51:25","slug":"batman-arkham-knight-playstation-hits-gra-ps4","status":"publish","type":"product","link":"http:\/\/klubmamgdynia.pl\/index.php\/produkt\/batman-arkham-knight-playstation-hits-gra-ps4\/","title":{"rendered":"Batman Arkham Knight PlayStation Hits (Gra PS4)"},"content":{"rendered":"<p>Mrok wracaStrach na Wr\u00f3ble powraca, aby stworzy\u0107 niepowtarzaln\u0105 dru\u017cyn\u0119 super z\u0142oczy\u0144c\u00f3w, w\u015br\u00f3d kt\u00f3rych s\u0105 m.in. Pingwin, Dwie Twarze i Harley Quinn. Ich cel jest jeden &#8211; raz na zawsze rozprawi\u0107 si\u0119 z Mrocznym Rycerzem. W Batman: Arkham Knight pojawi si\u0119 niepowtarzalny projekt Batmobilu, stworzony przez Rocksteady, kt\u00f3ry po raz pierwszy w historii serii b\u0119dzie mo\u017cna prowadzi\u0107. Pr\u00f3cz tego legendarnego pojazdu oraz docenionej rozgrywki z serii Batman Arkham, gracze poznaj\u0105 \u015bwiat Batmana jak nigdy dot\u0105d &#8211; b\u0119d\u0105 mogli zwiedzi\u0107 ulice i niebo ponad ca\u0142ym Gotham City.\u201cBatman: Arkham Knight to najwa\u017cniejsza gra z naszej niezwykle udanej serii. Przekazujemy graczom najbardziej rozleg\u0142y i robi\u0105cy najwi\u0119ksze wra\u017cenie \u015bwiat gry.&#8221; stwierdzi\u0142 Martin Tremblay, prezes Warner Bros. Interactive Entertainment. &#8222;Zesp\u00f3\u0142 Rocksteady Studios wci\u0105\u017c skupia si\u0119 na fantastycznej rozgrywce, z kt\u00f3rej jest znany, jednocze\u015bnie dostarczaj\u0105c nowych, niesamowitych wra\u017ce\u0144 graczom i fanom Batmana.&#8221;\u201cZesp\u00f3\u0142 Rocksteady Studios w\u0142o\u017cy\u0142 mn\u00f3stwo pracy, aby ostatni rozdzia\u0142 trylogii Batman: Arkham pozwoli\u0142 fanom jak najpe\u0142niej wcieli\u0107 si\u0119 w posta\u0107 Batmana.&#8221; stwierdzi\u0142 Sefton Hill, dyrektor gry w Rocksteady Studios. &#8222;Jeste\u015bmy niezmiernie podekscytowani, \u017ce tworzymy gr\u0119 na platformy nast\u0119pnej generacji, dzi\u0119ki czemu mo\u017cemy wdro\u017cy\u0107 elementy, kt\u00f3re zaplanowali\u015bmy ju\u017c dawno, takie jak Batmobil, jego wp\u0142yw na umiej\u0119tno\u015bci Batmana oraz w pe\u0142ni odwzorowane Gotham City.&#8221;<iframe loading=\"lazy\" title=\"Official Batman: Arkham Knight Gameplay Trailer - &quot;Evening The Odds&quot;\" width=\"680\" height=\"383\" src=\"https:\/\/www.youtube.com\/embed\/dxa34RatmSc?feature=oembed\" frameborder=\"0\" allow=\"accelerometer; autoplay; clipboard-write; encrypted-media; gyroscope; picture-in-picture\" allowfullscreen><\/iframe><\/p>\n<h2>Batman Arkham Knight PlayStation Hits (Gra PS4) Warner Bros<\/h2>\n<p>zadania logiczne, prezenty na roczek dla ch\u0142opca, zabawy halloweenowe dla dzieci, carmen imi\u0119, zagadka matematyczna dla dzieci, podchwytliwe zagadki, ko\u0142ysanki teksty, cytaty o dzieciach i rodzicach, prezenty dla nastolatk\u00f3w, smieszne zagadki, ma\u0142o nas do pieczenia chleba, anastazja imi\u0119<\/p>\n<p>yyyyy<\/p>\n<p>&nbsp;<\/p>\n","protected":false},"excerpt":{"rendered":"<p>Mrok wracaStrach na Wr\u00f3ble powraca, aby stworzy\u0107 niepowtarzaln\u0105 dru\u017cyn\u0119 super z\u0142oczy\u0144c\u00f3w, w\u015br\u00f3d kt\u00f3rych s\u0105 m.in. Pingwin, Dwie Twarze i Harley Quinn. Ich cel jest jeden &#8211; raz na zawsze rozprawi\u0107 si\u0119 z Mrocznym Rycerzem. W Batman: Arkham Knight pojawi si\u0119 niepowtarzalny projekt Batmobilu, stworzony przez Rocksteady, kt\u00f3ry po raz pierwszy w historii serii b\u0119dzie mo\u017cna [&hellip;]<\/p>\n","protected":false},"featured_media":1621,"comment_status":"closed","ping_status":"open","template":"","meta":[],"product_cat":[203,441],"product_tag":[660,685,613,582,774,733],"class_list":["post-1620","product","type-product","status-publish","has-post-thumbnail","hentry","product_cat-gry-playstation-4","product_cat-warner-bros","product_tag-bianka","product_tag-cytaty-o-rodzinie","product_tag-na-wyspach-bergamutach","product_tag-nauka-pisania-literek-do-wydruku-pdf","product_tag-prezent-na-roczek-nie-zabawka","product_tag-zarty-na-prima-aprilis"],"_links":{"self":[{"href":"http:\/\/klubmamgdynia.pl\/index.php\/wp-json\/wp\/v2\/product\/1620","targetHints":{"allow":["GET"]}}],"collection":[{"href":"http:\/\/klubmamgdynia.pl\/index.php\/wp-json\/wp\/v2\/product"}],"about":[{"href":"http:\/\/klubmamgdynia.pl\/index.php\/wp-json\/wp\/v2\/types\/product"}],"replies":[{"embeddable":true,"href":"http:\/\/klubmamgdynia.pl\/index.php\/wp-json\/wp\/v2\/comments?post=1620"}],"wp:featuredmedia":[{"embeddable":true,"href":"http:\/\/klubmamgdynia.pl\/index.php\/wp-json\/wp\/v2\/media\/1621"}],"wp:attachment":[{"href":"http:\/\/klubmamgdynia.pl\/index.php\/wp-json\/wp\/v2\/media?parent=1620"}],"wp:term":[{"taxonomy":"product_cat","embeddable":true,"href":"http:\/\/klubmamgdynia.pl\/index.php\/wp-json\/wp\/v2\/product_cat?post=1620"},{"taxonomy":"product_tag","embeddable":true,"href":"http:\/\/klubmamgdynia.pl\/index.php\/wp-json\/wp\/v2\/product_tag?post=1620"}],"curies":[{"name":"wp","href":"https:\/\/api.w.org\/{rel}","templated":true}]}}