{"id":1622,"date":"2023-05-21T23:33:55","date_gmt":"2023-05-21T21:33:55","guid":{"rendered":"http:\/\/klubmamgdynia.pl\/?post_type=product&#038;p=1622"},"modified":"2026-04-06T05:50:08","modified_gmt":"2026-04-06T03:50:08","slug":"dead-island-2-edycja-pulp-gra-ps4","status":"publish","type":"product","link":"http:\/\/klubmamgdynia.pl\/index.php\/produkt\/dead-island-2-edycja-pulp-gra-ps4\/","title":{"rendered":"Dead Island 2 Edycja Pulp (Gra PS4)"},"content":{"rendered":"<p>Masz niepowtarzaln\u0105 okazj\u0119 na odkrycie piekielnego LA! W grze Dead Island 2 odwiedzisz najs\u0142ynniejsze miejsca w Mie\u015bcie Anio\u0142\u00f3w, teraz budz\u0105ce strach i niepewno\u015b\u0107. Ekscytuj\u0105ca podr\u00f3\u017c w klimacie horroru zaprowadzi ci\u0119 od pokrytych zieleni\u0105 przedmie\u015b\u0107 Beverly Hills po pe\u0142n\u0105 osobliwo\u015bci promenad\u0119 w Venice Beach.<\/p>\n<h2>Dead Island 2 Edycja Pulp (Gra PS4) Koch Media<\/h2>\n<p>quiz o hobbicie, zabawy ruchowe dla dzieci w przedszkolu, szlaczki literopodobne do wydruku, kr\u00f3tkie bajki do czytania na dobranoc, lucyna, quiz o samochodach, co kupic na roczek, cytaty o mamie, kajko i kokosz szko\u0142a latania &#8211; test do wydruku, peppa do czytania, quiz znaki drogowe, gabriela, gry dla m\u0142odzie\u017cy, bajka o smoku wawelskim<\/p>\n<p>yyyyy<\/p>\n<p>&nbsp;<\/p>\n","protected":false},"excerpt":{"rendered":"<p>Masz niepowtarzaln\u0105 okazj\u0119 na odkrycie piekielnego LA! W grze Dead Island 2 odwiedzisz najs\u0142ynniejsze miejsca w Mie\u015bcie Anio\u0142\u00f3w, teraz budz\u0105ce strach i niepewno\u015b\u0107. Ekscytuj\u0105ca podr\u00f3\u017c w klimacie horroru zaprowadzi ci\u0119 od pokrytych zieleni\u0105 przedmie\u015b\u0107 Beverly Hills po pe\u0142n\u0105 osobliwo\u015bci promenad\u0119 w Venice Beach. Dead Island 2 Edycja Pulp (Gra PS4) Koch Media quiz o hobbicie, [&hellip;]<\/p>\n","protected":false},"featured_media":1623,"comment_status":"closed","ping_status":"open","template":"","meta":[],"product_cat":[203,442],"product_tag":[750,588,788,756],"class_list":["post-1622","product","type-product","status-publish","has-post-thumbnail","hentry","product_cat-gry-playstation-4","product_cat-koch-media","product_tag-imie-kostek","product_tag-wzruszajace-slowa-dla-przyjaciela","product_tag-zagadki-krotkie","product_tag-zaproszenie-na-urodziny-do-druku"],"_links":{"self":[{"href":"http:\/\/klubmamgdynia.pl\/index.php\/wp-json\/wp\/v2\/product\/1622","targetHints":{"allow":["GET"]}}],"collection":[{"href":"http:\/\/klubmamgdynia.pl\/index.php\/wp-json\/wp\/v2\/product"}],"about":[{"href":"http:\/\/klubmamgdynia.pl\/index.php\/wp-json\/wp\/v2\/types\/product"}],"replies":[{"embeddable":true,"href":"http:\/\/klubmamgdynia.pl\/index.php\/wp-json\/wp\/v2\/comments?post=1622"}],"wp:featuredmedia":[{"embeddable":true,"href":"http:\/\/klubmamgdynia.pl\/index.php\/wp-json\/wp\/v2\/media\/1623"}],"wp:attachment":[{"href":"http:\/\/klubmamgdynia.pl\/index.php\/wp-json\/wp\/v2\/media?parent=1622"}],"wp:term":[{"taxonomy":"product_cat","embeddable":true,"href":"http:\/\/klubmamgdynia.pl\/index.php\/wp-json\/wp\/v2\/product_cat?post=1622"},{"taxonomy":"product_tag","embeddable":true,"href":"http:\/\/klubmamgdynia.pl\/index.php\/wp-json\/wp\/v2\/product_tag?post=1622"}],"curies":[{"name":"wp","href":"https:\/\/api.w.org\/{rel}","templated":true}]}}