{"id":1624,"date":"2020-11-14T00:17:26","date_gmt":"2020-11-13T23:17:26","guid":{"rendered":"http:\/\/klubmamgdynia.pl\/index.php\/produkt\/gra-planszowa-square-szachy-drewniane-senator-lux-41-x-41-cm\/"},"modified":"2026-04-04T01:30:57","modified_gmt":"2026-04-03T23:30:57","slug":"gra-planszowa-square-szachy-drewniane-senator-lux-41-x-41-cm","status":"publish","type":"product","link":"http:\/\/klubmamgdynia.pl\/index.php\/produkt\/gra-planszowa-square-szachy-drewniane-senator-lux-41-x-41-cm\/","title":{"rendered":"Gra planszowa Square Szachy Drewniane Senator Lux 41 x 41 cm"},"content":{"rendered":"<p>DREWNIANE SZACHY SENATOR MAHO\u0143Wyprodukowane z Polsce. PROSTO OD PRODUCENTA.Cena &#8211; 185,00z\u0142Szachy wykonane r\u0119cznie z du\u017c\u0105 staranno\u015bci\u0105, malowane i kilkakrotnie lakierowane. Bierki zrobione z drzewa grabowego.Figury zdobione wypalanym wzorem, obci\u0105\u017cone oraz podklejone filcem, kaseta w kolorze maho\u0144, kaseta wyposa\u017cona w zielon\u0105 wk\u0142adk\u0119 na figury.Szachownica wypalana zamykana na klamry, szachy zapakowane w kartonowe pude\u0142ko.WYMIARY:kaseta roz\u0142o\u017cona &#8211; 41 x 41 x 3,0cmkaseta z\u0142o\u017cona &#8211; 41 x 20,5 x 5,0cmwysoko\u015b\u0107 kr\u00f3la &#8211; 7,5cmwysoko\u015b\u0107 kr\u00f3l\u00f3wki &#8211; 6,5cmwysoko\u015b\u0107 pionka &#8211; 3,5cmIdealnie nadaj\u0105 si\u0119 do gry, zar\u00f3wno dla dzieci jak i doros\u0142ych, stanowi\u0107 mog\u0105 tak\u017ce oryginalny i wyj\u0105tkowy prezent na r\u00f3\u017cne okazje.Przy zakupie kilku przedmiot\u00f3w z r\u00f3\u017cnych aukcji prosimy pyta\u0107 o koszty dostawy,przy wi\u0119kszych gabarytowo produktach nie ma mo\u017cliwo\u015bci pakowania w jedn\u0105 paczk\u0119,wtedy koszt dostawy nale\u017cy policzy\u0107 razy dwa.ZAPRASZAMY NA NASZE POZOSTA\u0141E AUKCJE<\/p>\n<h2>Gra planszowa Square Szachy Drewniane Senator Lux 41 x 41 cm Square<\/h2>\n<p>test z dzieci z bullerbyn, cytaty o dziecku, farma dyni poznan, przysz\u0142a zima bia\u0142a, test z lektury opowie\u015bci z narnii lew czarownica i stara szafa, kinderbal przepisy, atrakcje dla dzieci wroc\u0142aw, co kupi\u0107 dziecku na roczek, rysunki dla pocz\u0105tkuj\u0105cych, korczak cytaty, dzie\u0144 matki w\u0142asnor\u0119czny prezent dla mamy od dziecka, zagadki dla dzieci 10-12 lat trudne, spiderman do druku, atrakcje dla dzieci wroc\u0142aw, maska wilka szablon, quiz o minecraft, r\u0119cznie robione jak zrobi\u0107 kartk\u0119 walentynkow\u0105, wystawy dla dzieci warszawa, plac zamkowy<\/p>\n<p>yyyyy<\/p>\n<p>&nbsp;<\/p>\n","protected":false},"excerpt":{"rendered":"<p>DREWNIANE SZACHY SENATOR MAHO\u0143Wyprodukowane z Polsce. PROSTO OD PRODUCENTA.Cena &#8211; 185,00z\u0142Szachy wykonane r\u0119cznie z du\u017c\u0105 staranno\u015bci\u0105, malowane i kilkakrotnie lakierowane. Bierki zrobione z drzewa grabowego.Figury zdobione wypalanym wzorem, obci\u0105\u017cone oraz podklejone filcem, kaseta w kolorze maho\u0144, kaseta wyposa\u017cona w zielon\u0105 wk\u0142adk\u0119 na figury.Szachownica wypalana zamykana na klamry, szachy zapakowane w kartonowe pude\u0142ko.WYMIARY:kaseta roz\u0142o\u017cona &#8211; 41 [&hellip;]<\/p>\n","protected":false},"featured_media":1625,"comment_status":"closed","ping_status":"open","template":"","meta":[],"product_cat":[235,443],"product_tag":[845,681,852,657],"class_list":["post-1624","product","type-product","status-publish","has-post-thumbnail","hentry","product_cat-gry-planszowe","product_cat-square","product_tag-ach-spij-kochanie-tekst","product_tag-flagi-europy-quiz","product_tag-jak-zrobic-samolot-z-papieru","product_tag-lol-kolorowanka"],"_links":{"self":[{"href":"http:\/\/klubmamgdynia.pl\/index.php\/wp-json\/wp\/v2\/product\/1624","targetHints":{"allow":["GET"]}}],"collection":[{"href":"http:\/\/klubmamgdynia.pl\/index.php\/wp-json\/wp\/v2\/product"}],"about":[{"href":"http:\/\/klubmamgdynia.pl\/index.php\/wp-json\/wp\/v2\/types\/product"}],"replies":[{"embeddable":true,"href":"http:\/\/klubmamgdynia.pl\/index.php\/wp-json\/wp\/v2\/comments?post=1624"}],"wp:featuredmedia":[{"embeddable":true,"href":"http:\/\/klubmamgdynia.pl\/index.php\/wp-json\/wp\/v2\/media\/1625"}],"wp:attachment":[{"href":"http:\/\/klubmamgdynia.pl\/index.php\/wp-json\/wp\/v2\/media?parent=1624"}],"wp:term":[{"taxonomy":"product_cat","embeddable":true,"href":"http:\/\/klubmamgdynia.pl\/index.php\/wp-json\/wp\/v2\/product_cat?post=1624"},{"taxonomy":"product_tag","embeddable":true,"href":"http:\/\/klubmamgdynia.pl\/index.php\/wp-json\/wp\/v2\/product_tag?post=1624"}],"curies":[{"name":"wp","href":"https:\/\/api.w.org\/{rel}","templated":true}]}}