{"id":1632,"date":"2013-03-06T03:07:20","date_gmt":"2013-03-06T02:07:20","guid":{"rendered":"http:\/\/klubmamgdynia.pl\/index.php\/produkt\/the-pathless-gra-ps5\/"},"modified":"2026-04-23T02:23:40","modified_gmt":"2026-04-23T00:23:40","slug":"the-pathless-gra-ps5","status":"publish","type":"product","link":"http:\/\/klubmamgdynia.pl\/index.php\/produkt\/the-pathless-gra-ps5\/","title":{"rendered":"The Pathless (Gra PS5)"},"content":{"rendered":"<p>Tw\u00f3rcy ABZ\u00db przedstawiaj\u0105 The Pathless \u2013 przygod\u0119 \u0142uczniczki i or\u0142a przemierzaj\u0105cych wielki las.                            <\/p>\n<p>\u00a0\u00a0                            <\/p>\n<p>\u0141ucznictwo i polowanie<br \/>\nWciel si\u0119 w \u0141owczyni\u0119, mistrzyni\u0119 \u0142ucznictwa przemierzaj\u0105c\u0105 tajemnicz\u0105 wysp\u0119 w celu zdj\u0119cia mrocznej kl\u0105twy, kt\u00f3ra po\u017cera \u015bwiat. Buduj relacje ze swoim or\u0142em i szybuj w przestworzach. Wykonuj sztuczki akrobatyczne oraz korzystaj z wyj\u0105tkowego i rozbudowanego systemu \u0142ucznictwa.                            <\/p>\n<p>Eksploracja otwartego \u015bwiata<br \/>\nWytycz swoj\u0105 w\u0142asn\u0105 \u015bcie\u017ck\u0119 poprzez pi\u0119kny, otwarty \u015bwiat pe\u0142en tajemnic. Przemierzaj mgliste lasy, barwne \u0142\u0105ki oraz \u015bnie\u017cn\u0105 tundr\u0119. Odkryj mroczn\u0105 histori\u0119 wyspy. Zwiedzaj ruiny i wierzcho\u0142ki drzew.                            <\/p>\n<p>Polowanie na spaczone duchy<br \/>\nW kniei czaj\u0105 si\u0119 gigantyczne, spaczone duchy. Polowanie na te istoty poch\u0142onie wszystkie twoje umiej\u0119tno\u015bci, tote\u017c bacz, aby\u015b sama nie sta\u0142a si\u0119 zwierzyn\u0105. Bierz udzia\u0142 w epickich bitwach i przywr\u00f3\u0107 blask tej krainie. Walczysz o r\u00f3wnowag\u0119 \u015bwiata.<\/p>\n<h2>The Pathless (Gra PS5) Abzu<\/h2>\n<p>literki do druku, m.i.a., fajne prezenty dla nastolatk\u00f3w, super zings kolorowanki, kaczuszka, atrakcje dla nastolatk\u00f3w, zagadki z odpowiedziami \u015bmieszne, upominek dla nastolatk\u00f3w, sandra imie, zagadki o wiosnie, zimowe zagadki, miko\u0142ajki 2021 warszawa, tajemniczy ogr\u00f3d test z odpowiedziami, kolorowanki andrzejki do wydruku, magiczne drzewo czerwone krzes\u0142o test, konie quiz, znaki drogowe test online, sentencje napisy cytaty o rodzinie, bajki na dobranoc do czytania<\/p>\n<p>yyyyy<\/p>\n<p>&nbsp;<\/p>\n","protected":false},"excerpt":{"rendered":"<p>Tw\u00f3rcy ABZ\u00db przedstawiaj\u0105 The Pathless \u2013 przygod\u0119 \u0142uczniczki i or\u0142a przemierzaj\u0105cych wielki las. \u00a0\u00a0 \u0141ucznictwo i polowanie Wciel si\u0119 w \u0141owczyni\u0119, mistrzyni\u0119 \u0142ucznictwa przemierzaj\u0105c\u0105 tajemnicz\u0105 wysp\u0119 w celu zdj\u0119cia mrocznej kl\u0105twy, kt\u00f3ra po\u017cera \u015bwiat. Buduj relacje ze swoim or\u0142em i szybuj w przestworzach. Wykonuj sztuczki akrobatyczne oraz korzystaj z wyj\u0105tkowego i rozbudowanego systemu \u0142ucznictwa. Eksploracja [&hellip;]<\/p>\n","protected":false},"featured_media":1633,"comment_status":"closed","ping_status":"open","template":"","meta":[],"product_cat":[446,217],"product_tag":[582,684,804],"class_list":["post-1632","product","type-product","status-publish","has-post-thumbnail","hentry","product_cat-abzu","product_cat-gry-playstation-5","product_tag-nauka-pisania-literek-do-wydruku-pdf","product_tag-prezent-dla-dziewczynki-na-roczek","product_tag-ryz-z-owocami"],"_links":{"self":[{"href":"http:\/\/klubmamgdynia.pl\/index.php\/wp-json\/wp\/v2\/product\/1632","targetHints":{"allow":["GET"]}}],"collection":[{"href":"http:\/\/klubmamgdynia.pl\/index.php\/wp-json\/wp\/v2\/product"}],"about":[{"href":"http:\/\/klubmamgdynia.pl\/index.php\/wp-json\/wp\/v2\/types\/product"}],"replies":[{"embeddable":true,"href":"http:\/\/klubmamgdynia.pl\/index.php\/wp-json\/wp\/v2\/comments?post=1632"}],"wp:featuredmedia":[{"embeddable":true,"href":"http:\/\/klubmamgdynia.pl\/index.php\/wp-json\/wp\/v2\/media\/1633"}],"wp:attachment":[{"href":"http:\/\/klubmamgdynia.pl\/index.php\/wp-json\/wp\/v2\/media?parent=1632"}],"wp:term":[{"taxonomy":"product_cat","embeddable":true,"href":"http:\/\/klubmamgdynia.pl\/index.php\/wp-json\/wp\/v2\/product_cat?post=1632"},{"taxonomy":"product_tag","embeddable":true,"href":"http:\/\/klubmamgdynia.pl\/index.php\/wp-json\/wp\/v2\/product_tag?post=1632"}],"curies":[{"name":"wp","href":"https:\/\/api.w.org\/{rel}","templated":true}]}}