{"id":1634,"date":"2019-04-18T23:18:40","date_gmt":"2019-04-18T21:18:40","guid":{"rendered":"http:\/\/klubmamgdynia.pl\/index.php\/produkt\/omerta-city-of-gangsters-digital\/"},"modified":"2026-04-29T23:07:16","modified_gmt":"2026-04-29T21:07:16","slug":"omerta-city-of-gangsters-digital","status":"publish","type":"product","link":"http:\/\/klubmamgdynia.pl\/index.php\/produkt\/omerta-city-of-gangsters-digital\/","title":{"rendered":"Omerta City of Gangsters (Digital)"},"content":{"rendered":"<p>Omerta: City of Gangsters to gra strategiczna osadzona w mafijnych klimatach autorstwa studia Haemimont Games, znanego mi\u0119dzy innymi z serii Tropico.Akcja Omerta: City of Gangsters toczy si\u0119 na pocz\u0105tku lat dwudziestych XX wieku. Zabawa polega na zarz\u0105dzaniu przest\u0119pczym imperium poprzez rozbudow\u0119 posiad\u0142o\u015bci oraz walk\u0119 z innymi organizacjami. Nadrz\u0119dnym celem gracza jest przej\u0119cie ca\u0142kowitej kontroli nad miastem Atlantic City.Rozgrywka w Omerta: City of Gangsters przedstawiona jest z kamery umieszczonej nad kierowanymi postaciami i prowadzona w czasie rzeczywistym, gdzie zajmujemy si\u0119 aspektem ekonomicznym naszej mafii, oraz turowym (walka). Zadania polegaj\u0105 na przejmowaniu siedzib grup przest\u0119pczych, napadaniu na banki czy nawet odbijaniu swoich ludzi z r\u0105k policji.Omerta: City of Gangsters umo\u017cliwia jednoczesne kierowanie kilkunastoma jednostkami. Poszczeg\u00f3lni cz\u0142onkowie naszej dru\u017cyny posiadaj\u0105 szereg unikatowych zdolno\u015bci przydatnych w trakcie star\u0107 z wrogami. Mog\u0105 nie tylko walczy\u0107 bezpo\u015brednio, ale tak\u017ce skrada\u0107 si\u0119 i chowa\u0107 za os\u0142onami.<\/p>\n<h2>Omerta City of Gangsters (Digital) Kalypso Media<\/h2>\n<p>nauka literek do druku, warszawa z dzieckiem, miriam imie, zagadki dla m\u0142odzie\u017cy, bombki do kolorowania, zabawka na roczek dla dziewczynki, zagadki o zimie, laura, chase psi patrol kolorowanka, bombki do kolorowania<\/p>\n<p>yyyyy<\/p>\n<p>&nbsp;<\/p>\n","protected":false},"excerpt":{"rendered":"<p>Omerta: City of Gangsters to gra strategiczna osadzona w mafijnych klimatach autorstwa studia Haemimont Games, znanego mi\u0119dzy innymi z serii Tropico.Akcja Omerta: City of Gangsters toczy si\u0119 na pocz\u0105tku lat dwudziestych XX wieku. Zabawa polega na zarz\u0105dzaniu przest\u0119pczym imperium poprzez rozbudow\u0119 posiad\u0142o\u015bci oraz walk\u0119 z innymi organizacjami. Nadrz\u0119dnym celem gracza jest przej\u0119cie ca\u0142kowitej kontroli nad [&hellip;]<\/p>\n","protected":false},"featured_media":1635,"comment_status":"closed","ping_status":"open","template":"","meta":[],"product_cat":[352,444],"product_tag":[718,773,822],"class_list":["post-1634","product","type-product","status-publish","has-post-thumbnail","hentry","product_cat-gry-do-pobrania-na-pc","product_cat-kalypso-media","product_tag-prezent-na-roczek-dla-chrzesniaka","product_tag-test-z-lektury-opowiesci-z-narnii-lew-czarownica-i-stara-szafa","product_tag-wierszyki-o-wakacjach-krotkie"],"_links":{"self":[{"href":"http:\/\/klubmamgdynia.pl\/index.php\/wp-json\/wp\/v2\/product\/1634","targetHints":{"allow":["GET"]}}],"collection":[{"href":"http:\/\/klubmamgdynia.pl\/index.php\/wp-json\/wp\/v2\/product"}],"about":[{"href":"http:\/\/klubmamgdynia.pl\/index.php\/wp-json\/wp\/v2\/types\/product"}],"replies":[{"embeddable":true,"href":"http:\/\/klubmamgdynia.pl\/index.php\/wp-json\/wp\/v2\/comments?post=1634"}],"wp:featuredmedia":[{"embeddable":true,"href":"http:\/\/klubmamgdynia.pl\/index.php\/wp-json\/wp\/v2\/media\/1635"}],"wp:attachment":[{"href":"http:\/\/klubmamgdynia.pl\/index.php\/wp-json\/wp\/v2\/media?parent=1634"}],"wp:term":[{"taxonomy":"product_cat","embeddable":true,"href":"http:\/\/klubmamgdynia.pl\/index.php\/wp-json\/wp\/v2\/product_cat?post=1634"},{"taxonomy":"product_tag","embeddable":true,"href":"http:\/\/klubmamgdynia.pl\/index.php\/wp-json\/wp\/v2\/product_tag?post=1634"}],"curies":[{"name":"wp","href":"https:\/\/api.w.org\/{rel}","templated":true}]}}