{"id":1636,"date":"2014-06-21T15:26:25","date_gmt":"2014-06-21T13:26:25","guid":{"rendered":"http:\/\/klubmamgdynia.pl\/index.php\/produkt\/edgard-cos-na-impreze-zgadnij-co-mysla-inni\/"},"modified":"2026-05-17T22:29:08","modified_gmt":"2026-05-17T20:29:08","slug":"edgard-cos-na-impreze-zgadnij-co-mysla-inni","status":"publish","type":"product","link":"http:\/\/klubmamgdynia.pl\/index.php\/produkt\/edgard-cos-na-impreze-zgadnij-co-mysla-inni\/","title":{"rendered":"Edgard Co\u015b na imprez\u0119! Zgadnij, co my\u015bl\u0105 inni!"},"content":{"rendered":"<h2>Edgard Co\u015b na imprez\u0119! Zgadnij, co my\u015bl\u0105 inni! Edgard<\/h2>\n<p>znaki drogowe test, test opowie\u015bci z narnii lew czarownica i stara szafa do druku, imie pola, test z dynastii mizio\u0142k\u00f3w, julian znaczenie, zagadki halloween dla dzieci, cytat o dziecku, \u0142atwe zagadki, kolorowanki kotki do druku, niech \u017cyj\u0105 wakacje tekst, jagna, zabawka dla rocznej dziewczynki, halloween 2021 dla dzieci, wakacje kolorowanka, koreczki dla dzieci na urodziny, zagadki \u015bmieszne dla dzieci, pikachu kolorowanka<\/p>\n<p>yyyyy<\/p>\n<p>&nbsp;<\/p>\n","protected":false},"excerpt":{"rendered":"<p>Edgard Co\u015b na imprez\u0119! Zgadnij, co my\u015bl\u0105 inni! Edgard znaki drogowe test, test opowie\u015bci z narnii lew czarownica i stara szafa do druku, imie pola, test z dynastii mizio\u0142k\u00f3w, julian znaczenie, zagadki halloween dla dzieci, cytat o dziecku, \u0142atwe zagadki, kolorowanki kotki do druku, niech \u017cyj\u0105 wakacje tekst, jagna, zabawka dla rocznej dziewczynki, halloween 2021 [&hellip;]<\/p>\n","protected":false},"featured_media":1637,"comment_status":"closed","ping_status":"open","template":"","meta":[],"product_cat":[447,220],"product_tag":[777,784,720],"class_list":["post-1636","product","type-product","status-publish","has-post-thumbnail","hentry","product_cat-edgard","product_cat-gry-karciane","product_tag-co-na-roczek","product_tag-hymn-gorniczy","product_tag-malowanki"],"_links":{"self":[{"href":"http:\/\/klubmamgdynia.pl\/index.php\/wp-json\/wp\/v2\/product\/1636","targetHints":{"allow":["GET"]}}],"collection":[{"href":"http:\/\/klubmamgdynia.pl\/index.php\/wp-json\/wp\/v2\/product"}],"about":[{"href":"http:\/\/klubmamgdynia.pl\/index.php\/wp-json\/wp\/v2\/types\/product"}],"replies":[{"embeddable":true,"href":"http:\/\/klubmamgdynia.pl\/index.php\/wp-json\/wp\/v2\/comments?post=1636"}],"wp:featuredmedia":[{"embeddable":true,"href":"http:\/\/klubmamgdynia.pl\/index.php\/wp-json\/wp\/v2\/media\/1637"}],"wp:attachment":[{"href":"http:\/\/klubmamgdynia.pl\/index.php\/wp-json\/wp\/v2\/media?parent=1636"}],"wp:term":[{"taxonomy":"product_cat","embeddable":true,"href":"http:\/\/klubmamgdynia.pl\/index.php\/wp-json\/wp\/v2\/product_cat?post=1636"},{"taxonomy":"product_tag","embeddable":true,"href":"http:\/\/klubmamgdynia.pl\/index.php\/wp-json\/wp\/v2\/product_tag?post=1636"}],"curies":[{"name":"wp","href":"https:\/\/api.w.org\/{rel}","templated":true}]}}