{"id":1644,"date":"2021-01-21T03:35:50","date_gmt":"2021-01-21T02:35:50","guid":{"rendered":"http:\/\/klubmamgdynia.pl\/index.php\/produkt\/galakta-gra-o-tron-spokoj-w-westeros\/"},"modified":"2026-05-17T22:20:14","modified_gmt":"2026-05-17T20:20:14","slug":"galakta-gra-o-tron-spokoj-w-westeros","status":"publish","type":"product","link":"http:\/\/klubmamgdynia.pl\/index.php\/produkt\/galakta-gra-o-tron-spokoj-w-westeros\/","title":{"rendered":"Galakta Gra o Tron: Spok\u00f3j w Westeros"},"content":{"rendered":"<p>\u201eBogowie wiedz\u0105, \u017ce jestem niewinny. Wol\u0119 zda\u0107 si\u0119 na ich os\u0105d, dlatego domagam si\u0119 s\u0105du poprzez walk\u0119.\u201d\u2013Tyrion LannisterSpok\u00f3j w Westeros to zestaw fabularny zawieraj\u0105cy 60 nowych kart (po 3 kopie 20 r\u00f3\u017cnych kart) do Gry o Tron: Gry karcianej, opartej na bestsellerowej sadze George\u2019a R.R. Martina Pie\u015b\u0144 Lodu i Ognia. Karty te zosta\u0142y zaprojektowane, aby rozbudowa\u0107 istniej\u0105ce talie i urozmaici\u0107 rozgrywk\u0119 w Gr\u0119 o Tron.Zawiera karty 81-100 z cyklu Westeros.<\/p>\n<h2>Galakta Gra o Tron: Spok\u00f3j w Westeros Galakta<\/h2>\n<p>misie z bajek, miasto dzieci pl, cytaty o wychowaniu i nauczaniu, kajko i kokosz szko\u0142a latania test z odpowiedziami, kolorowanki do druku pieski, koty kolorowanki do druku, co kupi\u0107 dziewczynce na roczek, zagadki dla m\u0142odzie\u017cy, logiczne zagadki, quiz flagi \u015bwiata, zaproszenie na urodziny do druku<\/p>\n<p>yyyyy<\/p>\n<p>&nbsp;<\/p>\n","protected":false},"excerpt":{"rendered":"<p>\u201eBogowie wiedz\u0105, \u017ce jestem niewinny. Wol\u0119 zda\u0107 si\u0119 na ich os\u0105d, dlatego domagam si\u0119 s\u0105du poprzez walk\u0119.\u201d\u2013Tyrion LannisterSpok\u00f3j w Westeros to zestaw fabularny zawieraj\u0105cy 60 nowych kart (po 3 kopie 20 r\u00f3\u017cnych kart) do Gry o Tron: Gry karcianej, opartej na bestsellerowej sadze George\u2019a R.R. Martina Pie\u015b\u0144 Lodu i Ognia. Karty te zosta\u0142y zaprojektowane, aby [&hellip;]<\/p>\n","protected":false},"featured_media":1645,"comment_status":"closed","ping_status":"open","template":"","meta":[],"product_cat":[414,220],"product_tag":[829,662,828,656,743],"class_list":["post-1644","product","type-product","status-publish","has-post-thumbnail","hentry","product_cat-galakta","product_cat-gry-karciane","product_tag-bajki-do-czytania-na-dobranoc","product_tag-bajki-na-dobranoc","product_tag-filmy-wigilijne-dla-dzieci","product_tag-kolorowanki-lol","product_tag-quiz-dla-dzieci"],"_links":{"self":[{"href":"http:\/\/klubmamgdynia.pl\/index.php\/wp-json\/wp\/v2\/product\/1644","targetHints":{"allow":["GET"]}}],"collection":[{"href":"http:\/\/klubmamgdynia.pl\/index.php\/wp-json\/wp\/v2\/product"}],"about":[{"href":"http:\/\/klubmamgdynia.pl\/index.php\/wp-json\/wp\/v2\/types\/product"}],"replies":[{"embeddable":true,"href":"http:\/\/klubmamgdynia.pl\/index.php\/wp-json\/wp\/v2\/comments?post=1644"}],"wp:featuredmedia":[{"embeddable":true,"href":"http:\/\/klubmamgdynia.pl\/index.php\/wp-json\/wp\/v2\/media\/1645"}],"wp:attachment":[{"href":"http:\/\/klubmamgdynia.pl\/index.php\/wp-json\/wp\/v2\/media?parent=1644"}],"wp:term":[{"taxonomy":"product_cat","embeddable":true,"href":"http:\/\/klubmamgdynia.pl\/index.php\/wp-json\/wp\/v2\/product_cat?post=1644"},{"taxonomy":"product_tag","embeddable":true,"href":"http:\/\/klubmamgdynia.pl\/index.php\/wp-json\/wp\/v2\/product_tag?post=1644"}],"curies":[{"name":"wp","href":"https:\/\/api.w.org\/{rel}","templated":true}]}}