{"id":1646,"date":"2023-12-28T08:27:57","date_gmt":"2023-12-28T07:27:57","guid":{"rendered":"http:\/\/klubmamgdynia.pl\/?post_type=product&#038;p=1646"},"modified":"2026-05-17T23:16:14","modified_gmt":"2026-05-17T21:16:14","slug":"educa-vildkatten-animals","status":"publish","type":"product","link":"http:\/\/klubmamgdynia.pl\/index.php\/produkt\/educa-vildkatten-animals\/","title":{"rendered":"Educa Vildkatten Animals"},"content":{"rendered":"<p>Wildcat is a simple and popular game where the aim is to find the right picture on the table. In this version, all the different animals have to be found.<\/p>\n<h2>Educa Vildkatten Animals Educa<\/h2>\n<p>kotki dwa tekst, atrakcje we wroc\u0142awiu dla dzieci, zagadki logiczne dla dzieci 10 lat do druku, tekst kolysanek, kolorowanki do druku zwierz\u0119ta, kartka walentynkowa r\u0119cznie robiona \u0142atwa, magiczne drzewo czerwone krzes\u0142o test, tabliczka mno\u017cenia karty pracy do druku, prezent dla dziecka na roczek, pokemon kolorowanki do druku, izabella imi\u0119, quizy \u015bwi\u0105teczne bo\u017ce narodzenie, po \u0142\u0105ce biega lato tekst, my jeste\u015bmy krasnoludki tekst<\/p>\n<p>yyyyy<\/p>\n<p>&nbsp;<\/p>\n","protected":false},"excerpt":{"rendered":"<p>Wildcat is a simple and popular game where the aim is to find the right picture on the table. In this version, all the different animals have to be found. Educa Vildkatten Animals Educa kotki dwa tekst, atrakcje we wroc\u0142awiu dla dzieci, zagadki logiczne dla dzieci 10 lat do druku, tekst kolysanek, kolorowanki do druku [&hellip;]<\/p>\n","protected":false},"featured_media":1647,"comment_status":"closed","ping_status":"open","template":"","meta":[],"product_cat":[449,130],"product_tag":[817,671,876,579],"class_list":["post-1646","product","type-product","status-publish","has-post-thumbnail","hentry","product_cat-educa","product_cat-gry-dzieciece","product_tag-bajka-terapeutyczna-o-emocjach","product_tag-cicha-noc-po-angielsku-tekst","product_tag-przyjazn","product_tag-quiz-opowiesci-z-narnii-lew-czarownica-i-stara-szafa"],"_links":{"self":[{"href":"http:\/\/klubmamgdynia.pl\/index.php\/wp-json\/wp\/v2\/product\/1646","targetHints":{"allow":["GET"]}}],"collection":[{"href":"http:\/\/klubmamgdynia.pl\/index.php\/wp-json\/wp\/v2\/product"}],"about":[{"href":"http:\/\/klubmamgdynia.pl\/index.php\/wp-json\/wp\/v2\/types\/product"}],"replies":[{"embeddable":true,"href":"http:\/\/klubmamgdynia.pl\/index.php\/wp-json\/wp\/v2\/comments?post=1646"}],"wp:featuredmedia":[{"embeddable":true,"href":"http:\/\/klubmamgdynia.pl\/index.php\/wp-json\/wp\/v2\/media\/1647"}],"wp:attachment":[{"href":"http:\/\/klubmamgdynia.pl\/index.php\/wp-json\/wp\/v2\/media?parent=1646"}],"wp:term":[{"taxonomy":"product_cat","embeddable":true,"href":"http:\/\/klubmamgdynia.pl\/index.php\/wp-json\/wp\/v2\/product_cat?post=1646"},{"taxonomy":"product_tag","embeddable":true,"href":"http:\/\/klubmamgdynia.pl\/index.php\/wp-json\/wp\/v2\/product_tag?post=1646"}],"curies":[{"name":"wp","href":"https:\/\/api.w.org\/{rel}","templated":true}]}}