{"id":1648,"date":"2025-03-15T09:25:13","date_gmt":"2025-03-15T08:25:13","guid":{"rendered":"http:\/\/klubmamgdynia.pl\/?post_type=product&#038;p=1648"},"modified":"2026-04-04T01:52:58","modified_gmt":"2026-04-03T23:52:58","slug":"technok-kuchenka-gazowa-galinka-3-z-czajnikiem-i-filizankami-1585-zabawka","status":"publish","type":"product","link":"http:\/\/klubmamgdynia.pl\/index.php\/produkt\/technok-kuchenka-gazowa-galinka-3-z-czajnikiem-i-filizankami-1585-zabawka\/","title":{"rendered":"Technok Kuchenka Gazowa Galinka 3 Z Czajnikiem I Fili\u017cankami 1585 &#8211; Zabawka"},"content":{"rendered":"<p>Zabawkowa kuchenka gazowa z akcesoriami. Dodatkowe akcesoria to: czajniczek z pokrywk\u0105, komplet talerzyk\u00f3w, fili\u017canek i \u0142y\u017cek. Kuchenka posiada elementy odwzorowuj\u0105ce ga\u017anik. Zosta\u0142a wyposa\u017cona w pokr\u0119t\u0142a, kt\u00f3re mo\u017cemy ustawia\u0107 w r\u00f3\u017cny spos\u00f3b. Naklejka odwzorowuj\u0105ca zegar i inne elementy znajduj\u0105ce si\u0119 na zabawce zwi\u0119kszaj\u0105 jej realizm.Wymiary opakowania: 22x15x9cmWiek: 3+&#8230;<\/p>\n<h2>Technok Kuchenka Gazowa Galinka 3 Z Czajnikiem I Fili\u017cankami 1585 &#8211; Zabawka Technok<\/h2>\n<p>stare wiersze dla dzieci, zagadki dla dzieci 9 10 lat z odpowiedziami, wierszyki na \u015bmigus dyngus, wielkanocne zagadki dla dzieci, zagadki dla ma\u0142ych dzieci, kiedy dzieci zbieraja cukierki na halloween, cytaty na dzie\u0144 nauczyciela, plecak torba i walizka, pomys\u0142 na prezent dla nastolatka, narodziny dziecka cytaty, kolorowanki jesie\u0144 do druku, sentencje o dzieciach, samochwa\u0142a, bajki dla dzieci do czytania na dobranoc, test na patologi\u0119 z kubusia puchatka, quizy ma\u0142y ksi\u0105\u017c\u0119, zagadki dla dzieci 7 lat o zwierz\u0119tach<\/p>\n<p>yyyyy<\/p>\n<p>&nbsp;<\/p>\n","protected":false},"excerpt":{"rendered":"<p>Zabawkowa kuchenka gazowa z akcesoriami. Dodatkowe akcesoria to: czajniczek z pokrywk\u0105, komplet talerzyk\u00f3w, fili\u017canek i \u0142y\u017cek. Kuchenka posiada elementy odwzorowuj\u0105ce ga\u017anik. Zosta\u0142a wyposa\u017cona w pokr\u0119t\u0142a, kt\u00f3re mo\u017cemy ustawia\u0107 w r\u00f3\u017cny spos\u00f3b. Naklejka odwzorowuj\u0105ca zegar i inne elementy znajduj\u0105ce si\u0119 na zabawce zwi\u0119kszaj\u0105 jej realizm.Wymiary opakowania: 22x15x9cmWiek: 3+&#8230; Technok Kuchenka Gazowa Galinka 3 Z Czajnikiem I [&hellip;]<\/p>\n","protected":false},"featured_media":1649,"comment_status":"closed","ping_status":"open","template":"","meta":[],"product_cat":[53,284],"product_tag":[685,758,787,631,868],"class_list":["post-1648","product","type-product","status-publish","has-post-thumbnail","hentry","product_cat-kaciki-zabaw","product_cat-technok","product_tag-cytaty-o-rodzinie","product_tag-julian","product_tag-nauka-pisania-wyrazow-dla-dzieci-do-druku-pdf","product_tag-prezent-na-roczek","product_tag-quizy-dla-dzieci"],"_links":{"self":[{"href":"http:\/\/klubmamgdynia.pl\/index.php\/wp-json\/wp\/v2\/product\/1648","targetHints":{"allow":["GET"]}}],"collection":[{"href":"http:\/\/klubmamgdynia.pl\/index.php\/wp-json\/wp\/v2\/product"}],"about":[{"href":"http:\/\/klubmamgdynia.pl\/index.php\/wp-json\/wp\/v2\/types\/product"}],"replies":[{"embeddable":true,"href":"http:\/\/klubmamgdynia.pl\/index.php\/wp-json\/wp\/v2\/comments?post=1648"}],"wp:featuredmedia":[{"embeddable":true,"href":"http:\/\/klubmamgdynia.pl\/index.php\/wp-json\/wp\/v2\/media\/1649"}],"wp:attachment":[{"href":"http:\/\/klubmamgdynia.pl\/index.php\/wp-json\/wp\/v2\/media?parent=1648"}],"wp:term":[{"taxonomy":"product_cat","embeddable":true,"href":"http:\/\/klubmamgdynia.pl\/index.php\/wp-json\/wp\/v2\/product_cat?post=1648"},{"taxonomy":"product_tag","embeddable":true,"href":"http:\/\/klubmamgdynia.pl\/index.php\/wp-json\/wp\/v2\/product_tag?post=1648"}],"curies":[{"name":"wp","href":"https:\/\/api.w.org\/{rel}","templated":true}]}}