{"id":1658,"date":"2020-02-10T20:10:25","date_gmt":"2020-02-10T19:10:25","guid":{"rendered":"http:\/\/klubmamgdynia.pl\/index.php\/produkt\/abino-bitwa-na-morzu-272342\/"},"modified":"2026-05-17T22:20:22","modified_gmt":"2026-05-17T20:20:22","slug":"abino-bitwa-na-morzu-272342","status":"publish","type":"product","link":"http:\/\/klubmamgdynia.pl\/index.php\/produkt\/abino-bitwa-na-morzu-272342\/","title":{"rendered":"ABINO Bitwa na morzu 272342"},"content":{"rendered":"<p>Bitwa na morzuTradycyjna i lubiana gra w zatapianie okr\u0119t\u00f3w.Pude\u0142ko zawiera oddzielne dla ka\u017cdego gracza plansze wraz z okr\u0119tami.EAN:  5907438272342Kod dostawcy:  405364Nr katalogowy:  405364Marka:  BrakRodzaj:  Strategiczne i ekonomiczneLiczba graczy:  2Czas gry:  20 minWersja j\u0119zykowa:  PolskaWymagania wiekowe:  od 5 latP\u0142e\u0107:  Dziewczynki i ch\u0142opcyAkcesoria w zestawie:  &#8211; 2 plastikowe plansze- Plastikowe okr\u0119tyPozosta\u0142e parametry:  Wymiary opakowania: 17 x 30 x 3,5 cm<\/p>\n<h2>ABINO Bitwa na morzu 272342 Abino<\/h2>\n<p>zagadki matematyczne, warszawa z dzieckiem, film animowany o \u015bwi\u0119tach, quizy \u015bwi\u0105teczne bo\u017ce narodzenie, praktyczny prezent dla rocznego dziecka, pieski pies kolorowanka, wzruszaj\u0105ce s\u0142owa dla przyjaci\u00f3\u0142ki, zagadki dla starszych dzieci, bajki dla dzieci na dobranoc, kolorowanki dla ch\u0142opc\u00f3w do druku, cytat o dziecku, sara, zygzak mcqueen kolorowanka, maska do druku, wiersz o marzannie<\/p>\n<p>yyyyy<\/p>\n<p>&nbsp;<\/p>\n","protected":false},"excerpt":{"rendered":"<p>Bitwa na morzuTradycyjna i lubiana gra w zatapianie okr\u0119t\u00f3w.Pude\u0142ko zawiera oddzielne dla ka\u017cdego gracza plansze wraz z okr\u0119tami.EAN: 5907438272342Kod dostawcy: 405364Nr katalogowy: 405364Marka: BrakRodzaj: Strategiczne i ekonomiczneLiczba graczy: 2Czas gry: 20 minWersja j\u0119zykowa: PolskaWymagania wiekowe: od 5 latP\u0142e\u0107: Dziewczynki i ch\u0142opcyAkcesoria w zestawie: &#8211; 2 plastikowe plansze- Plastikowe okr\u0119tyPozosta\u0142e parametry: Wymiary opakowania: 17 x 30 [&hellip;]<\/p>\n","protected":false},"featured_media":1659,"comment_status":"closed","ping_status":"open","template":"","meta":[],"product_cat":[452,220],"product_tag":[787,631,628],"class_list":["post-1658","product","type-product","status-publish","has-post-thumbnail","hentry","product_cat-abino","product_cat-gry-karciane","product_tag-nauka-pisania-wyrazow-dla-dzieci-do-druku-pdf","product_tag-prezent-na-roczek","product_tag-zagadka"],"_links":{"self":[{"href":"http:\/\/klubmamgdynia.pl\/index.php\/wp-json\/wp\/v2\/product\/1658","targetHints":{"allow":["GET"]}}],"collection":[{"href":"http:\/\/klubmamgdynia.pl\/index.php\/wp-json\/wp\/v2\/product"}],"about":[{"href":"http:\/\/klubmamgdynia.pl\/index.php\/wp-json\/wp\/v2\/types\/product"}],"replies":[{"embeddable":true,"href":"http:\/\/klubmamgdynia.pl\/index.php\/wp-json\/wp\/v2\/comments?post=1658"}],"wp:featuredmedia":[{"embeddable":true,"href":"http:\/\/klubmamgdynia.pl\/index.php\/wp-json\/wp\/v2\/media\/1659"}],"wp:attachment":[{"href":"http:\/\/klubmamgdynia.pl\/index.php\/wp-json\/wp\/v2\/media?parent=1658"}],"wp:term":[{"taxonomy":"product_cat","embeddable":true,"href":"http:\/\/klubmamgdynia.pl\/index.php\/wp-json\/wp\/v2\/product_cat?post=1658"},{"taxonomy":"product_tag","embeddable":true,"href":"http:\/\/klubmamgdynia.pl\/index.php\/wp-json\/wp\/v2\/product_tag?post=1658"}],"curies":[{"name":"wp","href":"https:\/\/api.w.org\/{rel}","templated":true}]}}