{"id":166,"date":"2015-02-05T06:25:28","date_gmt":"2015-02-05T05:25:28","guid":{"rendered":"http:\/\/klubmamgdynia.pl\/index.php\/produkt\/mercedes-pojazd-mercedes-benz-zetros-bialy\/"},"modified":"2026-04-04T02:54:46","modified_gmt":"2026-04-04T00:54:46","slug":"mercedes-pojazd-mercedes-benz-zetros-bialy","status":"publish","type":"product","link":"http:\/\/klubmamgdynia.pl\/index.php\/produkt\/mercedes-pojazd-mercedes-benz-zetros-bialy\/","title":{"rendered":"Mercedes Pojazd Mercedes-Benz Zetros Bia\u0142y"},"content":{"rendered":"<p>SpecyfikacjaMercedes-Benz ZETROS Bia\u0142ySilnik2 x 60W \/ 12V,12000 RPM,Akumulator12V\/10Ah,Pilot 2.4 GHz,Przycisk bezpiecze\u0144stwa Stop, 3 Szybko\u015bciKo\u0142aPiankowe ko\u0142a EVA,\u015arednica 34 cm,Szeroko\u015b\u0107 12 cm,\u0141o\u017cyskowane,AmortyzatoryWzmocnione amortyzatory z ty\u0142u,BiegiWolny Start, 2 biegi Quick\/Slow,Prz\u00f3d\/Ty\u0142\u015awiat\u0142a LED, \u015awiat\u0142a przednie,W\u0142\u0105cznik \u015bwiate\u0142,Wyposa\u017ceniePanel AudioMP3, Radio FM,Wej\u015bcie na karty SD,Wej\u015bcie AUX, Wej\u015bcie USB,Wgrane melodyjki,Przyciski d\u017awi\u0119kowe w Kierownicy,Wska\u017anik Na\u0142adowaniaTak,StartPod\u015bwietlany W\u0142\u0105cznik z Odg\u0142osami Silnika,Otwierane DrzwiTak, Blokada,SiedzenieCzarna ekosk\u00f3ra,2 osobne siedzenia, ka\u017cde 28 x 20 x 30 cm,3 punktowe pasy bezpiecze\u0144stwa,Baga\u017cnikschowek z ty\u0142u pojazdu,Uchwyt transportowyMetalowa r\u0105czka z ty\u0142u,WymiaryRozmiar PojazduD\u0142ugo\u015b\u0107 137 cm,Szeroko\u015b\u0107 79 cm,Wysoko\u015b\u0107 81 cm,Waga Pojazdu32,9 Kg,Rozmiar Kartonu138 x 77 x 44 cm,Waga Kartonu39,6 Kg,Maksymalne Obci\u0105\u017cenie58 Kg,Prze\u015bwit22 cm,Wyposa\u017cenie DodatkoweInstrukcja + Zestaw Monta\u017cowyUsb Pendrive z filmem instrukta\u017cowym,\u0141adowarka z diod\u0105 kontroluj\u0105c\u0105 poziom na\u0142adowania baterii,Pokrowiec Na Pojazd,Kabel Mini Jack,Pilot R\/C.<\/p>\n<h2>Mercedes Pojazd Mercedes-Benz Zetros Bia\u0142y Ramiz<\/h2>\n<p>kuba imie, olaf znaczenie imienia, zagadki dla dzieci 4-5 lat, \u0142\u00f3d\u017a atrakcje dla dzieci, quizy dla dzieci z bajek, psi patrol kolorowanki, zagadki dla dzieci 10 12 lat z odpowiedziami, zagadki na logike, prezenty dla nastolatk\u00f3w, chase kolorowanka, roczek prezent, quiz opowie\u015bci z narnii lew czarownica i stara szafa, kolorowanki zwierz\u0119ta, zagadki dla dzieci 7-8 lat, test z lektury ten obcy, flagi europy quiz, nela imi\u0119, wielkanocne zagadki dla dzieci, gad\u017cety dla nastolatk\u00f3w 2021, eksperymenty dla dzieci wulkan, zdrowe przepisy dla dzieci<\/p>\n<p>yyyyy<\/p>\n<p>&nbsp;<\/p>\n","protected":false},"excerpt":{"rendered":"<p>SpecyfikacjaMercedes-Benz ZETROS Bia\u0142ySilnik2 x 60W \/ 12V,12000 RPM,Akumulator12V\/10Ah,Pilot 2.4 GHz,Przycisk bezpiecze\u0144stwa Stop, 3 Szybko\u015bciKo\u0142aPiankowe ko\u0142a EVA,\u015arednica 34 cm,Szeroko\u015b\u0107 12 cm,\u0141o\u017cyskowane,AmortyzatoryWzmocnione amortyzatory z ty\u0142u,BiegiWolny Start, 2 biegi Quick\/Slow,Prz\u00f3d\/Ty\u0142\u015awiat\u0142a LED, \u015awiat\u0142a przednie,W\u0142\u0105cznik \u015bwiate\u0142,Wyposa\u017ceniePanel AudioMP3, Radio FM,Wej\u015bcie na karty SD,Wej\u015bcie AUX, Wej\u015bcie USB,Wgrane melodyjki,Przyciski d\u017awi\u0119kowe w Kierownicy,Wska\u017anik Na\u0142adowaniaTak,StartPod\u015bwietlany W\u0142\u0105cznik z Odg\u0142osami Silnika,Otwierane DrzwiTak, Blokada,SiedzenieCzarna ekosk\u00f3ra,2 osobne siedzenia, ka\u017cde [&hellip;]<\/p>\n","protected":false},"featured_media":167,"comment_status":"closed","ping_status":"open","template":"","meta":[],"product_cat":[36,24],"product_tag":[728,813,816,711,632,623],"class_list":["post-166","product","type-product","status-publish","has-post-thumbnail","hentry","product_cat-ramiz","product_cat-samochody-dla-dzieci","product_tag-bezwarunkowa-milosc-do-dziecka-cytaty","product_tag-krotkie-zagadki-matematyczne-z-odpowiedziami","product_tag-place-zabaw-warszawa","product_tag-prezenty-dla-nastolatkow","product_tag-warszawa-atrakcje-dla-mlodziezy","product_tag-zagadki-logiczne-smieszne"],"_links":{"self":[{"href":"http:\/\/klubmamgdynia.pl\/index.php\/wp-json\/wp\/v2\/product\/166","targetHints":{"allow":["GET"]}}],"collection":[{"href":"http:\/\/klubmamgdynia.pl\/index.php\/wp-json\/wp\/v2\/product"}],"about":[{"href":"http:\/\/klubmamgdynia.pl\/index.php\/wp-json\/wp\/v2\/types\/product"}],"replies":[{"embeddable":true,"href":"http:\/\/klubmamgdynia.pl\/index.php\/wp-json\/wp\/v2\/comments?post=166"}],"wp:featuredmedia":[{"embeddable":true,"href":"http:\/\/klubmamgdynia.pl\/index.php\/wp-json\/wp\/v2\/media\/167"}],"wp:attachment":[{"href":"http:\/\/klubmamgdynia.pl\/index.php\/wp-json\/wp\/v2\/media?parent=166"}],"wp:term":[{"taxonomy":"product_cat","embeddable":true,"href":"http:\/\/klubmamgdynia.pl\/index.php\/wp-json\/wp\/v2\/product_cat?post=166"},{"taxonomy":"product_tag","embeddable":true,"href":"http:\/\/klubmamgdynia.pl\/index.php\/wp-json\/wp\/v2\/product_tag?post=166"}],"curies":[{"name":"wp","href":"https:\/\/api.w.org\/{rel}","templated":true}]}}