{"id":1661,"date":"2017-04-11T23:28:01","date_gmt":"2017-04-11T21:28:01","guid":{"rendered":"http:\/\/klubmamgdynia.pl\/index.php\/produkt\/adamigo-quiz-ortografia-na-wesolo-6168\/"},"modified":"2026-04-30T16:53:09","modified_gmt":"2026-04-30T14:53:09","slug":"adamigo-quiz-ortografia-na-wesolo-6168","status":"publish","type":"product","link":"http:\/\/klubmamgdynia.pl\/index.php\/produkt\/adamigo-quiz-ortografia-na-wesolo-6168\/","title":{"rendered":"Adamigo Quiz Ortografia Na Weso\u0142o 6168"},"content":{"rendered":"<p>Quiz zawiera w wierszykach, zagadkach i rebusach wiele trudnych wyraz\u00f3w z pu\u0142apkami ortograficznymi. Zachecamy do weso\u0142ej zabawy, podczas kt\u00f3rej gracze utrwalaj\u0105 pisownie wyraz\u00f3w z: \u017c, rz, ch, h, \u00f3, u. Celem gry jest nauka ortografii w konwencji szlachetnej rywalizacji, poprzez wzrokowe kodowanie trudnych wyraz\u00f3w. \u015amieszne i \u017cartobliwe wierszyki pozwol\u0105 na skuteczne utrwalenie poprawnej, nie\u0142atwej polskiej pisowni. Zawarto\u015b\u0107 pudelka: 24 tafelki z rebusami i wierszykami ortograficznymi o wymiarach 7,4&#215;7,4 cm, kostka i pionki, 54 dwustronne karty, instrukcja, plansza o wymiarach 24&#215;32 cm, 45 \u017ceton\u00f3w z literami i dwuznakami. Gra przeznaczona: dla 2 do 4 graczy w wieku od 6 lat.Wymiary:op. 27,8&#215;3,7&#215;18,4 cm<\/p>\n<h2>Adamigo Quiz Ortografia Na Weso\u0142o 6168 Adamigo<\/h2>\n<p>wycinanki dla dzieci do druku, sta\u0142a pod \u015bniegiem, jaki prezent na roczek dla dziewczynki, bezpieczne kosmetyki do makija\u017cu dla dzieci, zagadki logiczne dla dzieci, prezent dla nastolatk\u00f3w 2021, posz\u0142a ola na spacerek, zagadki trudne, oliwier, maski superbohater\u00f3w do wydrukowania, imi\u0119 leon, zgadywanki dla dzieci, prezent dla nastolatk\u00f3w ch\u0142opc\u00f3w, quiz o psie kt\u00f3ry je\u017adzi\u0142 kolej\u0105, test na patologi\u0119 z kubusia puchatka, pomys\u0142y na prezent na roczek, film rodzinny o \u015bwi\u0119tach, kolorowanki do druku dla dziewczynek<\/p>\n<p>yyyyy<\/p>\n<p>&nbsp;<\/p>\n","protected":false},"excerpt":{"rendered":"<p>Quiz zawiera w wierszykach, zagadkach i rebusach wiele trudnych wyraz\u00f3w z pu\u0142apkami ortograficznymi. Zachecamy do weso\u0142ej zabawy, podczas kt\u00f3rej gracze utrwalaj\u0105 pisownie wyraz\u00f3w z: \u017c, rz, ch, h, \u00f3, u. Celem gry jest nauka ortografii w konwencji szlachetnej rywalizacji, poprzez wzrokowe kodowanie trudnych wyraz\u00f3w. \u015amieszne i \u017cartobliwe wierszyki pozwol\u0105 na skuteczne utrwalenie poprawnej, nie\u0142atwej polskiej [&hellip;]<\/p>\n","protected":false},"featured_media":1662,"comment_status":"closed","ping_status":"open","template":"","meta":[],"product_cat":[234,130],"product_tag":[777,657,748,576],"class_list":["post-1661","product","type-product","status-publish","has-post-thumbnail","hentry","product_cat-adamigo","product_cat-gry-dzieciece","product_tag-co-na-roczek","product_tag-lol-kolorowanka","product_tag-okolice-wroclawia-atrakcje","product_tag-trudne-zagadki"],"_links":{"self":[{"href":"http:\/\/klubmamgdynia.pl\/index.php\/wp-json\/wp\/v2\/product\/1661","targetHints":{"allow":["GET"]}}],"collection":[{"href":"http:\/\/klubmamgdynia.pl\/index.php\/wp-json\/wp\/v2\/product"}],"about":[{"href":"http:\/\/klubmamgdynia.pl\/index.php\/wp-json\/wp\/v2\/types\/product"}],"replies":[{"embeddable":true,"href":"http:\/\/klubmamgdynia.pl\/index.php\/wp-json\/wp\/v2\/comments?post=1661"}],"wp:featuredmedia":[{"embeddable":true,"href":"http:\/\/klubmamgdynia.pl\/index.php\/wp-json\/wp\/v2\/media\/1662"}],"wp:attachment":[{"href":"http:\/\/klubmamgdynia.pl\/index.php\/wp-json\/wp\/v2\/media?parent=1661"}],"wp:term":[{"taxonomy":"product_cat","embeddable":true,"href":"http:\/\/klubmamgdynia.pl\/index.php\/wp-json\/wp\/v2\/product_cat?post=1661"},{"taxonomy":"product_tag","embeddable":true,"href":"http:\/\/klubmamgdynia.pl\/index.php\/wp-json\/wp\/v2\/product_tag?post=1661"}],"curies":[{"name":"wp","href":"https:\/\/api.w.org\/{rel}","templated":true}]}}