{"id":1667,"date":"2021-05-12T12:20:37","date_gmt":"2021-05-12T10:20:37","guid":{"rendered":"http:\/\/klubmamgdynia.pl\/index.php\/produkt\/alexander-chinczyk-warcaby-mini\/"},"modified":"2026-05-17T23:15:44","modified_gmt":"2026-05-17T21:15:44","slug":"alexander-chinczyk-warcaby-mini","status":"publish","type":"product","link":"http:\/\/klubmamgdynia.pl\/index.php\/produkt\/alexander-chinczyk-warcaby-mini\/","title":{"rendered":"Alexander Chi\u0144czyk Warcaby mini"},"content":{"rendered":"<p>Chi\u0144czyk &#8211; Warcaby mini Wydanie kieszonkowe dw\u00f3ch klasycznych plansz\u00f3wek w kolorowej, przyjaznej dzieciom oprawie graficznej. Chi\u0144czyk to jedna z obowi\u0105zkowych pozycji dla ka\u017cdego dziecka. Kto pozbija<\/p>\n<h2>Alexander Chi\u0144czyk Warcaby mini Alexander<\/h2>\n<p>quiz o minecraft, zagadki na inteligencj\u0119 z odpowiedziami, materac do basenu, impreza halloween 2021 dla dzieci, kotek kolorowanka, domki nad morzem z atrakcjami dla dzieci, linda, felix net i nika oraz gang niewidzialnych ludzi test z odpowiedziami, cytaty o dzieciach, pomys\u0142 na prezent dla nastolatki, prezent dla 14 latki, traktor z przyczep\u0105 kolorowanka do druku, szablony papierowe lalki do ubierania do wydruku, milosz imie, bursztynek, bajka o miko\u0142aju do czytania, szablon krokus kolorowanka, prezent na dzie\u0144 dziecka dla nastolatk\u00f3w<\/p>\n<p>yyyyy<\/p>\n<p>&nbsp;<\/p>\n","protected":false},"excerpt":{"rendered":"<p>Chi\u0144czyk &#8211; Warcaby mini Wydanie kieszonkowe dw\u00f3ch klasycznych plansz\u00f3wek w kolorowej, przyjaznej dzieciom oprawie graficznej. Chi\u0144czyk to jedna z obowi\u0105zkowych pozycji dla ka\u017cdego dziecka. Kto pozbija Alexander Chi\u0144czyk Warcaby mini Alexander quiz o minecraft, zagadki na inteligencj\u0119 z odpowiedziami, materac do basenu, impreza halloween 2021 dla dzieci, kotek kolorowanka, domki nad morzem z atrakcjami dla [&hellip;]<\/p>\n","protected":false},"featured_media":1668,"comment_status":"closed","ping_status":"open","template":"","meta":[],"product_cat":[246,130],"product_tag":[777,754,602,809,724],"class_list":["post-1667","product","type-product","status-publish","has-post-thumbnail","hentry","product_cat-alexander","product_cat-gry-dzieciece","product_tag-co-na-roczek","product_tag-dyplomy-do-wydrukowania-a4","product_tag-quiz-o-zwierzetach-domowych","product_tag-zagadki","product_tag-zagadki-podchwytliwe"],"_links":{"self":[{"href":"http:\/\/klubmamgdynia.pl\/index.php\/wp-json\/wp\/v2\/product\/1667","targetHints":{"allow":["GET"]}}],"collection":[{"href":"http:\/\/klubmamgdynia.pl\/index.php\/wp-json\/wp\/v2\/product"}],"about":[{"href":"http:\/\/klubmamgdynia.pl\/index.php\/wp-json\/wp\/v2\/types\/product"}],"replies":[{"embeddable":true,"href":"http:\/\/klubmamgdynia.pl\/index.php\/wp-json\/wp\/v2\/comments?post=1667"}],"wp:featuredmedia":[{"embeddable":true,"href":"http:\/\/klubmamgdynia.pl\/index.php\/wp-json\/wp\/v2\/media\/1668"}],"wp:attachment":[{"href":"http:\/\/klubmamgdynia.pl\/index.php\/wp-json\/wp\/v2\/media?parent=1667"}],"wp:term":[{"taxonomy":"product_cat","embeddable":true,"href":"http:\/\/klubmamgdynia.pl\/index.php\/wp-json\/wp\/v2\/product_cat?post=1667"},{"taxonomy":"product_tag","embeddable":true,"href":"http:\/\/klubmamgdynia.pl\/index.php\/wp-json\/wp\/v2\/product_tag?post=1667"}],"curies":[{"name":"wp","href":"https:\/\/api.w.org\/{rel}","templated":true}]}}