{"id":1670,"date":"2012-07-30T16:56:49","date_gmt":"2012-07-30T14:56:49","guid":{"rendered":"http:\/\/klubmamgdynia.pl\/index.php\/produkt\/transport-fever-gra-pc\/"},"modified":"2026-04-07T12:44:34","modified_gmt":"2026-04-07T10:44:34","slug":"transport-fever-gra-pc","status":"publish","type":"product","link":"http:\/\/klubmamgdynia.pl\/index.php\/produkt\/transport-fever-gra-pc\/","title":{"rendered":"Transport Fever (Gra PC)"},"content":{"rendered":"<p>Transport Fever to strategia ekonomiczna, w kt\u00f3rej nacisk po\u0142o\u017cony jest na zarz\u0105dzanie sieci\u0105 kolei. Gracz rozpoczyna rozgrywk\u0119 w roku 1850 i buduje pr\u0119\u017cnie rozwijaj\u0105c\u0105 si\u0119 firm\u0119 transportow\u0105. Jako transportowy potentat mo\u017cesz budowa\u0107 stacje, lotniska, porty i zarabia\u0107 pieni\u0105dze, tworz\u0105c po\u0142\u0105czenia mi\u0119dzy obszarami, kt\u00f3re potrzebuj\u0105 us\u0142ug transportowych.To druga produkcja szwajcarskiego studia Urban Games, znanego z gry Train Fever. Poprzedni projekt dewelopera koncentrowa\u0142 si\u0119 tylko budowaniu infrastruktury kolejowej i drogowej.W przypadku nowego tytu\u0142u postanowiono p\u00f3j\u015b\u0107 o krok dalej i zaj\u0105\u0107 si\u0119 kolejnymi \u015brodkami transportu \u2013 statkami i samolotami.Zbuduj z\u0142o\u017con\u0105, drogowo-kolejowo-wodno-powietrzn\u0105 sie\u0107 w nieko\u0144cz\u0105cej si\u0119 grze i poznaj ponad 150 lat historii transportu. Spe\u0142nij potrzeby ludzi i obserwuj dynamiczn\u0105 ewolucj\u0119 miast. Zorganizuj dostawy do przedsi\u0119biorstw, tworz\u0105c szlaki towarowe, i zapewnij ekonomiczny wzrost. Stw\u00f3rz transportowe imperium!Podejmuj wyzwania i daj si\u0119 wci\u0105gn\u0105\u0107 w niezwyk\u0142y tryb kampanii. Mo\u017cesz wzi\u0105\u0107 udzia\u0142 w dw\u00f3ch kampaniach, stopniowo zwi\u0119kszaj\u0105cych sw\u00f3j poziom trudno\u015bci.Misje w kampanii ameryka\u0144skiej i europejskiej wpisuj\u0105 si\u0119 w realia XIX i XX wieku, oferuj\u0105c szerok\u0105 gam\u0119 wyzwa\u0144 z prawdziwego \u015bwiata transportu.Cechy gry: Dwa tryby rozgrywki: niesko\u0144czon\u0105 gr\u0119 i tryb kampaniiPonad 120 poci\u0105g\u00f3w, samolot\u00f3w, statk\u00f3w, autobus\u00f3w, tramwaj\u00f3w i ci\u0119\u017car\u00f3wek odwzorowanych w najdrobniejszych szczeg\u00f3\u0142achIntuicyjny, a zarazem rozbudowany system budowy sieci tor\u00f3w i ulicStacje kolejowe i autobusowe, lotniska i porty \u2013 wszystko to z mo\u017cliwo\u015bci\u0105 ulepszeniaEuropejsk\u0105 i ameryka\u0144sk\u0105 kampani\u0119 wzbogacon\u0105 o misje historyczneGenerowany losowo i modyfikowalny teren o realistycznych rozmiarach\u015arodowisko gry w pe\u0142ni dostosowane do europejskich i ameryka\u0144skich reali\u00f3wSymulowany na bie\u017c\u0105co rozw\u00f3j miejskiej architektury i ruch pasa\u017cer\u00f3wDopracowany model ekonomii oraz symulacj\u0119 przewozu \u0142adunk\u00f3wPonad 150 lat historii transportu w jednej grzeRealistyczn\u0105 symulacj\u0119 ruchu pojazd\u00f3w, ich kolorystyki i starzenia si\u0119Bardzo realistyczn\u0105 grafik\u0119 i o\u015bwietleniePonad 25 wymagaj\u0105cych osi\u0105gni\u0119\u0107Warsztat Steam i kompleksowe wparcie dla mod\u00f3w<\/p>\n<h2>Transport Fever (Gra PC) CD Projekt<\/h2>\n<p>ninjago kolorowanki, zagadki \u0142amig\u0142\u00f3wki, mapa europy do druku, koty kolorowanka, koty kolorowanki do druku, ko\u0142ysanki teksty, test z lektury felix net i nika oraz gang niewidzialnych ludzi, wakacje kolorowanka, sonia imi\u0119, piosenka na dzie\u0144 nauczyciela przedszkole, \u0142amig\u0142\u00f3wki matematyczne, najpi\u0119kniejsze cytaty o przyja\u017ani, kolorowanka lody<\/p>\n<p>yyyyy<\/p>\n<p>&nbsp;<\/p>\n","protected":false},"excerpt":{"rendered":"<p>Transport Fever to strategia ekonomiczna, w kt\u00f3rej nacisk po\u0142o\u017cony jest na zarz\u0105dzanie sieci\u0105 kolei. Gracz rozpoczyna rozgrywk\u0119 w roku 1850 i buduje pr\u0119\u017cnie rozwijaj\u0105c\u0105 si\u0119 firm\u0119 transportow\u0105. Jako transportowy potentat mo\u017cesz budowa\u0107 stacje, lotniska, porty i zarabia\u0107 pieni\u0105dze, tworz\u0105c po\u0142\u0105czenia mi\u0119dzy obszarami, kt\u00f3re potrzebuj\u0105 us\u0142ug transportowych.To druga produkcja szwajcarskiego studia Urban Games, znanego z gry [&hellip;]<\/p>\n","protected":false},"featured_media":1672,"comment_status":"closed","ping_status":"open","template":"","meta":[],"product_cat":[202,222],"product_tag":[598,755,683,678,771],"class_list":["post-1670","product","type-product","status-publish","has-post-thumbnail","hentry","product_cat-cd-projekt","product_cat-gry-pc","product_tag-co-na-roczek-dla-dziewczynki","product_tag-henryk","product_tag-karaluchy-pod-poduchy","product_tag-prezent-na-roczek-dla-dziewczynki","product_tag-stolice-europy-quiz"],"_links":{"self":[{"href":"http:\/\/klubmamgdynia.pl\/index.php\/wp-json\/wp\/v2\/product\/1670","targetHints":{"allow":["GET"]}}],"collection":[{"href":"http:\/\/klubmamgdynia.pl\/index.php\/wp-json\/wp\/v2\/product"}],"about":[{"href":"http:\/\/klubmamgdynia.pl\/index.php\/wp-json\/wp\/v2\/types\/product"}],"replies":[{"embeddable":true,"href":"http:\/\/klubmamgdynia.pl\/index.php\/wp-json\/wp\/v2\/comments?post=1670"}],"wp:featuredmedia":[{"embeddable":true,"href":"http:\/\/klubmamgdynia.pl\/index.php\/wp-json\/wp\/v2\/media\/1672"}],"wp:attachment":[{"href":"http:\/\/klubmamgdynia.pl\/index.php\/wp-json\/wp\/v2\/media?parent=1670"}],"wp:term":[{"taxonomy":"product_cat","embeddable":true,"href":"http:\/\/klubmamgdynia.pl\/index.php\/wp-json\/wp\/v2\/product_cat?post=1670"},{"taxonomy":"product_tag","embeddable":true,"href":"http:\/\/klubmamgdynia.pl\/index.php\/wp-json\/wp\/v2\/product_tag?post=1670"}],"curies":[{"name":"wp","href":"https:\/\/api.w.org\/{rel}","templated":true}]}}