{"id":1674,"date":"2015-11-27T13:18:04","date_gmt":"2015-11-27T12:18:04","guid":{"rendered":"http:\/\/klubmamgdynia.pl\/index.php\/produkt\/krol-ozo-2\/"},"modified":"2026-04-03T11:47:38","modified_gmt":"2026-04-03T09:47:38","slug":"krol-ozo-2","status":"publish","type":"product","link":"http:\/\/klubmamgdynia.pl\/index.php\/produkt\/krol-ozo-2\/","title":{"rendered":"Kr\u00f3l Ozo"},"content":{"rendered":"<p>W tej rewelacyjnej grze imprezowej z du\u017cym&#8230; poczuciem humoru, ka\u017cdy gracz wciela si\u0119 w wojownika walcz\u0105cego o przyw\u00f3dztwo na archipelagu. Aktualnie panuj\u0105cym jest kr\u00f3l Ozo, kt\u00f3ry wymy\u015bli\u0142 zasady walki.Ozo m\u00f3wi: Ty nazwa\u0107 kolor, wszyscy zabra\u0107 sznurka, wygra kto wzi\u0105\u0107 w\u0142asciwy koral! Ozo t\u0142umaczy: My\u015blisz, \u017ce to proste? No, niezbyt&#8230; Sznurki by\u0107 pomieszane jak spaghetti, a ty musie\u0107 \u0142apn\u0105\u0107 przezroczystego korala. Je\u015bli ty \u0142apniesz w\u0142asciwego sznurka, ty wygra\u0107 tur\u0119 i zatrzyma\u0107 sznurka. Je\u015bli ty wygra\u0107 du\u017co sznurk\u00f3w w kolejnych turach, ty po\u0142aczy\u0107 je w \u0142a\u0144cucha sznurk\u00f3w! Po ostatniej turze wszyscy sprawdzi\u0107 kto ma d\u0142u\u017cszego&#8230; \u0142a\u0144cucha sznurk\u00f3w.A wi\u0119c za chwil\u0119 b\u0119dziecie walczy\u0107. Na koniec sprawdzimy, czy masz najd\u0142u\u017cszego&#8230;Zawarto\u015b\u0107 pude\u0142ka:- 14 sznurk\u00f3w, ka\u017cdy innej d\u0142ugo\u015bci,- mata do gry b\u0119d\u0105ca jednocze\u015bnie torb\u0105 do przechowywania komponent\u00f3w,- 28 korali,- instrukcja.Liczba graczy: 2 &#8211; 5Wiek: 6+Czas rozgrywki: oko\u0142o 15 minut<\/p>\n<h2>Kr\u00f3l Ozo Lacerta<\/h2>\n<p>szablony postacie do szopki do druku, korczak cytaty, zaproszenia na urodziny do wydruku, p\u0142atki \u015bniegu szablon, atrakcje wroc\u0142aw i okolice, sporty po francusku, zagadki dla dzieci 7 lat, linda, kolorowanka elsa, zabawki na roczek<\/p>\n<p>yyyyy<\/p>\n<p>&nbsp;<\/p>\n","protected":false},"excerpt":{"rendered":"<p>W tej rewelacyjnej grze imprezowej z du\u017cym&#8230; poczuciem humoru, ka\u017cdy gracz wciela si\u0119 w wojownika walcz\u0105cego o przyw\u00f3dztwo na archipelagu. Aktualnie panuj\u0105cym jest kr\u00f3l Ozo, kt\u00f3ry wymy\u015bli\u0142 zasady walki.Ozo m\u00f3wi: Ty nazwa\u0107 kolor, wszyscy zabra\u0107 sznurka, wygra kto wzi\u0105\u0107 w\u0142asciwy koral! Ozo t\u0142umaczy: My\u015blisz, \u017ce to proste? No, niezbyt&#8230; Sznurki by\u0107 pomieszane jak spaghetti, a [&hellip;]<\/p>\n","protected":false},"featured_media":1675,"comment_status":"closed","ping_status":"open","template":"","meta":[],"product_cat":[130,375],"product_tag":[613,684,785,746],"class_list":["post-1674","product","type-product","status-publish","has-post-thumbnail","hentry","product_cat-gry-dzieciece","product_cat-lacerta","product_tag-na-wyspach-bergamutach","product_tag-prezent-dla-dziewczynki-na-roczek","product_tag-prezent-dla-nastolatkow","product_tag-zagadki-typu-co-to-jest"],"_links":{"self":[{"href":"http:\/\/klubmamgdynia.pl\/index.php\/wp-json\/wp\/v2\/product\/1674","targetHints":{"allow":["GET"]}}],"collection":[{"href":"http:\/\/klubmamgdynia.pl\/index.php\/wp-json\/wp\/v2\/product"}],"about":[{"href":"http:\/\/klubmamgdynia.pl\/index.php\/wp-json\/wp\/v2\/types\/product"}],"replies":[{"embeddable":true,"href":"http:\/\/klubmamgdynia.pl\/index.php\/wp-json\/wp\/v2\/comments?post=1674"}],"wp:featuredmedia":[{"embeddable":true,"href":"http:\/\/klubmamgdynia.pl\/index.php\/wp-json\/wp\/v2\/media\/1675"}],"wp:attachment":[{"href":"http:\/\/klubmamgdynia.pl\/index.php\/wp-json\/wp\/v2\/media?parent=1674"}],"wp:term":[{"taxonomy":"product_cat","embeddable":true,"href":"http:\/\/klubmamgdynia.pl\/index.php\/wp-json\/wp\/v2\/product_cat?post=1674"},{"taxonomy":"product_tag","embeddable":true,"href":"http:\/\/klubmamgdynia.pl\/index.php\/wp-json\/wp\/v2\/product_tag?post=1674"}],"curies":[{"name":"wp","href":"https:\/\/api.w.org\/{rel}","templated":true}]}}