{"id":1677,"date":"2013-12-21T01:08:20","date_gmt":"2013-12-21T00:08:20","guid":{"rendered":"http:\/\/klubmamgdynia.pl\/index.php\/produkt\/rowerek-biegowy-xtrike-mini-bialy\/"},"modified":"2026-04-05T18:11:20","modified_gmt":"2026-04-05T16:11:20","slug":"rowerek-biegowy-xtrike-mini-bialy","status":"publish","type":"product","link":"http:\/\/klubmamgdynia.pl\/index.php\/produkt\/rowerek-biegowy-xtrike-mini-bialy\/","title":{"rendered":"Rowerek biegowy Xtrike Mini (bia\u0142y)"},"content":{"rendered":"<p>Rowerek biegowy Xtrike MiniRowerek biegowy Xtrike Mini KOLOR:  BIA\u0141Y  Stan: Nowy  Kod producenta: 31249, Xtrike Mini  Marka: Xtrike, Ultimar  MODEL: Xtrike Mini  Rama: Stalowa  Rozmiar ko\u0142a w calach: 6&#8243;  Waga: 2  Wiek dziecka: 12 m +  Okres Gwarancji: 12 miesi\u0119cy  Rodzaj gwarancji: Gwarancja producenta\/dystrybutora  Okres gwarancji dla przedsi\u0119biorc\u00f3w: Niedost\u0119pne  Brand: Brak Marki Rowerek biegowy Xtrike Miniczteroko\u0142owy Je\u017adzikJazda na rowerzeto aktywno\u015b\u0107, kt\u00f3r\u0105 kocha ka\u017cde dziecko.Rowerek biegowy\/ je\u017adzikzapewni wielk\u0105 frajd\u0119 maluchowi oraz rozwinie nowe umiej\u0119tno\u015bci takie jak odpychanie i wsiadanie.\u015awietnie wp\u0142ywa na stabilizacj\u0119 oraz koordynacj\u0119 ruchow\u0105 u najm\u0142odszych.Rowerek Xtrike Miniidealnie nada si\u0119 do pierwszych pr\u00f3b nauki jazdy na rowerze, pozwoli zdrowo sp\u0119dza\u0107 czas na \u015bwie\u017cym powietrzu.Rowerek posiadapodw\u00f3jne mi\u0119kkie ko\u0142a z pianki EVA z ty\u0142u oraz z przodu.Przednie ko\u0142a posiadaj\u0105 szerszy rozstaw co wp\u0142ywa na utrzymanie r\u00f3wnowagi podczas jazdy.Do zestawu do\u0142\u0105czono specjalny pas,kt\u00f3ry umo\u017cliwijegowygodne przenoszenie. Mo\u017cna go te\u017c u\u017cy\u0107do powieszenia rowerka np. w gara\u017cu, schowku.Bezpiecze\u0144stwo podczas jazdy zapewni\u0105blokada skr\u0119tuorazantypo\u015blizgowe manetkichroni\u0105ce d\u0142onie malucha,Niewielki gabarytrowerka sprawia, \u017ce mo\u017cna go zabra\u0107 i u\u017cywa\u0107 dos\u0142ownie wsz\u0119dzie!Cechy produktu:podw\u00f3jne ko\u0142a z pianki EVAwytrzyma\u0142a konstrukcjaregulacja wysoko\u015bci siode\u0142kaantypo\u015blizgowe manetkinowoczesny designpas do przenoszeniablokada skr\u0119tuDane techniczne:- wymiary: 48 cm x 39 x 42 cm- rozstaw k\u00f3\u0142: prz\u00f3d: 17.5 cm, ty\u0142: 13 cm- siode\u0142ko: 21 cm x 14 cm- kierownica: 20,5 cm- wysoko\u015b\u0107 od pod\u0142o\u017ca do siode\u0142ka: 24 cm- wysoko\u015b\u0107 od siode\u0142ka do kierownicy: 28 cm- \u015brednica ko\u0142a: 14 cm- szeroko\u015b\u0107 ko\u0142a: 4 cm- pasek: 146 cm x 3 cm- opakowanie:52 cm x 16 cm x 19.5 cmDost\u0119pne kolory: bia\u0142y, r\u00f3\u017cowy, niebieski.<\/p>\n<h2>Rowerek biegowy Xtrike Mini (bia\u0142y) ULTIMAR<\/h2>\n<p>dzieci.pl, ada imie, kolorowanki do druku dla ch\u0142opc\u00f3w, kolorowanki, kanapki na urodziny dziecka, kolorowanka lody, w uk\u0142adzie s\u0142onecznym, opisy o dziecku, lol kolorowanki, aurelia imi\u0119, zagadki i odpowiedzi, co mo\u017cna zrobi\u0107 z rolek po papierze toaletowym, zdrowe przepisy dla dzieci, laurka dla babci, irma, kolorowanki konie do druku<\/p>\n<p>yyyyy<\/p>\n<p>&nbsp;<\/p>\n","protected":false},"excerpt":{"rendered":"<p>Rowerek biegowy Xtrike MiniRowerek biegowy Xtrike Mini KOLOR: BIA\u0141Y Stan: Nowy Kod producenta: 31249, Xtrike Mini Marka: Xtrike, Ultimar MODEL: Xtrike Mini Rama: Stalowa Rozmiar ko\u0142a w calach: 6&#8243; Waga: 2 Wiek dziecka: 12 m + Okres Gwarancji: 12 miesi\u0119cy Rodzaj gwarancji: Gwarancja producenta\/dystrybutora Okres gwarancji dla przedsi\u0119biorc\u00f3w: Niedost\u0119pne Brand: Brak Marki Rowerek biegowy Xtrike [&hellip;]<\/p>\n","protected":false},"featured_media":1680,"comment_status":"closed","ping_status":"open","template":"","meta":[],"product_cat":[453,420],"product_tag":[842,695,778,812],"class_list":["post-1677","product","type-product","status-publish","has-post-thumbnail","hentry","product_cat-rowerki-biegowe","product_cat-ultimar","product_tag-plac-zabaw-poznan","product_tag-rzadkie-imiona-zenskie","product_tag-zabawki-na-roczek-dla-chlopca","product_tag-zagadki-logiczne-na-inteligencje"],"_links":{"self":[{"href":"http:\/\/klubmamgdynia.pl\/index.php\/wp-json\/wp\/v2\/product\/1677","targetHints":{"allow":["GET"]}}],"collection":[{"href":"http:\/\/klubmamgdynia.pl\/index.php\/wp-json\/wp\/v2\/product"}],"about":[{"href":"http:\/\/klubmamgdynia.pl\/index.php\/wp-json\/wp\/v2\/types\/product"}],"replies":[{"embeddable":true,"href":"http:\/\/klubmamgdynia.pl\/index.php\/wp-json\/wp\/v2\/comments?post=1677"}],"wp:featuredmedia":[{"embeddable":true,"href":"http:\/\/klubmamgdynia.pl\/index.php\/wp-json\/wp\/v2\/media\/1680"}],"wp:attachment":[{"href":"http:\/\/klubmamgdynia.pl\/index.php\/wp-json\/wp\/v2\/media?parent=1677"}],"wp:term":[{"taxonomy":"product_cat","embeddable":true,"href":"http:\/\/klubmamgdynia.pl\/index.php\/wp-json\/wp\/v2\/product_cat?post=1677"},{"taxonomy":"product_tag","embeddable":true,"href":"http:\/\/klubmamgdynia.pl\/index.php\/wp-json\/wp\/v2\/product_tag?post=1677"}],"curies":[{"name":"wp","href":"https:\/\/api.w.org\/{rel}","templated":true}]}}