{"id":1681,"date":"2012-12-24T07:31:52","date_gmt":"2012-12-24T06:31:52","guid":{"rendered":"http:\/\/klubmamgdynia.pl\/index.php\/produkt\/ravensburger-puzzle-1500el-waterfall-safari-wodospad\/"},"modified":"2026-04-04T08:00:01","modified_gmt":"2026-04-04T06:00:01","slug":"ravensburger-puzzle-1500el-waterfall-safari-wodospad","status":"publish","type":"product","link":"http:\/\/klubmamgdynia.pl\/index.php\/produkt\/ravensburger-puzzle-1500el-waterfall-safari-wodospad\/","title":{"rendered":"Ravensburger Puzzle 1500El. Waterfall Safari Wodospad"},"content":{"rendered":"<p>PUZZLE: 1500 ELEMENT\u00d3W PRODUCENT: RAVENSBURGERNAZWA: WATERFALL SAFARI &#8211; WODOSPAD SAFARIAUTOR: STEVE CRISP INDEX: 16461KOD EAN: 4005556164615ROZMIAR: 800 x 600 mmWYMIARY PUDE\u0141KA: 370 x 270 x 60 mm WATERFALL SAFARI &#8211; WODOSPAD SAFARIW przepi\u0119knej scenerii wodospadu zwierz\u0119ta korzystaj\u0105 z \u017cyciodajnej mocy wody. Znajdziemy tutaj ca\u0142\u0105 plejad\u0119 mieszka\u0144c\u00f3w afryka\u0144skiego safari. \u015awietna, kolorowa grafika autorska Stevea Crispa. Sugestywne obrazki, doskona\u0142a jako\u015b\u0107 wydruku, precyzyjne wyci\u0119cia, trwa\u0142e i cenne materia\u0142y. Wszystko to charakteryzuje Ravensburger: eleganck\u0105 lini\u0119 puzzli zrealizowan\u0105 z wielk\u0105 dba\u0142o\u015bci\u0105 o szczeg\u00f3\u0142y. Firma Ravensburger, kt\u00f3rej od zawsze le\u017cy na sercu ochrona \u015brodowiska, stara si\u0119 stosowa\u0107 jak najszerzej materia\u0142y z odzysku i unika u\u017cywania komponent\u00f3w zanieczyszczaj\u0105cych otoczenie.<\/p>\n<h2>Ravensburger Puzzle 1500El. Waterfall Safari Wodospad Ravensburger<\/h2>\n<p>prima aprilis w szkole, zagadki \u015bmieszne dla dzieci, test detektyw pozytywka, kolorowe ciasto, bardzo trudne zagadki, testy katarynka, darmowy szablon list do miko\u0142aja, zagadki dla doros\u0142ych, historia andrzejek dla dzieci, zygzak mcqueen kolorowanka, bajka o kreciku, zaj\u0105czek z jajka ugotowanego, bajki dla dziewczynek, quiz o polsce dla dzieci, atrakcje dla dzieci we wroc\u0142awiu, jesienne zagadki, rymowanki o pisankach, miko\u0142ajek quiz, najpi\u0119kniejsze cytaty o przyja\u017ani, czerwony kapturek kolorowanka<\/p>\n<p>yyyyy<\/p>\n<p>&nbsp;<\/p>\n","protected":false},"excerpt":{"rendered":"<p>PUZZLE: 1500 ELEMENT\u00d3W PRODUCENT: RAVENSBURGERNAZWA: WATERFALL SAFARI &#8211; WODOSPAD SAFARIAUTOR: STEVE CRISP INDEX: 16461KOD EAN: 4005556164615ROZMIAR: 800 x 600 mmWYMIARY PUDE\u0141KA: 370 x 270 x 60 mm WATERFALL SAFARI &#8211; WODOSPAD SAFARIW przepi\u0119knej scenerii wodospadu zwierz\u0119ta korzystaj\u0105 z \u017cyciodajnej mocy wody. Znajdziemy tutaj ca\u0142\u0105 plejad\u0119 mieszka\u0144c\u00f3w afryka\u0144skiego safari. \u015awietna, kolorowa grafika autorska Stevea Crispa. Sugestywne [&hellip;]<\/p>\n","protected":false},"featured_media":1684,"comment_status":"closed","ping_status":"open","template":"","meta":[],"product_cat":[90,207],"product_tag":[671,722,665,804],"class_list":["post-1681","product","type-product","status-publish","has-post-thumbnail","hentry","product_cat-puzzle","product_cat-ravensburger","product_tag-cicha-noc-po-angielsku-tekst","product_tag-cytaty-o-przyjazni","product_tag-proste-zagadki","product_tag-ryz-z-owocami"],"_links":{"self":[{"href":"http:\/\/klubmamgdynia.pl\/index.php\/wp-json\/wp\/v2\/product\/1681","targetHints":{"allow":["GET"]}}],"collection":[{"href":"http:\/\/klubmamgdynia.pl\/index.php\/wp-json\/wp\/v2\/product"}],"about":[{"href":"http:\/\/klubmamgdynia.pl\/index.php\/wp-json\/wp\/v2\/types\/product"}],"replies":[{"embeddable":true,"href":"http:\/\/klubmamgdynia.pl\/index.php\/wp-json\/wp\/v2\/comments?post=1681"}],"wp:featuredmedia":[{"embeddable":true,"href":"http:\/\/klubmamgdynia.pl\/index.php\/wp-json\/wp\/v2\/media\/1684"}],"wp:attachment":[{"href":"http:\/\/klubmamgdynia.pl\/index.php\/wp-json\/wp\/v2\/media?parent=1681"}],"wp:term":[{"taxonomy":"product_cat","embeddable":true,"href":"http:\/\/klubmamgdynia.pl\/index.php\/wp-json\/wp\/v2\/product_cat?post=1681"},{"taxonomy":"product_tag","embeddable":true,"href":"http:\/\/klubmamgdynia.pl\/index.php\/wp-json\/wp\/v2\/product_tag?post=1681"}],"curies":[{"name":"wp","href":"https:\/\/api.w.org\/{rel}","templated":true}]}}