{"id":1688,"date":"2016-06-30T16:55:21","date_gmt":"2016-06-30T14:55:21","guid":{"rendered":"http:\/\/klubmamgdynia.pl\/index.php\/produkt\/gra-planszowa-smart-games-misie-w-lesie\/"},"modified":"2026-04-30T10:39:44","modified_gmt":"2026-04-30T08:39:44","slug":"gra-planszowa-smart-games-misie-w-lesie","status":"publish","type":"product","link":"http:\/\/klubmamgdynia.pl\/index.php\/produkt\/gra-planszowa-smart-games-misie-w-lesie\/","title":{"rendered":"Gra planszowa Smart Games: Misie w lesie"},"content":{"rendered":"<p>Trzymaj\u0105c za drzewa, kr\u0119\u0107 z\u0119batkami, aby przeprowadzi\u0107 postaci bezpiecznie przez las. Strze\u017c si\u0119 jednak&#8230; mamy nied\u017awiedzicy!<\/p>\n<h2>Gra planszowa Smart Games: Misie w lesie IUVI Games<\/h2>\n<p>quizy dla dzieci z bajek, pozytywne cytaty mama cytaty, cytat na dzie\u0144 mamy, proste origami dla dzieci, ninjago kolorowanki, zagadki o owocach, platformy edukacyjne dla dzieci, piosenka na dzie\u0144 mamy tekst, zagadki na logiczne my\u015blenie<\/p>\n<p>yyyyy<\/p>\n<p>&nbsp;<\/p>\n","protected":false},"excerpt":{"rendered":"<p>Trzymaj\u0105c za drzewa, kr\u0119\u0107 z\u0119batkami, aby przeprowadzi\u0107 postaci bezpiecznie przez las. Strze\u017c si\u0119 jednak&#8230; mamy nied\u017awiedzicy! Gra planszowa Smart Games: Misie w lesie IUVI Games quizy dla dzieci z bajek, pozytywne cytaty mama cytaty, cytat na dzie\u0144 mamy, proste origami dla dzieci, ninjago kolorowanki, zagadki o owocach, platformy edukacyjne dla dzieci, piosenka na dzie\u0144 mamy [&hellip;]<\/p>\n","protected":false},"featured_media":1689,"comment_status":"closed","ping_status":"open","template":"","meta":[],"product_cat":[235,432],"product_tag":[851,599,857,615],"class_list":["post-1688","product","type-product","status-publish","has-post-thumbnail","hentry","product_cat-gry-planszowe","product_cat-iuvi-games","product_tag-jak-narysowac-kota","product_tag-prezent-dla-nastolatkow-2021","product_tag-zagadki-dla-dzieci-7-8-lat","product_tag-znane-misie-z-filmow-animowanych"],"_links":{"self":[{"href":"http:\/\/klubmamgdynia.pl\/index.php\/wp-json\/wp\/v2\/product\/1688","targetHints":{"allow":["GET"]}}],"collection":[{"href":"http:\/\/klubmamgdynia.pl\/index.php\/wp-json\/wp\/v2\/product"}],"about":[{"href":"http:\/\/klubmamgdynia.pl\/index.php\/wp-json\/wp\/v2\/types\/product"}],"replies":[{"embeddable":true,"href":"http:\/\/klubmamgdynia.pl\/index.php\/wp-json\/wp\/v2\/comments?post=1688"}],"wp:featuredmedia":[{"embeddable":true,"href":"http:\/\/klubmamgdynia.pl\/index.php\/wp-json\/wp\/v2\/media\/1689"}],"wp:attachment":[{"href":"http:\/\/klubmamgdynia.pl\/index.php\/wp-json\/wp\/v2\/media?parent=1688"}],"wp:term":[{"taxonomy":"product_cat","embeddable":true,"href":"http:\/\/klubmamgdynia.pl\/index.php\/wp-json\/wp\/v2\/product_cat?post=1688"},{"taxonomy":"product_tag","embeddable":true,"href":"http:\/\/klubmamgdynia.pl\/index.php\/wp-json\/wp\/v2\/product_tag?post=1688"}],"curies":[{"name":"wp","href":"https:\/\/api.w.org\/{rel}","templated":true}]}}