{"id":1691,"date":"2012-04-18T17:00:52","date_gmt":"2012-04-18T15:00:52","guid":{"rendered":"http:\/\/klubmamgdynia.pl\/index.php\/produkt\/tactic-alias-smacznego\/"},"modified":"2026-04-05T12:23:31","modified_gmt":"2026-04-05T10:23:31","slug":"tactic-alias-smacznego","status":"publish","type":"product","link":"http:\/\/klubmamgdynia.pl\/index.php\/produkt\/tactic-alias-smacznego\/","title":{"rendered":"Tactic Alias: Smacznego"},"content":{"rendered":"<p>Ostrze\u017cenie: ta ma\u0142a gra mo\u017ce sprawi\u0107, \u017ce staniecie si\u0119 bardzo g\u0142odni. Wyja\u015bniaj s\u0142owa z kulinarnego \u015bwiata, od ciast po kotlety, od whisky po gofry! Gracz w swojej kolejce wyja\u015bnia s\u0142owo pozosta\u0142ym zawodnikom. Kto odgadnie je poprawnie, zdobywa punkt.Alias to ponad 5 milion\u00f3w gier sprzedanych na ca\u0142ym \u015bwiecie!Kieszonkowa wersja w atrakcyjne cenie!Gra dla 3 i wi\u0119cej graczy w wieku 10+. NAZWA ALIAS: SMACZNEGO PRODUCENT TACTIC WIEK 10+ WYMIARY 124 X 124 X 80 MM EAN 6416739558318 Znajd\u017a podobne wed\u0142ug klucza: TACTIC (374009)<\/p>\n<h2>Tactic Alias: Smacznego Tactic<\/h2>\n<p>ale kino program, zadania logiczne dla dzieci, oliwier znaczenie imienia, nadie\u017cda imi\u0119, bianka, wiersz o wakacjach, zagadki logiczne trudne, filmy wigilijne dla dzieci, bajki na dobranoc, kolorowanki do druku pokemon, zagadki logiczne na inteligencj\u0119<\/p>\n<p>yyyyy<\/p>\n<p>&nbsp;<\/p>\n","protected":false},"excerpt":{"rendered":"<p>Ostrze\u017cenie: ta ma\u0142a gra mo\u017ce sprawi\u0107, \u017ce staniecie si\u0119 bardzo g\u0142odni. Wyja\u015bniaj s\u0142owa z kulinarnego \u015bwiata, od ciast po kotlety, od whisky po gofry! Gracz w swojej kolejce wyja\u015bnia s\u0142owo pozosta\u0142ym zawodnikom. Kto odgadnie je poprawnie, zdobywa punkt.Alias to ponad 5 milion\u00f3w gier sprzedanych na ca\u0142ym \u015bwiecie!Kieszonkowa wersja w atrakcyjne cenie!Gra dla 3 i wi\u0119cej [&hellip;]<\/p>\n","protected":false},"featured_media":1692,"comment_status":"closed","ping_status":"open","template":"","meta":[],"product_cat":[130,243],"product_tag":[605,809,649],"class_list":["post-1691","product","type-product","status-publish","has-post-thumbnail","hentry","product_cat-gry-dzieciece","product_cat-tactic","product_tag-milena","product_tag-zagadki","product_tag-zagadki-dla-nastolatkow"],"_links":{"self":[{"href":"http:\/\/klubmamgdynia.pl\/index.php\/wp-json\/wp\/v2\/product\/1691","targetHints":{"allow":["GET"]}}],"collection":[{"href":"http:\/\/klubmamgdynia.pl\/index.php\/wp-json\/wp\/v2\/product"}],"about":[{"href":"http:\/\/klubmamgdynia.pl\/index.php\/wp-json\/wp\/v2\/types\/product"}],"replies":[{"embeddable":true,"href":"http:\/\/klubmamgdynia.pl\/index.php\/wp-json\/wp\/v2\/comments?post=1691"}],"wp:featuredmedia":[{"embeddable":true,"href":"http:\/\/klubmamgdynia.pl\/index.php\/wp-json\/wp\/v2\/media\/1692"}],"wp:attachment":[{"href":"http:\/\/klubmamgdynia.pl\/index.php\/wp-json\/wp\/v2\/media?parent=1691"}],"wp:term":[{"taxonomy":"product_cat","embeddable":true,"href":"http:\/\/klubmamgdynia.pl\/index.php\/wp-json\/wp\/v2\/product_cat?post=1691"},{"taxonomy":"product_tag","embeddable":true,"href":"http:\/\/klubmamgdynia.pl\/index.php\/wp-json\/wp\/v2\/product_tag?post=1691"}],"curies":[{"name":"wp","href":"https:\/\/api.w.org\/{rel}","templated":true}]}}