{"id":1694,"date":"2024-10-30T04:50:59","date_gmt":"2024-10-30T03:50:59","guid":{"rendered":"http:\/\/klubmamgdynia.pl\/index.php\/produkt\/skull-and-bones-gra-ps5\/"},"modified":"2026-04-06T02:30:05","modified_gmt":"2026-04-06T00:30:05","slug":"skull-and-bones-gra-ps5","status":"publish","type":"product","link":"http:\/\/klubmamgdynia.pl\/index.php\/produkt\/skull-and-bones-gra-ps5\/","title":{"rendered":"Skull and Bones (Gra PS5)"},"content":{"rendered":"<p>Wkrocz do niebezpiecznego \u015bwiata Skull and Bones, zainspirowanego Oceanem Indyjskim w czasach z\u0142otego wieku piractwa, pokonuj\u0105c przeciwno\u015bci losu i awansuj\u0105c z wyrzutka na okrytego z\u0142\u0105 s\u0142aw\u0105 pirata.                            <\/p>\n<p>\u00a0Pod koniec XVII wieku pirackie opowie\u015bci o legendarnych przygodach przyci\u0105gn\u0119\u0142y na morskie wody m\u0142odych wyrzutk\u00f3w z ca\u0142ego \u015bwiata. W poszukiwaniu niewyobra\u017calnych fortun zwykli m\u0119\u017cczy\u017ani i kobiety udawali si\u0119 daleko od domu. Uzbrojeni jedynie w instynkt przetrwania, ryzykowali wszystko, aby zdoby\u0107 niezmierzone bogactwa.<br \/>\n\u00a0Wkrocz do niebezpiecznego \u015bwiata Skull and Bones, zainspirowanego Oceanem Indyjskim w czasach z\u0142otego wieku piractwa, pokonuj\u0105c przeciwno\u015bci losu i awansuj\u0105c z wyrzutka na okrytego z\u0142\u0105 s\u0142aw\u0105 pirata. Buduj r\u00f3\u017cne unikalne statki, aby przetrwa\u0107, rozwija\u0107 si\u0119 i rz\u0105dzi\u0107 we wci\u0105gaj\u0105cym \u015bwiecie, w kt\u00f3rym co sezon pojawiaj\u0105 si\u0119 nowe wyzwania i ulepszenia.\u00a0                            <\/p>\n<p>\u00a0TW\u00d3J STATEK, TW\u00d3J STYL<br \/>\nStw\u00f3rz i pop\u0142y\u0144 nawet 12 statkami r\u00f3\u017cni\u0105cymi si\u0119 pr\u0119dko\u015bci\u0105, wytrzyma\u0142o\u015bci\u0105 oraz \u0142adowno\u015bci\u0105. Ruszaj do frontalnego ataku lub precyzyjnie namierzaj s\u0142abe punkty wroga. Ka\u017cdy statek ma unikalne atuty, kt\u00f3re pozwalaj\u0105 na dostosowanie go do w\u0142asnych potrzeb, a co za tym idzie, w\u0142asnego stylu gry.<br \/>\n\u00a0BRUTALNA WALKA NA MORZU<br \/>\nWe\u017a udzia\u0142 w emocjonuj\u0105cych bitwach morskich, ryzykuj\u0105c wszystko dla zdobycia najwi\u0119kszych nagr\u00f3d. Wyposa\u017c si\u0119 w wiele pot\u0119\u017cnych broni, takich jak armaty, mo\u017adzierze, balisty, torpedy i inne, aby pokona\u0107 inne statki i m\u00f3c atakowa\u0107 forty. Korzystaj z narz\u0119dzi kapitana, takich jak szpiegowska luneta, kt\u00f3ra pozwoli odkrywa\u0107 szlaki handlowe, bogate statki kupieckie, a tak\u017ce by wypatrywa\u0107 s\u0142abych punkt\u00f3w wroga.\u00a0                            <\/p>\n<p>\u00a0PIEK\u0141O W RAJU<br \/>\nOd ja\u0142owych pusty\u0144 na wybrze\u017cach Afryki po bujne, tropikalne wyspy Indii Wschodnich &#8211; \u015bwiat Skull and Bones\u2122 kryje w sobie pi\u0119kno do odkrycia. Naucz si\u0119 wykorzystywa\u0107 wiatr na swoj\u0105 korzy\u015b\u0107, trymuj\u0105c \u017cagle, aby zwi\u0119kszy\u0107 pr\u0119dko\u015b\u0107. Stawiaj czo\u0142a nieprzewidywalnej wodzie, niebezpiecznym falom, a tak\u017ce mierz si\u0119 ze \u015bmiertelnie niebezpiecznymi dzikimi zwierz\u0119tami.\u00a0                            <\/p>\n<p>\u00a0REPUTACJA TO POT\u0118GA<br \/>\nZdobywaj s\u0142aw\u0119, aby ulepsza\u0107 sw\u00f3j sprz\u0119t. Realizuj\u0105c rozmaite kontrakty od sprzedawc\u00f3w, lokalnych frakcji oraz kr\u00f3l\u00f3w, zyskasz dost\u0119p do kolejnych zasob\u00f3w i mo\u017cliwo\u015bci na drodze do zostania nies\u0142awnym piratem.\u00a0                            <\/p>\n<p>\u00a0TW\u00d3J \u015aWIAT, TWOJE ZASADY<br \/>\n\u017begluj po Oceanie Indyjskim solo lub tw\u00f3rz grupy z maksymalnie dwoma przyjaci\u00f3\u0142mi lub graczami, kt\u00f3rych spotkasz na morzu. Je\u015bli chcesz podj\u0105\u0107 dodatkowe wyzwanie, mo\u017cesz w\u0142\u0105czy\u0107 tryb PvP, aby sprawdzi\u0107 swoje umiej\u0119tno\u015bci w walce z innymi graczami.\u00a0<\/p>\n<h2>Skull and Bones (Gra PS5) Ubisoft<\/h2>\n<p>\u0142amig\u0142\u00f3wki logiczne, mapa polski do wydrukowania za darmo, zyczenia walentynkowe dla dzieci, wroc\u0142aw dla dzieci, kolorowanki na andrzejki do wydruku, trudne zagadki matematyczne, jeremi imi\u0119, g\u0142upie zagadki<\/p>\n<p>yyyyy<\/p>\n<p>&nbsp;<\/p>\n","protected":false},"excerpt":{"rendered":"<p>Wkrocz do niebezpiecznego \u015bwiata Skull and Bones, zainspirowanego Oceanem Indyjskim w czasach z\u0142otego wieku piractwa, pokonuj\u0105c przeciwno\u015bci losu i awansuj\u0105c z wyrzutka na okrytego z\u0142\u0105 s\u0142aw\u0105 pirata. \u00a0Pod koniec XVII wieku pirackie opowie\u015bci o legendarnych przygodach przyci\u0105gn\u0119\u0142y na morskie wody m\u0142odych wyrzutk\u00f3w z ca\u0142ego \u015bwiata. W poszukiwaniu niewyobra\u017calnych fortun zwykli m\u0119\u017cczy\u017ani i kobiety udawali si\u0119 [&hellip;]<\/p>\n","protected":false},"featured_media":1695,"comment_status":"closed","ping_status":"open","template":"","meta":[],"product_cat":[217,455],"product_tag":[677,665,849],"class_list":["post-1694","product","type-product","status-publish","has-post-thumbnail","hentry","product_cat-gry-playstation-5","product_cat-ubisoft","product_tag-milosz-imie","product_tag-proste-zagadki","product_tag-zagadki-matematyczne-dla-dzieci"],"_links":{"self":[{"href":"http:\/\/klubmamgdynia.pl\/index.php\/wp-json\/wp\/v2\/product\/1694","targetHints":{"allow":["GET"]}}],"collection":[{"href":"http:\/\/klubmamgdynia.pl\/index.php\/wp-json\/wp\/v2\/product"}],"about":[{"href":"http:\/\/klubmamgdynia.pl\/index.php\/wp-json\/wp\/v2\/types\/product"}],"replies":[{"embeddable":true,"href":"http:\/\/klubmamgdynia.pl\/index.php\/wp-json\/wp\/v2\/comments?post=1694"}],"wp:featuredmedia":[{"embeddable":true,"href":"http:\/\/klubmamgdynia.pl\/index.php\/wp-json\/wp\/v2\/media\/1695"}],"wp:attachment":[{"href":"http:\/\/klubmamgdynia.pl\/index.php\/wp-json\/wp\/v2\/media?parent=1694"}],"wp:term":[{"taxonomy":"product_cat","embeddable":true,"href":"http:\/\/klubmamgdynia.pl\/index.php\/wp-json\/wp\/v2\/product_cat?post=1694"},{"taxonomy":"product_tag","embeddable":true,"href":"http:\/\/klubmamgdynia.pl\/index.php\/wp-json\/wp\/v2\/product_tag?post=1694"}],"curies":[{"name":"wp","href":"https:\/\/api.w.org\/{rel}","templated":true}]}}