{"id":1701,"date":"2010-12-29T19:02:15","date_gmt":"2010-12-29T18:02:15","guid":{"rendered":"http:\/\/klubmamgdynia.pl\/index.php\/produkt\/galakta-horror-w-arkham-lcg-powrot-przerwanego-kregu-2\/"},"modified":"2026-04-23T22:36:48","modified_gmt":"2026-04-23T20:36:48","slug":"galakta-horror-w-arkham-lcg-powrot-przerwanego-kregu-2","status":"publish","type":"product","link":"http:\/\/klubmamgdynia.pl\/index.php\/produkt\/galakta-horror-w-arkham-lcg-powrot-przerwanego-kregu-2\/","title":{"rendered":"Galakta Horror W Arkham LCG Powr\u00f3t Przerwanego Kr\u0119gu"},"content":{"rendered":"<p>Uwaga! To nie jest samodzielna gra! Do rozgrywki wymagana jest podstawowa wersja gry: HORROR W ARKHAM LCG &#8211; Zestaw Podstawowy oraz cykl: Przerwany Kr\u0105g. Przepowiednia jeszcze si\u0119 nie wype\u0142ni\u0142a. Mroczne knowania ponownie spowijaj\u0105 Lo\u017c\u0119 Srebrnego \u015awitu, za\u015b w miar\u0119 jak karty odkrywaj\u0105 fragmenty historii przekonasz si\u0119, \u017ce to Ty jeste\u015b kluczem do rozwik\u0142ania tajemnicy. Rozszerzenie to zawiera nowe zestawy kart scenariuszy do ka\u017cdego scenariusza cyklu Przerwany kr\u0105g, stawiaj\u0105ce waszych badaczy w obliczu nowych zagro\u017ce\u0144 i wyzwa\u0144. Nowe karty graczy, stanowi\u0105ce ulepszone wersje tych dost\u0119pnych w ramach cyklu Przerwany kr\u0105g, oferuj\u0105 nowe narz\u0119dzia i mo\u017cliwo\u015bci podczas ulepszania swoich talii badaczy. Dodatkowo pude\u0142ko z tego rozszerzenia mo\u017ce s\u0142u\u017cy\u0107 do przechowywania kart z ca\u0142ej kampanii, dzi\u0119ki za\u0142\u0105czonym separatorom. Na tym jednak nie koniec, poniewa\u017c z tym dodatkiem otrzymacie now\u0105 tali\u0119 22 kart tarota, kt\u00f3re mog\u0105 by\u0107 u\u017cyte w dowolnej kampanii lub scenariuszu gry Horror w Arkham: gra karciana! Dla Graczy w wieku 14+ Dla 1-4 graczy Czas rozgrywki: 60-120 minut.<\/p>\n<h2>Galakta Horror W Arkham LCG Powr\u00f3t Przerwanego Kr\u0119gu Galakta<\/h2>\n<p>quiz opowie\u015bci z narnii lew czarownica i stara szafa, wzory dyplom\u00f3w do pobrania, cytaty o rodzicach, sing 2 multikino, zosia samosia, test z asiuni lektury, zagadki podchwytliwe, rozrywka dla dzieci, lody kolorowanka, cytaty o przyja\u017ani kr\u00f3tkie, test z ani z zielonego wzg\u00f3rza, proste dekoracje bo\u017conarodzeniowe dla dzieci, pozytywne cytaty mama cytaty, serce origami, hobbit, g\u0142upie zagadki<\/p>\n<p>yyyyy<\/p>\n<p>&nbsp;<\/p>\n","protected":false},"excerpt":{"rendered":"<p>Uwaga! To nie jest samodzielna gra! Do rozgrywki wymagana jest podstawowa wersja gry: HORROR W ARKHAM LCG &#8211; Zestaw Podstawowy oraz cykl: Przerwany Kr\u0105g. Przepowiednia jeszcze si\u0119 nie wype\u0142ni\u0142a. Mroczne knowania ponownie spowijaj\u0105 Lo\u017c\u0119 Srebrnego \u015awitu, za\u015b w miar\u0119 jak karty odkrywaj\u0105 fragmenty historii przekonasz si\u0119, \u017ce to Ty jeste\u015b kluczem do rozwik\u0142ania tajemnicy. Rozszerzenie [&hellip;]<\/p>\n","protected":false},"featured_media":1703,"comment_status":"closed","ping_status":"open","template":"","meta":[],"product_cat":[414,220],"product_tag":[808,858,704,695,634],"class_list":["post-1701","product","type-product","status-publish","has-post-thumbnail","hentry","product_cat-galakta","product_cat-gry-karciane","product_tag-imie-mia","product_tag-podchwytliwe-zagadki","product_tag-prezent-dla-nastolatka","product_tag-rzadkie-imiona-zenskie","product_tag-zagadki-wielkanocne-dla-dzieci"],"_links":{"self":[{"href":"http:\/\/klubmamgdynia.pl\/index.php\/wp-json\/wp\/v2\/product\/1701","targetHints":{"allow":["GET"]}}],"collection":[{"href":"http:\/\/klubmamgdynia.pl\/index.php\/wp-json\/wp\/v2\/product"}],"about":[{"href":"http:\/\/klubmamgdynia.pl\/index.php\/wp-json\/wp\/v2\/types\/product"}],"replies":[{"embeddable":true,"href":"http:\/\/klubmamgdynia.pl\/index.php\/wp-json\/wp\/v2\/comments?post=1701"}],"wp:featuredmedia":[{"embeddable":true,"href":"http:\/\/klubmamgdynia.pl\/index.php\/wp-json\/wp\/v2\/media\/1703"}],"wp:attachment":[{"href":"http:\/\/klubmamgdynia.pl\/index.php\/wp-json\/wp\/v2\/media?parent=1701"}],"wp:term":[{"taxonomy":"product_cat","embeddable":true,"href":"http:\/\/klubmamgdynia.pl\/index.php\/wp-json\/wp\/v2\/product_cat?post=1701"},{"taxonomy":"product_tag","embeddable":true,"href":"http:\/\/klubmamgdynia.pl\/index.php\/wp-json\/wp\/v2\/product_tag?post=1701"}],"curies":[{"name":"wp","href":"https:\/\/api.w.org\/{rel}","templated":true}]}}