{"id":1707,"date":"2013-08-31T09:39:22","date_gmt":"2013-08-31T07:39:22","guid":{"rendered":"http:\/\/klubmamgdynia.pl\/index.php\/produkt\/technok-zestaw-do-piasku-foremki-komplet-6-szt-owoce\/"},"modified":"2026-04-29T14:52:02","modified_gmt":"2026-04-29T12:52:02","slug":"technok-zestaw-do-piasku-foremki-komplet-6-szt-owoce","status":"publish","type":"product","link":"http:\/\/klubmamgdynia.pl\/index.php\/produkt\/technok-zestaw-do-piasku-foremki-komplet-6-szt-owoce\/","title":{"rendered":"Technok Zestaw Do Piasku Foremki Komplet 6 Szt Owoce"},"content":{"rendered":"<p>Foremki do piasku OwoceForemki do piasku Owoce to zestaw sze\u015bciu kolorowych foremek w kszta\u0142cie popularnych owoc\u00f3w. Ka\u017cda z foremek posiada inny kolor i przedstawia inny owoc. Foremki do piasku Owoce to gwarancja doskona\u0142ej zabawy na pla\u017cy i w piaskownicy. Foremki wykonane zosta\u0142y z tworzywa sztucznego, s\u0105 nietoksyczne, odporne na dzia\u0142anie s\u0142o\u0144ca i wody. Foremki posiadaj\u0105 certyfikat CE.Przeznaczone dla dzieci od 1 roku \u017cycia.Dane techniczne foremek do piasku Owoce:przeznaczone dla dzieci powy\u017cej 1 roku \u017cycia,w zestawie: 6 foremek w kszta\u0142cie owoc\u00f3w.Kraj produkcji: Ukraina.<\/p>\n<h2>Technok Zestaw Do Piasku Foremki Komplet 6 Szt Owoce Technok<\/h2>\n<p>\u017carty prima aprilis, kira imi\u0119, prezent dla trzynastolatki, szlaczki literopodobne<\/p>\n<p>yyyyy<\/p>\n<p>&nbsp;<\/p>\n","protected":false},"excerpt":{"rendered":"<p>Foremki do piasku OwoceForemki do piasku Owoce to zestaw sze\u015bciu kolorowych foremek w kszta\u0142cie popularnych owoc\u00f3w. Ka\u017cda z foremek posiada inny kolor i przedstawia inny owoc. Foremki do piasku Owoce to gwarancja doskona\u0142ej zabawy na pla\u017cy i w piaskownicy. Foremki wykonane zosta\u0142y z tworzywa sztucznego, s\u0105 nietoksyczne, odporne na dzia\u0142anie s\u0142o\u0144ca i wody. Foremki posiadaj\u0105 [&hellip;]<\/p>\n","protected":false},"featured_media":1708,"comment_status":"closed","ping_status":"open","template":"","meta":[],"product_cat":[284,286],"product_tag":[603,821,642,705,711,692,782],"class_list":["post-1707","product","type-product","status-publish","has-post-thumbnail","hentry","product_cat-technok","product_cat-zabawki-do-piasku","product_tag-bajki-do-czytania","product_tag-marianna","product_tag-mia-imie","product_tag-prezent-na-roczek-dla-chlopca","product_tag-prezenty-dla-nastolatkow","product_tag-prezenty-na-roczek","product_tag-zagadki-dla-dzieci-z-odpowiedziami"],"_links":{"self":[{"href":"http:\/\/klubmamgdynia.pl\/index.php\/wp-json\/wp\/v2\/product\/1707","targetHints":{"allow":["GET"]}}],"collection":[{"href":"http:\/\/klubmamgdynia.pl\/index.php\/wp-json\/wp\/v2\/product"}],"about":[{"href":"http:\/\/klubmamgdynia.pl\/index.php\/wp-json\/wp\/v2\/types\/product"}],"replies":[{"embeddable":true,"href":"http:\/\/klubmamgdynia.pl\/index.php\/wp-json\/wp\/v2\/comments?post=1707"}],"wp:featuredmedia":[{"embeddable":true,"href":"http:\/\/klubmamgdynia.pl\/index.php\/wp-json\/wp\/v2\/media\/1708"}],"wp:attachment":[{"href":"http:\/\/klubmamgdynia.pl\/index.php\/wp-json\/wp\/v2\/media?parent=1707"}],"wp:term":[{"taxonomy":"product_cat","embeddable":true,"href":"http:\/\/klubmamgdynia.pl\/index.php\/wp-json\/wp\/v2\/product_cat?post=1707"},{"taxonomy":"product_tag","embeddable":true,"href":"http:\/\/klubmamgdynia.pl\/index.php\/wp-json\/wp\/v2\/product_tag?post=1707"}],"curies":[{"name":"wp","href":"https:\/\/api.w.org\/{rel}","templated":true}]}}