{"id":1710,"date":"2019-11-10T19:21:10","date_gmt":"2019-11-10T18:21:10","guid":{"rendered":"http:\/\/klubmamgdynia.pl\/index.php\/produkt\/galakta-horror-w-arkham-dziedzictwo-dunwich-rozszerzenie-kampanijne-2\/"},"modified":"2026-04-25T02:57:09","modified_gmt":"2026-04-25T00:57:09","slug":"galakta-horror-w-arkham-dziedzictwo-dunwich-rozszerzenie-kampanijne-2","status":"publish","type":"product","link":"http:\/\/klubmamgdynia.pl\/index.php\/produkt\/galakta-horror-w-arkham-dziedzictwo-dunwich-rozszerzenie-kampanijne-2\/","title":{"rendered":"Galakta Horror w Arkham Dziedzictwo Dunwich Rozszerzenie Kampanijne"},"content":{"rendered":"<p>\u201eNawet ci, kt\u00f3rzy znaj\u0105 fakty zwi\u0105zane z koszmarem, jaki si\u0119 tutaj wydarzy\u0142, nie potrafi\u0105 powiedzie\u0107, co si\u0119 dzia\u0142o w Dunwich\u2026\u201d\u2013 H. P. Lovecraft, Koszmar w DunwichSwego czasu w ustronnej wiosce Dunwich jaka\u015b potworna istota sia\u0142a groz\u0119 po\u015br\u00f3d mieszka\u0144c\u00f3w. Koszmar zako\u0144czy\u0142 si\u0119, dopiero gdy trzej profesorowie z Uniwersytetu Miskatonic \u2013 dr Armitage, dr Morgan i profesor Rice \u2013 przybyli do Dunwich i uzbrojeni w tajemn\u0105 wiedz\u0119, zdo\u0142ali pokona\u0107 besti\u0119. Teraz jednak, kilka miesi\u0119cy p\u00f3\u017aniej, towarzysze doktora Armitage znikn\u0119li w tajemniczych okoliczno\u015bciach i uczony obawia si\u0119 najgorszego.W Dziedzictwie Dunwich badacze wyrusz\u0105 na poszukiwanie zaginionych profesor\u00f3w i w trakcie kampanii wyrusz\u0105 na Uniwersytet Miskatonic, do okrytego z\u0142\u0105 s\u0142aw\u0105 Clover Club i w wiele innych miejsc. To rozszerzenie zawiera wszystkie scenariusze z kampanii Dziedzictwo Dunwich.<\/p>\n<h2>Galakta Horror w Arkham Dziedzictwo Dunwich Rozszerzenie Kampanijne Galakta<\/h2>\n<p>kolorowanki \u015bwi\u0105teczne do druku pdf, najpi\u0119kniejsze piosenki \u015bwi\u0105teczne dla dzieci, gabriel, malowanka do druku, quizy geograficzne, pomys\u0142 na prezent dla nastolatk\u00f3w, prezenty na 1 roczek, najpi\u0119kniejsze cytaty o przyja\u017ani, ja\u015bmina imie, kolorowanki do druku dla dziewczynek, zagadki na logik\u0119, pokemon kolorowanki do druku<\/p>\n<p>yyyyy<\/p>\n<p>&nbsp;<\/p>\n","protected":false},"excerpt":{"rendered":"<p>\u201eNawet ci, kt\u00f3rzy znaj\u0105 fakty zwi\u0105zane z koszmarem, jaki si\u0119 tutaj wydarzy\u0142, nie potrafi\u0105 powiedzie\u0107, co si\u0119 dzia\u0142o w Dunwich\u2026\u201d\u2013 H. P. Lovecraft, Koszmar w DunwichSwego czasu w ustronnej wiosce Dunwich jaka\u015b potworna istota sia\u0142a groz\u0119 po\u015br\u00f3d mieszka\u0144c\u00f3w. Koszmar zako\u0144czy\u0142 si\u0119, dopiero gdy trzej profesorowie z Uniwersytetu Miskatonic \u2013 dr Armitage, dr Morgan i profesor [&hellip;]<\/p>\n","protected":false},"featured_media":1712,"comment_status":"closed","ping_status":"open","template":"","meta":[],"product_cat":[414,220],"product_tag":[666,838,598,612,718,822,788],"class_list":["post-1710","product","type-product","status-publish","has-post-thumbnail","hentry","product_cat-galakta","product_cat-gry-karciane","product_tag-afrykanskie-imiona","product_tag-bajki-dla-dzieci-na-dobranoc","product_tag-co-na-roczek-dla-dziewczynki","product_tag-kolorowanki-do-druku","product_tag-prezent-na-roczek-dla-chrzesniaka","product_tag-wierszyki-o-wakacjach-krotkie","product_tag-zagadki-krotkie"],"_links":{"self":[{"href":"http:\/\/klubmamgdynia.pl\/index.php\/wp-json\/wp\/v2\/product\/1710","targetHints":{"allow":["GET"]}}],"collection":[{"href":"http:\/\/klubmamgdynia.pl\/index.php\/wp-json\/wp\/v2\/product"}],"about":[{"href":"http:\/\/klubmamgdynia.pl\/index.php\/wp-json\/wp\/v2\/types\/product"}],"replies":[{"embeddable":true,"href":"http:\/\/klubmamgdynia.pl\/index.php\/wp-json\/wp\/v2\/comments?post=1710"}],"wp:featuredmedia":[{"embeddable":true,"href":"http:\/\/klubmamgdynia.pl\/index.php\/wp-json\/wp\/v2\/media\/1712"}],"wp:attachment":[{"href":"http:\/\/klubmamgdynia.pl\/index.php\/wp-json\/wp\/v2\/media?parent=1710"}],"wp:term":[{"taxonomy":"product_cat","embeddable":true,"href":"http:\/\/klubmamgdynia.pl\/index.php\/wp-json\/wp\/v2\/product_cat?post=1710"},{"taxonomy":"product_tag","embeddable":true,"href":"http:\/\/klubmamgdynia.pl\/index.php\/wp-json\/wp\/v2\/product_tag?post=1710"}],"curies":[{"name":"wp","href":"https:\/\/api.w.org\/{rel}","templated":true}]}}