{"id":1713,"date":"2021-02-28T07:20:19","date_gmt":"2021-02-28T06:20:19","guid":{"rendered":"http:\/\/klubmamgdynia.pl\/index.php\/produkt\/gra-planszowa-ulisses-spiel-medien-aventuria-wirtshaus-zum-schwarzen-keiler-wersja-niemiecka\/"},"modified":"2026-05-17T22:03:32","modified_gmt":"2026-05-17T20:03:32","slug":"gra-planszowa-ulisses-spiel-medien-aventuria-wirtshaus-zum-schwarzen-keiler-wersja-niemiecka","status":"publish","type":"product","link":"http:\/\/klubmamgdynia.pl\/index.php\/produkt\/gra-planszowa-ulisses-spiel-medien-aventuria-wirtshaus-zum-schwarzen-keiler-wersja-niemiecka\/","title":{"rendered":"Gra planszowa Ulisses Spiel &amp; Medien Aventuria &#8211; Wirtshaus zum Schwarzen Keiler (wersja niemiecka)"},"content":{"rendered":"<p>Entkommt den H\u00e4schern des Grafen! Im Wirtshaus zum Schwarzen Keiler ist eine Dungeon-Abenteuererweiterung f\u00fcr Aventuria &#8211; Das Abenteuerkartenspiel: die Helden werden ihrer Ausr\u00fcstung beraubt und fliehen vor den Schergen des Grafen von Gratenfels. In den Kellern und Gew\u00f6lben unter dem Wirtshaus zum Schwarzen Keiler suchen sie nach dem Ausgang und m\u00fcssen sich dabei mit verrosteten Dolchen, Schaufeln und anderen improvisierten Waffen gegen zahlreiche Gegner und Gefahren behaupten. Kellerkarten, Verzweiflungskarten und ingesamt 20 verschiedene K\u00e4mpfe mit individuellen Sonderregeln sorgen daf\u00fcr, dass das Abenteuer auch nach mehreren Spielen abwechslungreich und herausfordernd bleibt. Dieses Abenteuer ist mit allen Helden von Aventuria spielbar und enth\u00e4lt dar\u00fcber hinaus vier neue Helden, die auch im normalen Abenteuer- und Duell-Modus gespielt werden k\u00f6nnen: die ehrenhafte Amazone Palinai Erlendur von Kurkum, der gerissene Grolmen-H\u00e4ndler Neerax Dal, die geheimnisvolle maraskanische Buskur Nicole Sororis und der abgeh\u00e4rtete tobrische S\u00f6ldner Heigan Malleaux. Inhalt: &#8211; 8 Helden- und 120 Aktionskarten, 4 Heldenmarker, 8 Lebenspunkte-Karten, 8 Schicksalspunkte &#8211; 210 Abenteuerkarten (mit Anf\u00fchrern, Schergen, Belohnungen u.v.m.) und \u00fcber 70 Spezialmarken &#8211; 1 Heft mit Escape-Dungeon-Regeln und Abenteuer<\/p>\n<h2>Gra planszowa Ulisses Spiel &amp; Medien Aventuria &#8211; Wirtshaus zum Schwarzen Keiler (wersja niemiecka) <\/h2>\n<p>zagadki matematyczne dla dzieci, \u0142atwe zagadki, my little pony kolorowanki celestia, lol surprise kolorowanki, platformy edukacyjne dla dzieci, quizy dla dzieci, alan imie, ko\u0142ysanka tekst, kolorowanki do druku dla dziewczyn<\/p>\n<p>yyyyy<\/p>\n<p>&nbsp;<\/p>\n","protected":false},"excerpt":{"rendered":"<p>Entkommt den H\u00e4schern des Grafen! Im Wirtshaus zum Schwarzen Keiler ist eine Dungeon-Abenteuererweiterung f\u00fcr Aventuria &#8211; Das Abenteuerkartenspiel: die Helden werden ihrer Ausr\u00fcstung beraubt und fliehen vor den Schergen des Grafen von Gratenfels. In den Kellern und Gew\u00f6lben unter dem Wirtshaus zum Schwarzen Keiler suchen sie nach dem Ausgang und m\u00fcssen sich dabei mit verrosteten [&hellip;]<\/p>\n","protected":false},"featured_media":1715,"comment_status":"closed","ping_status":"open","template":"","meta":[],"product_cat":[235],"product_tag":[728,730,731,602,586,625,600],"class_list":["post-1713","product","type-product","status-publish","has-post-thumbnail","hentry","product_cat-gry-planszowe","product_tag-bezwarunkowa-milosc-do-dziecka-cytaty","product_tag-karyna","product_tag-maly-ksiaze-cytaty","product_tag-quiz-o-zwierzetach-domowych","product_tag-smieszne-zagadki","product_tag-trojmiasto-atrakcje-dla-dzieci","product_tag-zaproszenia-na-urodziny-do-druku"],"_links":{"self":[{"href":"http:\/\/klubmamgdynia.pl\/index.php\/wp-json\/wp\/v2\/product\/1713","targetHints":{"allow":["GET"]}}],"collection":[{"href":"http:\/\/klubmamgdynia.pl\/index.php\/wp-json\/wp\/v2\/product"}],"about":[{"href":"http:\/\/klubmamgdynia.pl\/index.php\/wp-json\/wp\/v2\/types\/product"}],"replies":[{"embeddable":true,"href":"http:\/\/klubmamgdynia.pl\/index.php\/wp-json\/wp\/v2\/comments?post=1713"}],"wp:featuredmedia":[{"embeddable":true,"href":"http:\/\/klubmamgdynia.pl\/index.php\/wp-json\/wp\/v2\/media\/1715"}],"wp:attachment":[{"href":"http:\/\/klubmamgdynia.pl\/index.php\/wp-json\/wp\/v2\/media?parent=1713"}],"wp:term":[{"taxonomy":"product_cat","embeddable":true,"href":"http:\/\/klubmamgdynia.pl\/index.php\/wp-json\/wp\/v2\/product_cat?post=1713"},{"taxonomy":"product_tag","embeddable":true,"href":"http:\/\/klubmamgdynia.pl\/index.php\/wp-json\/wp\/v2\/product_tag?post=1713"}],"curies":[{"name":"wp","href":"https:\/\/api.w.org\/{rel}","templated":true}]}}