{"id":1714,"date":"2023-02-02T04:54:19","date_gmt":"2023-02-02T03:54:19","guid":{"rendered":"http:\/\/klubmamgdynia.pl\/?post_type=product&#038;p=1714"},"modified":"2026-05-17T22:51:38","modified_gmt":"2026-05-17T20:51:38","slug":"gra-planszowa-ulisses-spiel-medien-aventuria-wirtshaus-zum-schwarzen-keiler-wersja-niemiecka-2","status":"publish","type":"product","link":"http:\/\/klubmamgdynia.pl\/index.php\/produkt\/gra-planszowa-ulisses-spiel-medien-aventuria-wirtshaus-zum-schwarzen-keiler-wersja-niemiecka-2\/","title":{"rendered":"Gra planszowa Ulisses Spiel &amp; Medien Aventuria &#8211; Wirtshaus zum Schwarzen Keiler (wersja niemiecka)"},"content":{"rendered":"<p>Entkommt den H\u00e4schern des Grafen! Im Wirtshaus zum Schwarzen Keiler ist eine Dungeon-Abenteuererweiterung f\u00fcr Aventuria &#8211; Das Abenteuerkartenspiel: die Helden werden ihrer Ausr\u00fcstung beraubt und fliehen vor den Schergen des Grafen von Gratenfels. In den Kellern und Gew\u00f6lben unter dem Wirtshaus zum Schwarzen Keiler suchen sie nach dem Ausgang und m\u00fcssen sich dabei mit verrosteten Dolchen, Schaufeln und anderen improvisierten Waffen gegen zahlreiche Gegner und Gefahren behaupten. Kellerkarten, Verzweiflungskarten und ingesamt 20 verschiedene K\u00e4mpfe mit individuellen Sonderregeln sorgen daf\u00fcr, dass das Abenteuer auch nach mehreren Spielen abwechslungreich und herausfordernd bleibt. Dieses Abenteuer ist mit allen Helden von Aventuria spielbar und enth\u00e4lt dar\u00fcber hinaus vier neue Helden, die auch im normalen Abenteuer- und Duell-Modus gespielt werden k\u00f6nnen: die ehrenhafte Amazone Palinai Erlendur von Kurkum, der gerissene Grolmen-H\u00e4ndler Neerax Dal, die geheimnisvolle maraskanische Buskur Nicole Sororis und der abgeh\u00e4rtete tobrische S\u00f6ldner Heigan Malleaux. Inhalt: &#8211; 8 Helden- und 120 Aktionskarten, 4 Heldenmarker, 8 Lebenspunkte-Karten, 8 Schicksalspunkte &#8211; 210 Abenteuerkarten (mit Anf\u00fchrern, Schergen, Belohnungen u.v.m.) und \u00fcber 70 Spezialmarken &#8211; 1 Heft mit Escape-Dungeon-Regeln und Abenteuer<\/p>\n<h2>Gra planszowa Ulisses Spiel &amp; Medien Aventuria &#8211; Wirtshaus zum Schwarzen Keiler (wersja niemiecka) <\/h2>\n<p>zabawy z pi\u0142k\u0105 dla dzieci, kiekrz, fajne rzeczy dla nastolatk\u00f3w, maska batmana do druku, \u015bmieszne zagadki, zagatki, ninjago kolorowanki, kr\u00f3tkie zagadki, kolorowanka spiderman, wszystkie kraje \u015bwiata quiz, imiona \u017ce\u0144skie nietypowe, wpad\u0142a bomba do piwnicy, cytaty o wychowaniu i nauczaniu<\/p>\n<p>yyyyy<\/p>\n<p>&nbsp;<\/p>\n","protected":false},"excerpt":{"rendered":"<p>Entkommt den H\u00e4schern des Grafen! Im Wirtshaus zum Schwarzen Keiler ist eine Dungeon-Abenteuererweiterung f\u00fcr Aventuria &#8211; Das Abenteuerkartenspiel: die Helden werden ihrer Ausr\u00fcstung beraubt und fliehen vor den Schergen des Grafen von Gratenfels. In den Kellern und Gew\u00f6lben unter dem Wirtshaus zum Schwarzen Keiler suchen sie nach dem Ausgang und m\u00fcssen sich dabei mit verrosteten [&hellip;]<\/p>\n","protected":false},"featured_media":1717,"comment_status":"closed","ping_status":"open","template":"","meta":[],"product_cat":[235],"product_tag":[851,840,641],"class_list":["post-1714","product","type-product","status-publish","has-post-thumbnail","hentry","product_cat-gry-planszowe","product_tag-jak-narysowac-kota","product_tag-stare-bajki","product_tag-trudne-zagadki-logiczne"],"_links":{"self":[{"href":"http:\/\/klubmamgdynia.pl\/index.php\/wp-json\/wp\/v2\/product\/1714","targetHints":{"allow":["GET"]}}],"collection":[{"href":"http:\/\/klubmamgdynia.pl\/index.php\/wp-json\/wp\/v2\/product"}],"about":[{"href":"http:\/\/klubmamgdynia.pl\/index.php\/wp-json\/wp\/v2\/types\/product"}],"replies":[{"embeddable":true,"href":"http:\/\/klubmamgdynia.pl\/index.php\/wp-json\/wp\/v2\/comments?post=1714"}],"wp:featuredmedia":[{"embeddable":true,"href":"http:\/\/klubmamgdynia.pl\/index.php\/wp-json\/wp\/v2\/media\/1717"}],"wp:attachment":[{"href":"http:\/\/klubmamgdynia.pl\/index.php\/wp-json\/wp\/v2\/media?parent=1714"}],"wp:term":[{"taxonomy":"product_cat","embeddable":true,"href":"http:\/\/klubmamgdynia.pl\/index.php\/wp-json\/wp\/v2\/product_cat?post=1714"},{"taxonomy":"product_tag","embeddable":true,"href":"http:\/\/klubmamgdynia.pl\/index.php\/wp-json\/wp\/v2\/product_tag?post=1714"}],"curies":[{"name":"wp","href":"https:\/\/api.w.org\/{rel}","templated":true}]}}