{"id":1716,"date":"2024-08-21T11:34:58","date_gmt":"2024-08-21T09:34:58","guid":{"rendered":"http:\/\/klubmamgdynia.pl\/index.php\/produkt\/marvels-avengers-gra-ps5\/"},"modified":"2026-04-03T22:27:41","modified_gmt":"2026-04-03T20:27:41","slug":"marvels-avengers-gra-ps5","status":"publish","type":"product","link":"http:\/\/klubmamgdynia.pl\/index.php\/produkt\/marvels-avengers-gra-ps5\/","title":{"rendered":"Marvel&#8217;s Avengers (Gra PS5)"},"content":{"rendered":"<p>\u00a0Do\u0142\u0105cz do Avengers\u00f3w w fabularnej, trzecioosobowej rozgrywce i zapanuj nad ich wyj\u0105tkowymi mocami, aby ocali\u0107 \u015bwiat przed narastaj\u0105cymi zagro\u017ceniami w nadchodz\u0105cych latach.\u00a0                            <\/p>\n<p>\u00a0Marvel\u2019s Avengers rozpoczyna si\u0119 w Dniu A, gdy Kapitan Ameryka, Iron Man, Hulk, Czarna Wdowa i Thor otwieraj\u0105 zaawansowan\u0105 technologicznie siedzib\u0119 Avengers\u00f3w w San Francisco i przedstawiaj\u0105 w\u0142asny lotniskowiec Helicarrier zasilany eksperymentalnym \u017ar\u00f3d\u0142em energii. \u015awi\u0119to zmienia si\u0119 w koszmar, gdy katastrofalny wypadek skutkuje ogromnymi zniszczeniami, a obwinieni o tragedi\u0119 Avengersi rozwi\u0105zuj\u0105 grup\u0119.\u00a0                            <\/p>\n<p>\u00a0Pi\u0119\u0107 lat p\u00f3\u017aniej wszyscy bohaterowie s\u0105 wyj\u0119ci spod prawa, a \u015bwiat stoi na granicy zag\u0142ady. Jedyn\u0105 nadziej\u0105 ludzko\u015bci jest ponowne zebranie najpot\u0119\u017cniejszych bohater\u00f3w Ziemi.\u00a0                            <\/p>\n<p>\u00a0                            <\/p>\n<p>\u00a0Tw\u00f3rz zespo\u0142y sk\u0142adaj\u0105ce si\u0119 z maksymalnie czterech graczy, wybieraj\u0105c z cz\u0142onk\u00f3w stale powi\u0119kszaj\u0105cej si\u0119 dru\u017cyny Avengers\u00f3w\u00a0                            <\/p>\n<p>\u00a0Sta\u0144 za sterami kultowych bohater\u00f3w jak Iron Man, Kapitan Ameryka czy Czarna Wdowa\u00a0                            <\/p>\n<p>\u00a0Odblokuj pot\u0119\u017cne umiej\u0119tno\u015bci i nowy ekwipunek, a tak\u017ce personalizuj wygl\u0105d swoich bohater\u00f3w\u00a0                            <\/p>\n<p>\u00a0Uniwersum b\u0119dzie stale rozwijane a w grze zabraknie lootbox\u00f3w i p\u0142atnych zawarto\u015bci.\u00a0<\/p>\n<h2>Marvels Avengers (Gra PS5) Crystal Dynamics<\/h2>\n<p>mi\u0142osz imi\u0119, atrakcje dla dzieci warszawa, kamila, prezenty dla nastolatkow, quizy o flagach, prezent dla 14 latki, stolice europy quiz, maly kotek kotek kolorowanka, zemsta quizy, prezent dla 14 letniej dziewczyny, cytat dla mamy, piosenka na dzie\u0144 nauczyciela przedszkole, jordan co oznacza, rzadkie imiona dla dziewczynek, wroc\u0142aw dla dzieci, szablon zaproszenia na urodziny do wydruku czarno bia\u0142e, zosia samosia wiersz, z\u0142ote my\u015bli o przyja\u017ani, stare wiersze dla dzieci, ma\u0142y ksi\u0105\u017c\u0119 &#8211; test z odpowiedziami<\/p>\n<p>yyyyy<\/p>\n<p>&nbsp;<\/p>\n","protected":false},"excerpt":{"rendered":"<p>\u00a0Do\u0142\u0105cz do Avengers\u00f3w w fabularnej, trzecioosobowej rozgrywce i zapanuj nad ich wyj\u0105tkowymi mocami, aby ocali\u0107 \u015bwiat przed narastaj\u0105cymi zagro\u017ceniami w nadchodz\u0105cych latach.\u00a0 \u00a0Marvel\u2019s Avengers rozpoczyna si\u0119 w Dniu A, gdy Kapitan Ameryka, Iron Man, Hulk, Czarna Wdowa i Thor otwieraj\u0105 zaawansowan\u0105 technologicznie siedzib\u0119 Avengers\u00f3w w San Francisco i przedstawiaj\u0105 w\u0142asny lotniskowiec Helicarrier zasilany eksperymentalnym \u017ar\u00f3d\u0142em [&hellip;]<\/p>\n","protected":false},"featured_media":1718,"comment_status":"closed","ping_status":"open","template":"","meta":[],"product_cat":[456,217],"product_tag":[618,586,869],"class_list":["post-1716","product","type-product","status-publish","has-post-thumbnail","hentry","product_cat-crystal-dynamics","product_cat-gry-playstation-5","product_tag-lato-lato-lato-czeka-tekst","product_tag-smieszne-zagadki","product_tag-zagadki-na-logike"],"_links":{"self":[{"href":"http:\/\/klubmamgdynia.pl\/index.php\/wp-json\/wp\/v2\/product\/1716","targetHints":{"allow":["GET"]}}],"collection":[{"href":"http:\/\/klubmamgdynia.pl\/index.php\/wp-json\/wp\/v2\/product"}],"about":[{"href":"http:\/\/klubmamgdynia.pl\/index.php\/wp-json\/wp\/v2\/types\/product"}],"replies":[{"embeddable":true,"href":"http:\/\/klubmamgdynia.pl\/index.php\/wp-json\/wp\/v2\/comments?post=1716"}],"wp:featuredmedia":[{"embeddable":true,"href":"http:\/\/klubmamgdynia.pl\/index.php\/wp-json\/wp\/v2\/media\/1718"}],"wp:attachment":[{"href":"http:\/\/klubmamgdynia.pl\/index.php\/wp-json\/wp\/v2\/media?parent=1716"}],"wp:term":[{"taxonomy":"product_cat","embeddable":true,"href":"http:\/\/klubmamgdynia.pl\/index.php\/wp-json\/wp\/v2\/product_cat?post=1716"},{"taxonomy":"product_tag","embeddable":true,"href":"http:\/\/klubmamgdynia.pl\/index.php\/wp-json\/wp\/v2\/product_tag?post=1716"}],"curies":[{"name":"wp","href":"https:\/\/api.w.org\/{rel}","templated":true}]}}