{"id":1720,"date":"2023-12-19T04:21:34","date_gmt":"2023-12-19T03:21:34","guid":{"rendered":"http:\/\/klubmamgdynia.pl\/?post_type=product&#038;p=1720"},"modified":"2026-04-17T02:50:38","modified_gmt":"2026-04-17T00:50:38","slug":"granna-endo-szablony-rycerze-00248wg","status":"publish","type":"product","link":"http:\/\/klubmamgdynia.pl\/index.php\/produkt\/granna-endo-szablony-rycerze-00248wg\/","title":{"rendered":"Granna Endo Szablony Rycerze 00248Wg"},"content":{"rendered":"<p>Granna Endo Szablony Rycerze 00248Wg<\/p>\n<p>Tylko dla prawdziwych rycerzy.<br \/>\nZestaw 4 szablon\u00f3w wielorazowego u\u017cytku z 17 elementami. Pi\u0119knie wykonane<br \/>\ngrafiki i kszta\u0142ty zach\u0119caj\u0105 do kreatywnej zabawy, rozwijaj\u0105c przy tym<br \/>\nwyobra\u017ani\u0119 i zdolno\u015bci manualne. Zabawa z szablonami przygotowuje dzieci do<br \/>\nnauki pisania.                            <\/p>\n<p>Informacje o produkcie<br \/>\nNr katalogowy<br \/>\n02485<br \/>\nRodzaj (zabawki::gry) Edukacyjne<br \/>\nLiczba graczy 1 &#8211; 2<br \/>\nWersja j\u0119zykowa (zabawki::gry\/karciane) Polska instrukcja<br \/>\nWymagania wiekowe od 3 lat<br \/>\nP\u0142e\u0107 (zabawki) Ch\u0142opcy<br \/>\nPozosta\u0142e parametry<br \/>\nWymiary opakowania 19 x 19 x 3,6 cm.<\/p>\n<h2>Granna Endo Szablony Rycerze 00248Wg Granna<\/h2>\n<p>lilianna, alfons, znaczenie imiona pola, ma\u0142y ksi\u0105\u017ce test<\/p>\n<p>yyyyy<\/p>\n<p>&nbsp;<\/p>\n","protected":false},"excerpt":{"rendered":"<p>Granna Endo Szablony Rycerze 00248Wg Tylko dla prawdziwych rycerzy. Zestaw 4 szablon\u00f3w wielorazowego u\u017cytku z 17 elementami. Pi\u0119knie wykonane grafiki i kszta\u0142ty zach\u0119caj\u0105 do kreatywnej zabawy, rozwijaj\u0105c przy tym wyobra\u017ani\u0119 i zdolno\u015bci manualne. Zabawa z szablonami przygotowuje dzieci do nauki pisania. Informacje o produkcie Nr katalogowy 02485 Rodzaj (zabawki::gry) Edukacyjne Liczba graczy 1 &#8211; 2 [&hellip;]<\/p>\n","protected":false},"featured_media":1721,"comment_status":"closed","ping_status":"open","template":"","meta":[],"product_cat":[430,21],"product_tag":[576,679,708],"class_list":["post-1720","product","type-product","status-publish","has-post-thumbnail","hentry","product_cat-granna","product_cat-zabawki-plastyczne","product_tag-trudne-zagadki","product_tag-zabawki-na-roczek-dla-dziewczynki","product_tag-zabawy-ruchowe-dla-dzieci"],"_links":{"self":[{"href":"http:\/\/klubmamgdynia.pl\/index.php\/wp-json\/wp\/v2\/product\/1720","targetHints":{"allow":["GET"]}}],"collection":[{"href":"http:\/\/klubmamgdynia.pl\/index.php\/wp-json\/wp\/v2\/product"}],"about":[{"href":"http:\/\/klubmamgdynia.pl\/index.php\/wp-json\/wp\/v2\/types\/product"}],"replies":[{"embeddable":true,"href":"http:\/\/klubmamgdynia.pl\/index.php\/wp-json\/wp\/v2\/comments?post=1720"}],"wp:featuredmedia":[{"embeddable":true,"href":"http:\/\/klubmamgdynia.pl\/index.php\/wp-json\/wp\/v2\/media\/1721"}],"wp:attachment":[{"href":"http:\/\/klubmamgdynia.pl\/index.php\/wp-json\/wp\/v2\/media?parent=1720"}],"wp:term":[{"taxonomy":"product_cat","embeddable":true,"href":"http:\/\/klubmamgdynia.pl\/index.php\/wp-json\/wp\/v2\/product_cat?post=1720"},{"taxonomy":"product_tag","embeddable":true,"href":"http:\/\/klubmamgdynia.pl\/index.php\/wp-json\/wp\/v2\/product_tag?post=1720"}],"curies":[{"name":"wp","href":"https:\/\/api.w.org\/{rel}","templated":true}]}}