{"id":1722,"date":"2017-10-03T09:19:45","date_gmt":"2017-10-03T07:19:45","guid":{"rendered":"http:\/\/klubmamgdynia.pl\/index.php\/produkt\/five-in-a-row-5-kostek-w-rzedzie-5237\/"},"modified":"2026-04-06T20:43:35","modified_gmt":"2026-04-06T18:43:35","slug":"five-in-a-row-5-kostek-w-rzedzie-5237","status":"publish","type":"product","link":"http:\/\/klubmamgdynia.pl\/index.php\/produkt\/five-in-a-row-5-kostek-w-rzedzie-5237\/","title":{"rendered":"Five In A Row 5 Kostek w Rz\u0119dzie 5237"},"content":{"rendered":"<p>Logiczna Gra Planszowa Five In A Row, 5 Kostek w Rz\u0119dzieJednym z najlepszych i najskuteczniejszych sposob\u00f3w na nauk\u0119 jest zabawa. Nasza gra uczy zar\u00f3wno spostrzegawczo\u015bci, zr\u0119czno\u015bci, logicznego my\u015blenia jak i koordynacji wzrokowo-ruchowej. Zabawka zapewni Twojemu maluchowi mn\u00f3stwo dobrej zabawy dodatkowo wspomagaj\u0105c rozw\u00f3j intelektualny.Zasady gryGra przeznaczona jest dla 2 graczy.Ka\u017cdy z graczy losuje jedn\u0105 z kart z nadrukiem liczby oczek. Wylosowan\u0105 kart\u0119 k\u0142adzie przed sob\u0105 na planszy.Gracze na zmian\u0119 zmieniaj\u0105 uk\u0142ad jednej z kostek.Celem gry jest jak najszybsze u\u0142o\u017cenie w jednym rz\u0119dzie pi\u0119ciu kostek w wylosowanym uk\u0142adzie z karty. 5 kostek mo\u017ce by\u0107 u\u0142o\u017cone w rz\u0119dzie pionowym, poziomym lub po skosie.Gracz, kt\u00f3ry jako pierwszy u\u0142o\u017cy 5 kostek w rz\u0119dzie zabiera kart\u0119 i losuje kolejn\u0105. Na koniec gry liczymy zebrane przez graczy karty. Osoba, kt\u00f3ra ma ich najwi\u0119cej wygrywa.Zasady mo\u017cna dowolnie zmienia\u0107, np. w celu u\u0142atwienia wylosowa\u0107 dwie karty. \u015awietna gra na imprezy &#8211; dla dzieci, m\u0142odzie\u017cy i doros\u0142ych. Wyka\u017c si\u0119 ponadprzeci\u0119tnym sprytem, zwinnymi palcami i zosta\u0144 mistrzem gry!Praktyczna podstawkaPodstawka to zarazem praktyczny schowek, w kt\u00f3rym mo\u017cemy schowa\u0107 wszystkie kostki. Pozwoli to zachowa\u0107 \u0142ad i porz\u0105dek po sko\u0144czonej zabawie.Zestaw zawiera:1 podstawk\u0119 &#8211; plansz\u0119,25 kostek do gry,24 karty do losowania,Oryginalne opakowanie.Specyfikacja:Wymiary opakowania: 22 x 21 x 5,7cmWymiary roz\u0142o\u017conej planszy: ok. 31 x 18,5 x 18cmWymiary kostki: 2 x 2 x 2cmDla dzieci: powy\u017cej 3 roku \u017cyciaIlo\u015b\u0107 graczy: 1 &#8211; 2<\/p>\n<h2>Five In A Row 5 Kostek w Rz\u0119dzie 5237 Dk<\/h2>\n<p>szymon znaczenie imiona, zagadki wielkanocne dla dzieci, pewna \u017caba by\u0142a s\u0142aba, beniamin imi\u0119, cytaty o dzieci\u0144stwie, prezent dla nastoletniego ch\u0142opca, koty kolorowanki do druku, cytaty o przyja\u017ani \u015bmieszne, kolorowanki lego ninjago, ciekawe miejsca w warszawie dla m\u0142odzie\u017cy, prezent na roczek dla ch\u0142opca, kotek kolorowanka do druku, glupie zagadki<\/p>\n<p>yyyyy<\/p>\n<p>&nbsp;<\/p>\n","protected":false},"excerpt":{"rendered":"<p>Logiczna Gra Planszowa Five In A Row, 5 Kostek w Rz\u0119dzieJednym z najlepszych i najskuteczniejszych sposob\u00f3w na nauk\u0119 jest zabawa. Nasza gra uczy zar\u00f3wno spostrzegawczo\u015bci, zr\u0119czno\u015bci, logicznego my\u015blenia jak i koordynacji wzrokowo-ruchowej. Zabawka zapewni Twojemu maluchowi mn\u00f3stwo dobrej zabawy dodatkowo wspomagaj\u0105c rozw\u00f3j intelektualny.Zasady gryGra przeznaczona jest dla 2 graczy.Ka\u017cdy z graczy losuje jedn\u0105 z kart [&hellip;]<\/p>\n","protected":false},"featured_media":1723,"comment_status":"closed","ping_status":"open","template":"","meta":[],"product_cat":[408,130],"product_tag":[691,585,639,798],"class_list":["post-1722","product","type-product","status-publish","has-post-thumbnail","hentry","product_cat-dk","product_cat-gry-dzieciece","product_tag-gabriel","product_tag-kolorowanki-dla-chlopcow","product_tag-nela-imie","product_tag-prezenty-dla-nastolatki"],"_links":{"self":[{"href":"http:\/\/klubmamgdynia.pl\/index.php\/wp-json\/wp\/v2\/product\/1722","targetHints":{"allow":["GET"]}}],"collection":[{"href":"http:\/\/klubmamgdynia.pl\/index.php\/wp-json\/wp\/v2\/product"}],"about":[{"href":"http:\/\/klubmamgdynia.pl\/index.php\/wp-json\/wp\/v2\/types\/product"}],"replies":[{"embeddable":true,"href":"http:\/\/klubmamgdynia.pl\/index.php\/wp-json\/wp\/v2\/comments?post=1722"}],"wp:featuredmedia":[{"embeddable":true,"href":"http:\/\/klubmamgdynia.pl\/index.php\/wp-json\/wp\/v2\/media\/1723"}],"wp:attachment":[{"href":"http:\/\/klubmamgdynia.pl\/index.php\/wp-json\/wp\/v2\/media?parent=1722"}],"wp:term":[{"taxonomy":"product_cat","embeddable":true,"href":"http:\/\/klubmamgdynia.pl\/index.php\/wp-json\/wp\/v2\/product_cat?post=1722"},{"taxonomy":"product_tag","embeddable":true,"href":"http:\/\/klubmamgdynia.pl\/index.php\/wp-json\/wp\/v2\/product_tag?post=1722"}],"curies":[{"name":"wp","href":"https:\/\/api.w.org\/{rel}","templated":true}]}}