{"id":1726,"date":"2023-12-14T07:01:22","date_gmt":"2023-12-14T06:01:22","guid":{"rendered":"http:\/\/klubmamgdynia.pl\/?post_type=product&#038;p=1726"},"modified":"2026-04-07T10:51:01","modified_gmt":"2026-04-07T08:51:01","slug":"ramiz-pojazd-na-akumulator-quad-xl-atv-czerwony","status":"publish","type":"product","link":"http:\/\/klubmamgdynia.pl\/index.php\/produkt\/ramiz-pojazd-na-akumulator-quad-xl-atv-czerwony\/","title":{"rendered":"Ramiz pojazd na akumulator Quad XL ATV czerwony"},"content":{"rendered":"<p>SpecyfikacjaQuad Terenowy 4&#215;4 CzerwonySilnik4 x 45WAkumulator12V\/10 AhKo\u0142aPianka EVA,\u0141o\u017cyskowane,Prz\u00f3d: 34 x 14 cm,Ty\u0142: 34 x 14 cm,Amortyzatory2 x Ty\u0142,2 x Prz\u00f3d,wzmocnione spr\u0119\u017cyny tylne i przednie,BiegiWolny Start,2 biegi (quick\/slow)Prz\u00f3d\/Ty\u0142,\u015awiat\u0142a LED,\u015awiat\u0142a przednie,W\u0142\u0105cznik \u015bwiate\u0142,Wyposa\u017ceniePanel AudioMP3,Radio FM,Wej\u015bcie Tf na karty SD,Wgrane melodyjki,Wej\u015bcie AUX,Przyciski z melodyjkami i klaksonem,USB,Wska\u017anik Na\u0142adowaniaTakStartW\u0142\u0105cznik z odg\u0142osami silnika,SiedzenieCzarna ekosk\u00f3ra,D\u0142ugo\u015b\u0107 36 cm,Szeroko\u015b\u0107 21 cm,Baga\u017cnikBaga\u017cnik\/Wywrotka z ty\u0142u pojazdu 43 x 20 cm,Uchwyt transportowyMetalowa sk\u0142adana r\u0105czka z ty\u0142u pojazdu,WymiaryRozmiar PojazduD\u0142ugo\u015b\u0107 116 cm,Szeroko\u015b\u0107 78 cm,Wysoko\u015b\u0107 81 cm,Waga Pojazdu28,8 kg,Rozmiar Kartonu117 x 72,5 x 42,5 cm,Waga Kartonu34,1 kg,Maksymalne Obci\u0105\u017cenie40 kg,Prze\u015bwit29 cm,Wyposa\u017cenie DodatkoweInstrukcja + Zestaw Monta\u017cowy\u0141adowarka 12V\/1000 mAhKabel Mini Jack<\/p>\n<h2>Ramiz pojazd na akumulator Quad XL ATV czerwony Ramiz<\/h2>\n<p>upominek dla nastolatk\u00f3w, ma\u0142y ksi\u0105\u017ce cytaty, pomys\u0142y na dzie\u0144 dziecka dla nastolatk\u00f3w, teksty o rodzinie, zabawka na roczek, prezenty dla nastolatek, wierszyki na smigus dyngus, maska kota do druku, kolorowanki do druku zwierz\u0119ta, pisanie literek do druku, dzien matki cytaty, wz\u00f3r dyplomu do pobrania, emanuel, ozdoby na choink\u0119 dla dzieci z papieru, znaczenia imienia alicja<\/p>\n<p>yyyyy<\/p>\n<p>&nbsp;<\/p>\n","protected":false},"excerpt":{"rendered":"<p>SpecyfikacjaQuad Terenowy 4&#215;4 CzerwonySilnik4 x 45WAkumulator12V\/10 AhKo\u0142aPianka EVA,\u0141o\u017cyskowane,Prz\u00f3d: 34 x 14 cm,Ty\u0142: 34 x 14 cm,Amortyzatory2 x Ty\u0142,2 x Prz\u00f3d,wzmocnione spr\u0119\u017cyny tylne i przednie,BiegiWolny Start,2 biegi (quick\/slow)Prz\u00f3d\/Ty\u0142,\u015awiat\u0142a LED,\u015awiat\u0142a przednie,W\u0142\u0105cznik \u015bwiate\u0142,Wyposa\u017ceniePanel AudioMP3,Radio FM,Wej\u015bcie Tf na karty SD,Wgrane melodyjki,Wej\u015bcie AUX,Przyciski z melodyjkami i klaksonem,USB,Wska\u017anik Na\u0142adowaniaTakStartW\u0142\u0105cznik z odg\u0142osami silnika,SiedzenieCzarna ekosk\u00f3ra,D\u0142ugo\u015b\u0107 36 cm,Szeroko\u015b\u0107 21 cm,Baga\u017cnikBaga\u017cnik\/Wywrotka z ty\u0142u pojazdu 43 [&hellip;]<\/p>\n","protected":false},"featured_media":1727,"comment_status":"closed","ping_status":"open","template":"","meta":[],"product_cat":[36,24],"product_tag":[761,854,784,721],"class_list":["post-1726","product","type-product","status-publish","has-post-thumbnail","hentry","product_cat-ramiz","product_cat-samochody-dla-dzieci","product_tag-choinko-piekna-jak-las-tekst","product_tag-cytaty-rodzina","product_tag-hymn-gorniczy","product_tag-zagadki-matematyczne"],"_links":{"self":[{"href":"http:\/\/klubmamgdynia.pl\/index.php\/wp-json\/wp\/v2\/product\/1726","targetHints":{"allow":["GET"]}}],"collection":[{"href":"http:\/\/klubmamgdynia.pl\/index.php\/wp-json\/wp\/v2\/product"}],"about":[{"href":"http:\/\/klubmamgdynia.pl\/index.php\/wp-json\/wp\/v2\/types\/product"}],"replies":[{"embeddable":true,"href":"http:\/\/klubmamgdynia.pl\/index.php\/wp-json\/wp\/v2\/comments?post=1726"}],"wp:featuredmedia":[{"embeddable":true,"href":"http:\/\/klubmamgdynia.pl\/index.php\/wp-json\/wp\/v2\/media\/1727"}],"wp:attachment":[{"href":"http:\/\/klubmamgdynia.pl\/index.php\/wp-json\/wp\/v2\/media?parent=1726"}],"wp:term":[{"taxonomy":"product_cat","embeddable":true,"href":"http:\/\/klubmamgdynia.pl\/index.php\/wp-json\/wp\/v2\/product_cat?post=1726"},{"taxonomy":"product_tag","embeddable":true,"href":"http:\/\/klubmamgdynia.pl\/index.php\/wp-json\/wp\/v2\/product_tag?post=1726"}],"curies":[{"name":"wp","href":"https:\/\/api.w.org\/{rel}","templated":true}]}}