{"id":173,"date":"2011-07-09T11:44:11","date_gmt":"2011-07-09T09:44:11","guid":{"rendered":"http:\/\/klubmamgdynia.pl\/index.php\/produkt\/select-aluminiowa-tablica-tabliczka-adresowa-numer-dom-alufolia\/"},"modified":"2026-05-17T22:06:21","modified_gmt":"2026-05-17T20:06:21","slug":"select-aluminiowa-tablica-tabliczka-adresowa-numer-dom-alufolia","status":"publish","type":"product","link":"http:\/\/klubmamgdynia.pl\/index.php\/produkt\/select-aluminiowa-tablica-tabliczka-adresowa-numer-dom-alufolia\/","title":{"rendered":"Select Aluminiowa Tablica Tabliczka Adresowa Numer Dom (ALUFOLIA)"},"content":{"rendered":"<p>Aluminiowa Tablica Tabliczka adresowa Numer Dom<\/p>\n<h2>Select Aluminiowa Tablica Tabliczka Adresowa Numer Dom (ALUFOLIA) Select Comfort<\/h2>\n<p>ela znaczenie imienia, bajki do czytania online, dobre zagadki logiczne, nauczyciel cytaty, cytat o przyja\u017ani, magiczne drzewo czerwone krzes\u0142o test, zagadki na logiczne my\u015blenie, zagadki matematyczne dla dzieci, wierszyki na smigus dyngus, spongebob kolorowanka, bajki na dobranoc dla dzieci, zadania dla dzieci z ukrainy<\/p>\n<p>yyyyy<\/p>\n<p>&nbsp;<\/p>\n","protected":false},"excerpt":{"rendered":"<p>Aluminiowa Tablica Tabliczka adresowa Numer Dom Select Aluminiowa Tablica Tabliczka Adresowa Numer Dom (ALUFOLIA) Select Comfort ela znaczenie imienia, bajki do czytania online, dobre zagadki logiczne, nauczyciel cytaty, cytat o przyja\u017ani, magiczne drzewo czerwone krzes\u0142o test, zagadki na logiczne my\u015blenie, zagadki matematyczne dla dzieci, wierszyki na smigus dyngus, spongebob kolorowanka, bajki na dobranoc dla dzieci, [&hellip;]<\/p>\n","protected":false},"featured_media":174,"comment_status":"closed","ping_status":"open","template":"","meta":[],"product_cat":[88,87],"product_tag":[716,808,618,720],"class_list":["post-173","product","type-product","status-publish","has-post-thumbnail","hentry","product_cat-numery-i-szyldy-na-dom","product_cat-select-comfort","product_tag-filmy-animowane-o-swietach","product_tag-imie-mia","product_tag-lato-lato-lato-czeka-tekst","product_tag-malowanki"],"_links":{"self":[{"href":"http:\/\/klubmamgdynia.pl\/index.php\/wp-json\/wp\/v2\/product\/173","targetHints":{"allow":["GET"]}}],"collection":[{"href":"http:\/\/klubmamgdynia.pl\/index.php\/wp-json\/wp\/v2\/product"}],"about":[{"href":"http:\/\/klubmamgdynia.pl\/index.php\/wp-json\/wp\/v2\/types\/product"}],"replies":[{"embeddable":true,"href":"http:\/\/klubmamgdynia.pl\/index.php\/wp-json\/wp\/v2\/comments?post=173"}],"wp:featuredmedia":[{"embeddable":true,"href":"http:\/\/klubmamgdynia.pl\/index.php\/wp-json\/wp\/v2\/media\/174"}],"wp:attachment":[{"href":"http:\/\/klubmamgdynia.pl\/index.php\/wp-json\/wp\/v2\/media?parent=173"}],"wp:term":[{"taxonomy":"product_cat","embeddable":true,"href":"http:\/\/klubmamgdynia.pl\/index.php\/wp-json\/wp\/v2\/product_cat?post=173"},{"taxonomy":"product_tag","embeddable":true,"href":"http:\/\/klubmamgdynia.pl\/index.php\/wp-json\/wp\/v2\/product_tag?post=173"}],"curies":[{"name":"wp","href":"https:\/\/api.w.org\/{rel}","templated":true}]}}