{"id":1730,"date":"2012-12-28T12:25:38","date_gmt":"2012-12-28T11:25:38","guid":{"rendered":"http:\/\/klubmamgdynia.pl\/index.php\/produkt\/la-mulana-1-2-hidden-treasures-edition-gra-ps4\/"},"modified":"2026-04-04T01:13:39","modified_gmt":"2026-04-03T23:13:39","slug":"la-mulana-1-2-hidden-treasures-edition-gra-ps4","status":"publish","type":"product","link":"http:\/\/klubmamgdynia.pl\/index.php\/produkt\/la-mulana-1-2-hidden-treasures-edition-gra-ps4\/","title":{"rendered":"La-Mulana 1 &amp; 2 Hidden Treasures Edition (Gra PS4)"},"content":{"rendered":"<p>La-Mulana to dwuwymiarowa gra platformowa, w kt\u00f3rej wcielamy si\u0119 w posta\u0107 poszukiwacza przyg\u00f3d przypominaj\u0105cego s\u0142ynnego Indian\u0119 Jonesa.<\/p>\n<h2>La-Mulana 1 &amp; 2 Hidden Treasures Edition (Gra PS4) NIS America<\/h2>\n<p>lidia imie, zagadki zimowe, quiz opowie\u015bci z narnii lew czarownica i stara szafa, kolorowanka spongebob, karty matematyczne tabliczka mno\u017cenia do wydruku, \u0142amig\u0142\u00f3wki matematyczne, prezenty dla nastolatk\u00f3w, gotowe zaproszenia na urodziny do wydrukowania, prezent na roczek dziewczynka, zagadki na logike<\/p>\n<p>yyyyy<\/p>\n<p>&nbsp;<\/p>\n","protected":false},"excerpt":{"rendered":"<p>La-Mulana to dwuwymiarowa gra platformowa, w kt\u00f3rej wcielamy si\u0119 w posta\u0107 poszukiwacza przyg\u00f3d przypominaj\u0105cego s\u0142ynnego Indian\u0119 Jonesa. La-Mulana 1 &amp; 2 Hidden Treasures Edition (Gra PS4) NIS America lidia imie, zagadki zimowe, quiz opowie\u015bci z narnii lew czarownica i stara szafa, kolorowanka spongebob, karty matematyczne tabliczka mno\u017cenia do wydruku, \u0142amig\u0142\u00f3wki matematyczne, prezenty dla nastolatk\u00f3w, gotowe [&hellip;]<\/p>\n","protected":false},"featured_media":1731,"comment_status":"closed","ping_status":"open","template":"","meta":[],"product_cat":[203,458],"product_tag":[833,832,867,729,746],"class_list":["post-1730","product","type-product","status-publish","has-post-thumbnail","hentry","product_cat-gry-playstation-4","product_cat-nis-america","product_tag-bajki-dla-dzieci-do-czytania","product_tag-desery-dla-dzieci","product_tag-kolorowanki-dla-dziewczynek","product_tag-madre-bajki-dla-dzieci-do-czytania","product_tag-zagadki-typu-co-to-jest"],"_links":{"self":[{"href":"http:\/\/klubmamgdynia.pl\/index.php\/wp-json\/wp\/v2\/product\/1730","targetHints":{"allow":["GET"]}}],"collection":[{"href":"http:\/\/klubmamgdynia.pl\/index.php\/wp-json\/wp\/v2\/product"}],"about":[{"href":"http:\/\/klubmamgdynia.pl\/index.php\/wp-json\/wp\/v2\/types\/product"}],"replies":[{"embeddable":true,"href":"http:\/\/klubmamgdynia.pl\/index.php\/wp-json\/wp\/v2\/comments?post=1730"}],"wp:featuredmedia":[{"embeddable":true,"href":"http:\/\/klubmamgdynia.pl\/index.php\/wp-json\/wp\/v2\/media\/1731"}],"wp:attachment":[{"href":"http:\/\/klubmamgdynia.pl\/index.php\/wp-json\/wp\/v2\/media?parent=1730"}],"wp:term":[{"taxonomy":"product_cat","embeddable":true,"href":"http:\/\/klubmamgdynia.pl\/index.php\/wp-json\/wp\/v2\/product_cat?post=1730"},{"taxonomy":"product_tag","embeddable":true,"href":"http:\/\/klubmamgdynia.pl\/index.php\/wp-json\/wp\/v2\/product_tag?post=1730"}],"curies":[{"name":"wp","href":"https:\/\/api.w.org\/{rel}","templated":true}]}}