{"id":1734,"date":"2023-06-22T10:48:29","date_gmt":"2023-06-22T08:48:29","guid":{"rendered":"http:\/\/klubmamgdynia.pl\/?post_type=product&#038;p=1734"},"modified":"2026-05-02T17:36:41","modified_gmt":"2026-05-02T15:36:41","slug":"souldiers-gra-ps4","status":"publish","type":"product","link":"http:\/\/klubmamgdynia.pl\/index.php\/produkt\/souldiers-gra-ps4\/","title":{"rendered":"Souldiers (Gra PS4)"},"content":{"rendered":"<p>Platformowa, metroidvania eksploracja, walka, zagadki&#8230; Smakowita epopeja retro!<\/p>\n<h2>Souldiers (Gra PS4) <\/h2>\n<p>test zaczarowana zagroda, maska do druku, daria imie, zaproszenia na urodziny do wydruku czarno bia\u0142e, opis do zdj\u0119cia z dzieckiem, wycinanki dla dzieci do druku, atrakcje warszawa dla dzieci, prezent dla rocznego ch\u0142opca, poczytaj mi wiersz, imie leon, cytaty o dzieciach i rodzicach, \u015bwinka peppa do czytania, g\u0142upie zagadki, dzie\u0144 nauczyciela teksty, bajki terapeutyczne o emocjach pdf, jak rozmawia\u0107 z dzie\u0107mi o wojnie, psi patrol zadania do druku, miko\u0142ajek test z lektury, pawe\u0142, trudne zagadki logiczne<\/p>\n<p>yyyyy<\/p>\n<p>&nbsp;<\/p>\n","protected":false},"excerpt":{"rendered":"<p>Platformowa, metroidvania eksploracja, walka, zagadki&#8230; Smakowita epopeja retro! Souldiers (Gra PS4) test zaczarowana zagroda, maska do druku, daria imie, zaproszenia na urodziny do wydruku czarno bia\u0142e, opis do zdj\u0119cia z dzieckiem, wycinanki dla dzieci do druku, atrakcje warszawa dla dzieci, prezent dla rocznego ch\u0142opca, poczytaj mi wiersz, imie leon, cytaty o dzieciach i rodzicach, \u015bwinka [&hellip;]<\/p>\n","protected":false},"featured_media":1735,"comment_status":"closed","ping_status":"open","template":"","meta":[],"product_cat":[203],"product_tag":[836,606,822],"class_list":["post-1734","product","type-product","status-publish","has-post-thumbnail","hentry","product_cat-gry-playstation-4","product_tag-co-kupic-dziecku-na-roczek","product_tag-stala-pod-sniegiem","product_tag-wierszyki-o-wakacjach-krotkie"],"_links":{"self":[{"href":"http:\/\/klubmamgdynia.pl\/index.php\/wp-json\/wp\/v2\/product\/1734","targetHints":{"allow":["GET"]}}],"collection":[{"href":"http:\/\/klubmamgdynia.pl\/index.php\/wp-json\/wp\/v2\/product"}],"about":[{"href":"http:\/\/klubmamgdynia.pl\/index.php\/wp-json\/wp\/v2\/types\/product"}],"replies":[{"embeddable":true,"href":"http:\/\/klubmamgdynia.pl\/index.php\/wp-json\/wp\/v2\/comments?post=1734"}],"wp:featuredmedia":[{"embeddable":true,"href":"http:\/\/klubmamgdynia.pl\/index.php\/wp-json\/wp\/v2\/media\/1735"}],"wp:attachment":[{"href":"http:\/\/klubmamgdynia.pl\/index.php\/wp-json\/wp\/v2\/media?parent=1734"}],"wp:term":[{"taxonomy":"product_cat","embeddable":true,"href":"http:\/\/klubmamgdynia.pl\/index.php\/wp-json\/wp\/v2\/product_cat?post=1734"},{"taxonomy":"product_tag","embeddable":true,"href":"http:\/\/klubmamgdynia.pl\/index.php\/wp-json\/wp\/v2\/product_tag?post=1734"}],"curies":[{"name":"wp","href":"https:\/\/api.w.org\/{rel}","templated":true}]}}