{"id":1736,"date":"2023-03-09T07:41:40","date_gmt":"2023-03-09T06:41:40","guid":{"rendered":"http:\/\/klubmamgdynia.pl\/?post_type=product&#038;p=1736"},"modified":"2026-04-06T12:36:55","modified_gmt":"2026-04-06T10:36:55","slug":"muduko-czyste-brudne","status":"publish","type":"product","link":"http:\/\/klubmamgdynia.pl\/index.php\/produkt\/muduko-czyste-brudne\/","title":{"rendered":"Muduko Czyste Brudne"},"content":{"rendered":"<p>Czyste brudne TREFLCzyste, brudne. Gra w przeciwie\u0144stwa to przygody bohater\u00f3w naszej serii: surykatki Zu i alpaki Berry. Na 34 kartach Zu i Berry prezentuj\u0105 przeciwie\u0144stwa, kt\u00f3re m\u0142ody bystrzak zestawia w oparciu o zmys\u0142y: smaku (kwa\u015bny-s\u0142odki), s\u0142uchu (g\u0142o\u015bno-cicho), wzroku (du\u017cy-ma\u0142y) i dotyku (zimny-ciep\u0142y).Obrazki z przygodami bohater\u00f3w serii w zabawny spos\u00f3b pomagaj\u0105 zrozumie\u0107 znaczenie przeciwie\u0144stw oraz stymuluj\u0105 rozw\u00f3j my\u015blenia przyczynowo-skutkowego. Gra rozwija pami\u0119\u0107 maluch\u00f3w i \u0107wiczy ich spostrzegawczo\u015b\u0107. Polecane przez psycholog\u00f3w do zabawy z rodzicem oraz rekomendowane do pracy edukacyjnej i terapeutycznej dla wspomagania rozwoju integracji sensorycznej u dzieci ju\u017c od 3. roku \u017cycia.<\/p>\n<h2>Muduko Czyste Brudne Muduko<\/h2>\n<p>jak narysowa\u0107 kr\u00f3lika, kolorowanki do wydrukowania, sentencja rodzina, znaczenie imienia milan, zaj\u0119cia wielkanocne dla dzieci, jak narysowa\u0107 psa krok po kroku, testy z lektury zemsta, cytat z kubusia puchatka o mi\u0142o\u015bci, misie z bajek, walentynka kolorowanka, dzieci z bullerbyn quiz, cytaty o nauczycielach, swinka peppa obrazek, karty pracy dla uczni\u00f3w z ukrainy, adriana znaczenie imienia, zagadki matematyczne dla dzieci, lidia imie, cytaty dla mamy, zimowe zabawy dla dzieci, skye kolorowanka, sentencje o dzieciach<\/p>\n<p>yyyyy<\/p>\n<p>&nbsp;<\/p>\n","protected":false},"excerpt":{"rendered":"<p>Czyste brudne TREFLCzyste, brudne. Gra w przeciwie\u0144stwa to przygody bohater\u00f3w naszej serii: surykatki Zu i alpaki Berry. Na 34 kartach Zu i Berry prezentuj\u0105 przeciwie\u0144stwa, kt\u00f3re m\u0142ody bystrzak zestawia w oparciu o zmys\u0142y: smaku (kwa\u015bny-s\u0142odki), s\u0142uchu (g\u0142o\u015bno-cicho), wzroku (du\u017cy-ma\u0142y) i dotyku (zimny-ciep\u0142y).Obrazki z przygodami bohater\u00f3w serii w zabawny spos\u00f3b pomagaj\u0105 zrozumie\u0107 znaczenie przeciwie\u0144stw oraz stymuluj\u0105 [&hellip;]<\/p>\n","protected":false},"featured_media":1737,"comment_status":"closed","ping_status":"open","template":"","meta":[],"product_cat":[130,252],"product_tag":[817,716,806,737,811],"class_list":["post-1736","product","type-product","status-publish","has-post-thumbnail","hentry","product_cat-gry-dzieciece","product_cat-muduko","product_tag-bajka-terapeutyczna-o-emocjach","product_tag-filmy-animowane-o-swietach","product_tag-prezent-dla-dziecka-na-roczek","product_tag-test-z-lektury-felix-net-i-nika-oraz-gang-niewidzialnych-ludzi","product_tag-zagadki-logiczne-dla-dzieci"],"_links":{"self":[{"href":"http:\/\/klubmamgdynia.pl\/index.php\/wp-json\/wp\/v2\/product\/1736","targetHints":{"allow":["GET"]}}],"collection":[{"href":"http:\/\/klubmamgdynia.pl\/index.php\/wp-json\/wp\/v2\/product"}],"about":[{"href":"http:\/\/klubmamgdynia.pl\/index.php\/wp-json\/wp\/v2\/types\/product"}],"replies":[{"embeddable":true,"href":"http:\/\/klubmamgdynia.pl\/index.php\/wp-json\/wp\/v2\/comments?post=1736"}],"wp:featuredmedia":[{"embeddable":true,"href":"http:\/\/klubmamgdynia.pl\/index.php\/wp-json\/wp\/v2\/media\/1737"}],"wp:attachment":[{"href":"http:\/\/klubmamgdynia.pl\/index.php\/wp-json\/wp\/v2\/media?parent=1736"}],"wp:term":[{"taxonomy":"product_cat","embeddable":true,"href":"http:\/\/klubmamgdynia.pl\/index.php\/wp-json\/wp\/v2\/product_cat?post=1736"},{"taxonomy":"product_tag","embeddable":true,"href":"http:\/\/klubmamgdynia.pl\/index.php\/wp-json\/wp\/v2\/product_tag?post=1736"}],"curies":[{"name":"wp","href":"https:\/\/api.w.org\/{rel}","templated":true}]}}