{"id":1738,"date":"2014-11-05T12:59:01","date_gmt":"2014-11-05T11:59:01","guid":{"rendered":"http:\/\/klubmamgdynia.pl\/index.php\/produkt\/hi-little-one-pieluszka-dou-dou-bunny-gots-cozy-muslin-with-ears-2in1-salmon\/"},"modified":"2026-04-07T12:42:34","modified_gmt":"2026-04-07T10:42:34","slug":"hi-little-one-pieluszka-dou-dou-bunny-gots-cozy-muslin-with-ears-2in1-salmon","status":"publish","type":"product","link":"http:\/\/klubmamgdynia.pl\/index.php\/produkt\/hi-little-one-pieluszka-dou-dou-bunny-gots-cozy-muslin-with-ears-2in1-salmon\/","title":{"rendered":"Hi Little One Pieluszka Dou Dou Bunny Gots Cozy Muslin With Ears 2In1 Salmon"},"content":{"rendered":"<p>Mu\u015blinowa pieluszka dou dou ze 100% organicznej BIO bawe\u0142ny GOTS z uszkami kr\u00f3liczka.Polecana dla niemowl\u0105t do zasypiania.Dzi\u0119ki uszom \u0142atwo si\u0119 j\u0105 chwyta, mi\u0119tosi, tarmosi i tuli:)Wymiary pieluszki 50 x 50 cm (bez uszu)MATERIA\u0141100% organiczne drewno bukowe100 % wysokojako\u015bciowa organiczna BIO bawe\u0142na mu\u015blinowa GOTSPIEL\u0118GNACJA Pieluszk\u0119 mo\u017cna pra\u0107 w pralce w temp. 40 oCUWAGAProdukt nie jest zabawk\u0105 i powinien by\u0107 u\u017cywany pod nadzorem osoby doros\u0142ej.Produkt nie mo\u017ce by\u0107 stosowany podczas snu dziecka &#8211; nale\u017cy go usun\u0105\u0107 z poza zasi\u0119gu dzieckaPrzytulanka mo\u017ce s\u0142u\u017cy\u0107 jako mini pieluszka do r\u00f3\u017cnego rodzaju czynno\u015bci higienicznych.Akcesoria niemowl\u0119ce polskiej marki Hi Little One nawi\u0105zuj\u0105 do natury i retro, sielskiego designu polskiego.<\/p>\n<h2>Hi Little One Pieluszka Dou Dou Bunny Gots Cozy Muslin With Ears 2In1 Salmon Hi Little One<\/h2>\n<p>desery dla dzieci, nietypowe imiona, miasto dzieci krak\u00f3w, kolorowe ciasto<\/p>\n<p>yyyyy<\/p>\n<p>&nbsp;<\/p>\n","protected":false},"excerpt":{"rendered":"<p>Mu\u015blinowa pieluszka dou dou ze 100% organicznej BIO bawe\u0142ny GOTS z uszkami kr\u00f3liczka.Polecana dla niemowl\u0105t do zasypiania.Dzi\u0119ki uszom \u0142atwo si\u0119 j\u0105 chwyta, mi\u0119tosi, tarmosi i tuli:)Wymiary pieluszki 50 x 50 cm (bez uszu)MATERIA\u0141100% organiczne drewno bukowe100 % wysokojako\u015bciowa organiczna BIO bawe\u0142na mu\u015blinowa GOTSPIEL\u0118GNACJA Pieluszk\u0119 mo\u017cna pra\u0107 w pralce w temp. 40 oCUWAGAProdukt nie jest zabawk\u0105 [&hellip;]<\/p>\n","protected":false},"featured_media":1739,"comment_status":"closed","ping_status":"open","template":"","meta":[],"product_cat":[28,17],"product_tag":[610,828,582],"class_list":["post-1738","product","type-product","status-publish","has-post-thumbnail","hentry","product_cat-hi-little-one","product_cat-pieluchy","product_tag-co-na-prezent-dla-nastolatkow","product_tag-filmy-wigilijne-dla-dzieci","product_tag-nauka-pisania-literek-do-wydruku-pdf"],"_links":{"self":[{"href":"http:\/\/klubmamgdynia.pl\/index.php\/wp-json\/wp\/v2\/product\/1738","targetHints":{"allow":["GET"]}}],"collection":[{"href":"http:\/\/klubmamgdynia.pl\/index.php\/wp-json\/wp\/v2\/product"}],"about":[{"href":"http:\/\/klubmamgdynia.pl\/index.php\/wp-json\/wp\/v2\/types\/product"}],"replies":[{"embeddable":true,"href":"http:\/\/klubmamgdynia.pl\/index.php\/wp-json\/wp\/v2\/comments?post=1738"}],"wp:featuredmedia":[{"embeddable":true,"href":"http:\/\/klubmamgdynia.pl\/index.php\/wp-json\/wp\/v2\/media\/1739"}],"wp:attachment":[{"href":"http:\/\/klubmamgdynia.pl\/index.php\/wp-json\/wp\/v2\/media?parent=1738"}],"wp:term":[{"taxonomy":"product_cat","embeddable":true,"href":"http:\/\/klubmamgdynia.pl\/index.php\/wp-json\/wp\/v2\/product_cat?post=1738"},{"taxonomy":"product_tag","embeddable":true,"href":"http:\/\/klubmamgdynia.pl\/index.php\/wp-json\/wp\/v2\/product_tag?post=1738"}],"curies":[{"name":"wp","href":"https:\/\/api.w.org\/{rel}","templated":true}]}}