{"id":1740,"date":"2019-08-07T05:18:52","date_gmt":"2019-08-07T03:18:52","guid":{"rendered":"http:\/\/klubmamgdynia.pl\/index.php\/produkt\/breathedge-gra-ps4\/"},"modified":"2026-04-27T00:08:15","modified_gmt":"2026-04-26T22:08:15","slug":"breathedge-gra-ps4","status":"publish","type":"product","link":"http:\/\/klubmamgdynia.pl\/index.php\/produkt\/breathedge-gra-ps4\/","title":{"rendered":"Breathedge (Gra PS4)"},"content":{"rendered":"<p>Breathedge &#8211; przezabawny kosmiczny survival\u00a0                            <\/p>\n<p>\u00a0Breathedge to wyj\u0105tkowa mieszanka osza\u0142amiaj\u0105cej grafiki i ekscytuj\u0105cych wra\u017ce\u0144 z perspektywy pierwszej osoby na otwartej przestrzeni oraz groteskowego humoru.\u00a0                            <\/p>\n<p>\u00a0Zbieraj przedmioty, tw\u00f3rz narz\u0119dzia, buduj pojazdy i nie tylko, aby rozwik\u0142a\u0107 tajemnic\u0119 eksplozji najwi\u0119kszego statku kosmicznego i jego mrocznych sekret\u00f3w. P\u0142ynna nawigacja w przestrzeni kosmicznej nie jest pozbawiona niebezpiecze\u0144stw: walcz z ekstremalnym zimnem i upa\u0142em, szkodliwym promieniowaniem oraz robotami \u017c\u0105dnymi krwi!\u00a0                            <\/p>\n<p>\u00a0                            <\/p>\n<p>\u00a0Osza\u0142amiaj\u0105ca oprawa wizualna i wysokiej jako\u015bci grafika obraz\u00f3w zamro\u017conych tu\u017c po pot\u0119\u017cnej eksplozji statku kosmicznego\u00a0                            <\/p>\n<p>\u00a0W Breathedge chodzi o rzemios\u0142o. Po pierwsze, dowiedz si\u0119, jak uzupe\u0142ni\u0107 zapasy powietrza, aby wyruszy\u0107 w kosmos i zebra\u0107 wszelkie zasoby, kt\u00f3re s\u0105 w zasi\u0119gu r\u0119ki.\u00a0                            <\/p>\n<p>\u00a0Przedzieraj si\u0119 przez g\u0142\u0119biny kosmosu pokonuj\u0105c niebezpiecze\u0144stwa\u00a0                            <\/p>\n<p>\u00a0Zbadaj zakamarki rozproszonych wn\u0119trz i tajnych obszar\u00f3w, aby dowiedzie\u0107 si\u0119, co naprawd\u0119 sta\u0142o si\u0119 ze s\u0142ynnym kosmicznym statkiem \u201eUnnamed\u201d\u00a0                            <\/p>\n<p>\u00a0Graj jako facet o imieniu The Man, prosty kole\u015b, kt\u00f3ry po prostu chcia\u0142 dotrze\u0107 na kosmiczny cmentarz z trumn\u0105 swojego ukochanego dziadka\u00a0                            <\/p>\n<p>\u00a0Walcz ze swoimi podstawowymi instynktami, niebezpiecze\u0144stwami otwartej przestrzeni, lataj\u0105cymi robotami i zdrowym rozs\u0105dkiem\u00a0                            <\/p>\n<p>\u00a0<\/p>\n<h2>Breathedge (Gra PS4) RedRuins Softworks<\/h2>\n<p>kr\u00f3tkie czytanki dla dzieci do wydruku, ozdoby na choinke przedszkole, wilga, zings kolorowanka, kolorowanka my little pony, bajka o poci\u0105gu do czytania, prezent dla pi\u0119tnastolatka, pomys\u0142 na prezent na roczek, warszawa atrakcje dla dzieci, quizy dla dzieci 7 lat, zagadki dla dzieci 10-12 lat trudne, bajka psi patrol do czytania, kuku\u0142eczka kuka tekst, samoch\u00f3d kolorowanka do druku, tupu tup po \u015bniegu tekst<\/p>\n<p>yyyyy<\/p>\n<p>&nbsp;<\/p>\n","protected":false},"excerpt":{"rendered":"<p>Breathedge &#8211; przezabawny kosmiczny survival\u00a0 \u00a0Breathedge to wyj\u0105tkowa mieszanka osza\u0142amiaj\u0105cej grafiki i ekscytuj\u0105cych wra\u017ce\u0144 z perspektywy pierwszej osoby na otwartej przestrzeni oraz groteskowego humoru.\u00a0 \u00a0Zbieraj przedmioty, tw\u00f3rz narz\u0119dzia, buduj pojazdy i nie tylko, aby rozwik\u0142a\u0107 tajemnic\u0119 eksplozji najwi\u0119kszego statku kosmicznego i jego mrocznych sekret\u00f3w. P\u0142ynna nawigacja w przestrzeni kosmicznej nie jest pozbawiona niebezpiecze\u0144stw: walcz z [&hellip;]<\/p>\n","protected":false},"featured_media":1741,"comment_status":"closed","ping_status":"open","template":"","meta":[],"product_cat":[203,459],"product_tag":[578,602,760,714,733],"class_list":["post-1740","product","type-product","status-publish","has-post-thumbnail","hentry","product_cat-gry-playstation-4","product_cat-redruins-softworks","product_tag-fajne-zarty-na-prima-aprilis","product_tag-quiz-o-zwierzetach-domowych","product_tag-zagadka-matematyczna","product_tag-zagadki-logiczne","product_tag-zarty-na-prima-aprilis"],"_links":{"self":[{"href":"http:\/\/klubmamgdynia.pl\/index.php\/wp-json\/wp\/v2\/product\/1740","targetHints":{"allow":["GET"]}}],"collection":[{"href":"http:\/\/klubmamgdynia.pl\/index.php\/wp-json\/wp\/v2\/product"}],"about":[{"href":"http:\/\/klubmamgdynia.pl\/index.php\/wp-json\/wp\/v2\/types\/product"}],"replies":[{"embeddable":true,"href":"http:\/\/klubmamgdynia.pl\/index.php\/wp-json\/wp\/v2\/comments?post=1740"}],"wp:featuredmedia":[{"embeddable":true,"href":"http:\/\/klubmamgdynia.pl\/index.php\/wp-json\/wp\/v2\/media\/1741"}],"wp:attachment":[{"href":"http:\/\/klubmamgdynia.pl\/index.php\/wp-json\/wp\/v2\/media?parent=1740"}],"wp:term":[{"taxonomy":"product_cat","embeddable":true,"href":"http:\/\/klubmamgdynia.pl\/index.php\/wp-json\/wp\/v2\/product_cat?post=1740"},{"taxonomy":"product_tag","embeddable":true,"href":"http:\/\/klubmamgdynia.pl\/index.php\/wp-json\/wp\/v2\/product_tag?post=1740"}],"curies":[{"name":"wp","href":"https:\/\/api.w.org\/{rel}","templated":true}]}}