{"id":1742,"date":"2023-11-19T18:21:55","date_gmt":"2023-11-19T17:21:55","guid":{"rendered":"http:\/\/klubmamgdynia.pl\/?post_type=product&#038;p=1742"},"modified":"2026-05-17T23:00:00","modified_gmt":"2026-05-17T21:00:00","slug":"gra-planszowa-dungeons-dragons-lords-of-waterdeep","status":"publish","type":"product","link":"http:\/\/klubmamgdynia.pl\/index.php\/produkt\/gra-planszowa-dungeons-dragons-lords-of-waterdeep\/","title":{"rendered":"Gra planszowa Dungeons &amp; Dragons Lords of Waterdeep"},"content":{"rendered":"<p>Waterdeep to jedna z najbardziej znanych metropolii Faerunu, do kt\u00f3rej nieprzypadkowo przylgn\u0105\u0142 przydomek Miasto Wspania\u0142o\u015bci.To jeden z najbardziej ol\u015bniewaj\u0105cych klejnot\u00f3w \u015bwiata Zapomnianych Krain, serce politycznych intryg, centrum handlu i pot\u0119\u017cnej magicznej tradycji. W\u0142adz\u0119 sprawuj\u0105 tu lordowie Waterdeep, zachowuj\u0105cy anonimowo\u015b\u0107 kupieccy w\u0142adcy, kt\u00f3rzy przewodz\u0105 radzie wraz mo\u017cnymi innych kupieckich pot\u0119g Wybrze\u017ca Mieczy.Lords of Waterdeep to gra planszowa, w kt\u00f3rej uczestnicy rozgrywki wcielaj\u0105 si\u0119 w tytu\u0142owych, zamaskowanych lord\u00f3w, rywalizuj\u0105cych o kontrol\u0119 nad miastem. Wp\u0142ywy i maj\u0105tek Waterdeep s\u0105 na wyci\u0105gni\u0119cie r\u0119ki, ale zagarn\u0105\u0107 je mo\u017cna tylko na drodze rozwa\u017cnych negocjacji, wyrafinowanych oszustw i zawi\u0142ych intryg.Podczas rozgrywki lordowie wydaj\u0105 polecenia swym agentom, za ich po\u015brednictwem najmuj\u0105 poszukiwaczy przyg\u00f3d by wykonywali dla nich misje i pomagali w gromadzeniu wp\u0142yw\u00f3w. Wznosz\u0105 tak\u017ce w mie\u015bcie nowe budynki, poszerzaj\u0105ce repertuar dost\u0119pnych dzia\u0142a\u0144 oraz zagrywaj\u0105 karty Intryg, wprowadzaj\u0105c w \u017cycie swoje starannie u\u0142o\u017cone plany.Lords of Waterdeep to efektownie wydana, ciekawa gra strategiczna, ubrana w barwne szaty najpopularniejszego uniwersum Dungeons&amp;Dragons.Liczba graczy: 2 &#8211; 5 os\u00f3bWiek: od 12 latCzas gry: ok. 60 minutZawarto\u015b\u0107 pude\u0142ka:plansza Waterdeep5 plansz graczyinstrukcja100 drewnianych kostek poszukiwaczy przyg\u00f3d (po 25 w 4 kolorach)33 drewniane znaczniki punktacji, agent\u00f3w, ambasadora, porucznika i pierwszego gracza121 kart24 p\u0142ytki budynk\u00f3w45 znacznik\u00f3w kontroli60 znacznik\u00f3w z\u0142ota w dw\u00f3ch nomina\u0142ach36 \u017ceton\u00f3w punkt\u00f3w zwyci\u0119stwa5 \u017ceton\u00f3w 100 punkt\u00f3w zwyci\u0119stwaGra oryginalna, nowa, fabrycznie zapakowana, wydana w j\u0119zyku angielskim.<\/p>\n<h2>Gra planszowa Dungeons &amp; Dragons Lords of Waterdeep Wizards of the Coast<\/h2>\n<p>wiersz o wakacjach, molo w brze\u017anie, kolorowanki lol, szablony zimowe do wydruku, prezent na roczek od babci, quiz o miko\u0142ajku, prank na prima aprilis<\/p>\n<p>yyyyy<\/p>\n<p>&nbsp;<\/p>\n","protected":false},"excerpt":{"rendered":"<p>Waterdeep to jedna z najbardziej znanych metropolii Faerunu, do kt\u00f3rej nieprzypadkowo przylgn\u0105\u0142 przydomek Miasto Wspania\u0142o\u015bci.To jeden z najbardziej ol\u015bniewaj\u0105cych klejnot\u00f3w \u015bwiata Zapomnianych Krain, serce politycznych intryg, centrum handlu i pot\u0119\u017cnej magicznej tradycji. W\u0142adz\u0119 sprawuj\u0105 tu lordowie Waterdeep, zachowuj\u0105cy anonimowo\u015b\u0107 kupieccy w\u0142adcy, kt\u00f3rzy przewodz\u0105 radzie wraz mo\u017cnymi innych kupieckich pot\u0119g Wybrze\u017ca Mieczy.Lords of Waterdeep to gra [&hellip;]<\/p>\n","protected":false},"featured_media":1743,"comment_status":"closed","ping_status":"open","template":"","meta":[],"product_cat":[235,397],"product_tag":[668,828,614,764,586,608],"class_list":["post-1742","product","type-product","status-publish","has-post-thumbnail","hentry","product_cat-gry-planszowe","product_cat-wizards-of-the-coast","product_tag-atrakcje-dla-dzieci-wroclaw","product_tag-filmy-wigilijne-dla-dzieci","product_tag-pia","product_tag-prezenty-na-roczek-dla-dziewczynki","product_tag-smieszne-zagadki","product_tag-zagadki-i-odpowiedzi"],"_links":{"self":[{"href":"http:\/\/klubmamgdynia.pl\/index.php\/wp-json\/wp\/v2\/product\/1742","targetHints":{"allow":["GET"]}}],"collection":[{"href":"http:\/\/klubmamgdynia.pl\/index.php\/wp-json\/wp\/v2\/product"}],"about":[{"href":"http:\/\/klubmamgdynia.pl\/index.php\/wp-json\/wp\/v2\/types\/product"}],"replies":[{"embeddable":true,"href":"http:\/\/klubmamgdynia.pl\/index.php\/wp-json\/wp\/v2\/comments?post=1742"}],"wp:featuredmedia":[{"embeddable":true,"href":"http:\/\/klubmamgdynia.pl\/index.php\/wp-json\/wp\/v2\/media\/1743"}],"wp:attachment":[{"href":"http:\/\/klubmamgdynia.pl\/index.php\/wp-json\/wp\/v2\/media?parent=1742"}],"wp:term":[{"taxonomy":"product_cat","embeddable":true,"href":"http:\/\/klubmamgdynia.pl\/index.php\/wp-json\/wp\/v2\/product_cat?post=1742"},{"taxonomy":"product_tag","embeddable":true,"href":"http:\/\/klubmamgdynia.pl\/index.php\/wp-json\/wp\/v2\/product_tag?post=1742"}],"curies":[{"name":"wp","href":"https:\/\/api.w.org\/{rel}","templated":true}]}}