{"id":1744,"date":"2024-12-01T06:27:49","date_gmt":"2024-12-01T05:27:49","guid":{"rendered":"http:\/\/klubmamgdynia.pl\/?post_type=product&#038;p=1744"},"modified":"2026-04-29T10:04:18","modified_gmt":"2026-04-29T08:04:18","slug":"okulary-przeciwsloneczne-carrera-256-85k-9o-58","status":"publish","type":"product","link":"http:\/\/klubmamgdynia.pl\/index.php\/produkt\/okulary-przeciwsloneczne-carrera-256-85k-9o-58\/","title":{"rendered":"Okulary przeciws\u0142oneczne Carrera 256 85K 9O 58"},"content":{"rendered":"<p>Okulary przeciws\u0142oneczne Carrera 256 85K 9ORozmiar: 58Kategoria filtra: 3<\/p>\n<h2>Okulary przeciws\u0142oneczne Carrera 256 85K 9O 58 Carrera<\/h2>\n<p>imi\u0119 leon, wiersz o wakacjach, litera y do druku, prezent dla 16 latka, prezent dla dziewczynki na roczek, podchwytliwe zagadki dla doros\u0142ych, quiz flagi europy, karmen imie, kolorowanka do druku lol, wierszyk o marzannie, logiczne zagadki dla dzieci, trudne zagadki i odpowiedzi, szablon krokus kolorowanka<\/p>\n<p>yyyyy<\/p>\n<p>&nbsp;<\/p>\n","protected":false},"excerpt":{"rendered":"<p>Okulary przeciws\u0142oneczne Carrera 256 85K 9ORozmiar: 58Kategoria filtra: 3 Okulary przeciws\u0142oneczne Carrera 256 85K 9O 58 Carrera imi\u0119 leon, wiersz o wakacjach, litera y do druku, prezent dla 16 latka, prezent dla dziewczynki na roczek, podchwytliwe zagadki dla doros\u0142ych, quiz flagi europy, karmen imie, kolorowanka do druku lol, wierszyk o marzannie, logiczne zagadki dla dzieci, [&hellip;]<\/p>\n","protected":false},"featured_media":1745,"comment_status":"closed","ping_status":"open","template":"","meta":[],"product_cat":[140,154],"product_tag":[690,786,738,710],"class_list":["post-1744","product","type-product","status-publish","has-post-thumbnail","hentry","product_cat-carrera","product_cat-okulary-przeciwsloneczne-damskie","product_tag-pieski-male-dwa-tekst","product_tag-prezent-na-1-urodziny","product_tag-wroclaw-dla-dzieci","product_tag-zagadki-dla-dzieci-10-12-lat"],"_links":{"self":[{"href":"http:\/\/klubmamgdynia.pl\/index.php\/wp-json\/wp\/v2\/product\/1744","targetHints":{"allow":["GET"]}}],"collection":[{"href":"http:\/\/klubmamgdynia.pl\/index.php\/wp-json\/wp\/v2\/product"}],"about":[{"href":"http:\/\/klubmamgdynia.pl\/index.php\/wp-json\/wp\/v2\/types\/product"}],"replies":[{"embeddable":true,"href":"http:\/\/klubmamgdynia.pl\/index.php\/wp-json\/wp\/v2\/comments?post=1744"}],"wp:featuredmedia":[{"embeddable":true,"href":"http:\/\/klubmamgdynia.pl\/index.php\/wp-json\/wp\/v2\/media\/1745"}],"wp:attachment":[{"href":"http:\/\/klubmamgdynia.pl\/index.php\/wp-json\/wp\/v2\/media?parent=1744"}],"wp:term":[{"taxonomy":"product_cat","embeddable":true,"href":"http:\/\/klubmamgdynia.pl\/index.php\/wp-json\/wp\/v2\/product_cat?post=1744"},{"taxonomy":"product_tag","embeddable":true,"href":"http:\/\/klubmamgdynia.pl\/index.php\/wp-json\/wp\/v2\/product_tag?post=1744"}],"curies":[{"name":"wp","href":"https:\/\/api.w.org\/{rel}","templated":true}]}}