{"id":1746,"date":"2020-10-07T01:22:05","date_gmt":"2020-10-06T23:22:05","guid":{"rendered":"http:\/\/klubmamgdynia.pl\/index.php\/produkt\/okulary-przeciwsloneczne-carrera-2032-086-51\/"},"modified":"2026-05-17T22:38:05","modified_gmt":"2026-05-17T20:38:05","slug":"okulary-przeciwsloneczne-carrera-2032-086-51","status":"publish","type":"product","link":"http:\/\/klubmamgdynia.pl\/index.php\/produkt\/okulary-przeciwsloneczne-carrera-2032-086-51\/","title":{"rendered":"Okulary przeciws\u0142oneczne Carrera 2032 086 51"},"content":{"rendered":"<p>Okulary przeciws\u0142oneczne Carrera 2032 086 IRRozmiar: 51Kategoria filtra: 3<\/p>\n<h2>Okulary przeciws\u0142oneczne Carrera 2032 086 51 Carrera<\/h2>\n<p>wielkanocne zagadki dla dzieci, opis do zdj\u0119cia dziecka, szablony papierowe lalki do ubierania do wydruku, miasto dzieci krak\u00f3w<\/p>\n<p>yyyyy<\/p>\n<p>&nbsp;<\/p>\n","protected":false},"excerpt":{"rendered":"<p>Okulary przeciws\u0142oneczne Carrera 2032 086 IRRozmiar: 51Kategoria filtra: 3 Okulary przeciws\u0142oneczne Carrera 2032 086 51 Carrera wielkanocne zagadki dla dzieci, opis do zdj\u0119cia dziecka, szablony papierowe lalki do ubierania do wydruku, miasto dzieci krak\u00f3w yyyyy &nbsp;<\/p>\n","protected":false},"featured_media":1747,"comment_status":"closed","ping_status":"open","template":"","meta":[],"product_cat":[140,154],"product_tag":[734,682,604,820],"class_list":["post-1746","product","type-product","status-publish","has-post-thumbnail","hentry","product_cat-carrera","product_cat-okulary-przeciwsloneczne-damskie","product_tag-milan-imie","product_tag-przyjazn-cytaty","product_tag-zagadki-trudne","product_tag-ziemia-wyspa-zielona-tekst"],"_links":{"self":[{"href":"http:\/\/klubmamgdynia.pl\/index.php\/wp-json\/wp\/v2\/product\/1746","targetHints":{"allow":["GET"]}}],"collection":[{"href":"http:\/\/klubmamgdynia.pl\/index.php\/wp-json\/wp\/v2\/product"}],"about":[{"href":"http:\/\/klubmamgdynia.pl\/index.php\/wp-json\/wp\/v2\/types\/product"}],"replies":[{"embeddable":true,"href":"http:\/\/klubmamgdynia.pl\/index.php\/wp-json\/wp\/v2\/comments?post=1746"}],"wp:featuredmedia":[{"embeddable":true,"href":"http:\/\/klubmamgdynia.pl\/index.php\/wp-json\/wp\/v2\/media\/1747"}],"wp:attachment":[{"href":"http:\/\/klubmamgdynia.pl\/index.php\/wp-json\/wp\/v2\/media?parent=1746"}],"wp:term":[{"taxonomy":"product_cat","embeddable":true,"href":"http:\/\/klubmamgdynia.pl\/index.php\/wp-json\/wp\/v2\/product_cat?post=1746"},{"taxonomy":"product_tag","embeddable":true,"href":"http:\/\/klubmamgdynia.pl\/index.php\/wp-json\/wp\/v2\/product_tag?post=1746"}],"curies":[{"name":"wp","href":"https:\/\/api.w.org\/{rel}","templated":true}]}}