{"id":1748,"date":"2017-05-23T01:14:40","date_gmt":"2017-05-22T23:14:40","guid":{"rendered":"http:\/\/klubmamgdynia.pl\/index.php\/produkt\/cortex-dla-dzieci\/"},"modified":"2026-04-06T00:37:35","modified_gmt":"2026-04-05T22:37:35","slug":"cortex-dla-dzieci","status":"publish","type":"product","link":"http:\/\/klubmamgdynia.pl\/index.php\/produkt\/cortex-dla-dzieci\/","title":{"rendered":"Cortex dla Dzieci"},"content":{"rendered":"<p>Cortex dla Dzieci<br \/>\nOto dynamiczna i weso\u0142a gra, kt\u00f3ra pozwoli Wam wzmocni\u0107 pami\u0119\u0107, zr\u0119czno\u015b\u0107 i zdolno\u015b\u0107 kojarzenia fakt\u00f3w, jednocze\u015bnie pozostaj\u0105c \u015bwietn\u0105 zabaw\u0105!<br \/>\nW Cortex dla Dzieci od 2 do 6 graczy b\u0119dzie rywalizowa\u0107 ze sob\u0105, szybko zgaduj\u0105c odpowiedzi na 8 rodzaj\u00f3w wyzwa\u0144, kt\u00f3re rozwijaj\u0105 r\u00f3\u017cne funkcje ludzkiego m\u00f3zgu. Za prawid\u0142owe odpowiedzi otrzymaj\u0105 cz\u0119\u015bci uk\u0142adanki, a pierwsza osoba, kt\u00f3ra zdob\u0119dzie wszystkie 4 cz\u0119\u015bci i uko\u0144czy sw\u00f3j obrazek m\u00f3zgu, zostanie zwyci\u0119zc\u0105!<br \/>\nNie czekaj! Zbierz przyjaci\u00f3\u0142 i wyzwij ich na pojedynek, w kt\u00f3rym zetr\u0105 si\u0119 Wasze umys\u0142y! Cortex dla Dzieci posiada zasady i karty zaprojektowane specjalnie z my\u015bl\u0105 o najm\u0142odszych graczach, pozostaj\u0105c atrakcyjnym wyzwaniem tak\u017ce dla tych starszych!<br \/>\nautor:<br \/>\nJohan Benvenuto, Nicolas Bourgoin<br \/>\nilustrator:<br \/>\nS\u00e9bastien Lopez\u00a0wydawca:<br \/>\nRebel                            <\/p>\n<p>Na czym to polega?<br \/>\nRoz\u0142\u00f3\u017ccie 10 kart faktur na stole. Przez 30 sekund niech ka\u017cdy je poogl\u0105da, dotknie i spr\u00f3buje zapami\u0119ta\u0107. Od\u0142\u00f3\u017ccie je na bok, a karty test\u00f3w przetasujcie i u\u0142\u00f3\u017ccie w stos na \u015brodku sto\u0142u, rewersem do g\u00f3ry.\u00a0Najm\u0142odszy z graczy odwraca g\u00f3rn\u0105 kart\u0119 ze stosu, k\u0142ad\u0105c j\u0105 tak, by wszyscy mogli odczyta\u0107 jej tre\u015b\u0107.\u00a0Gdy kt\u00f3ry\u015b z graczy stwierdzi, \u017ce zna odpowied\u017a, natychmiast zakrywa kart\u0119 d\u0142oni\u0105 i wykrzykuje odpowied\u017a!\u00a0Gdy zabierze r\u0119k\u0119, sprawdzacie, czy mia\u0142 racj\u0119 i je\u015bli tak &#8211; otrzymuje t\u0119 (zakryt\u0105) kart\u0119 przed sob\u0105. Je\u015bli gracz uzbiera 2 karty o takim samym rewersie, to wymienia je na jedn\u0105 z 4 cz\u0119\u015bci uk\u0142adanki.\u00a0Je\u015bli nie mia\u0142 racji, kart\u0119 wtasowujecie do stosu i rozpoczynacie nast\u0119pn\u0105 rund\u0119. Gracz, kt\u00f3ry w\u0142a\u015bnie si\u0119 pomyli\u0142 nie mo\u017ce udziela\u0107 odpowiedzi przez nast\u0119pn\u0105 kolejk\u0119!                            <\/p>\n<p>Osiem rodzaj\u00f3w wyzwa\u0144, kt\u00f3re pobudz\u0105 Twoje zmys\u0142y!<br \/>\nPami\u0119\u0107 &#8211; zakryj kart\u0119 d\u0142oni\u0105 i wymie\u0144 4 rzeczy, kt\u00f3re na niej zauwa\u017cy\u0142e\u015b.\u00a0Labirynt &#8211; zakryj kart\u0119 d\u0142oni\u0105 i pom\u00f3\u017c postaci odnale\u017a\u0107 drog\u0119 do celu!\u00a0Niepasuj\u0105cy element &#8211; zakryj kart\u0119 d\u0142oni\u0105 i powiedz, kt\u00f3ry element nie pasuje do pozosta\u0142ych!\u00a0Koordynacja &#8211; jedn\u0105 r\u0119k\u0105 zakryj kart\u0119, a odpowiednim palcem drugiej dotknij wskazanej cz\u0119\u015bci cia\u0142a!\u00a0Para &#8211; zakryj kart\u0119 d\u0142oni\u0105 i powiedz, kt\u00f3ry z wielu przedstawionych na niej obrazk\u00f3w wyst\u0105pi\u0142 dwukrotnie!\u00a0Cz\u0119stotliwo\u015b\u0107 &#8211; zakryj t\u0119 kart\u0119 i powiedz, kt\u00f3ry element wyst\u0119puje na niej najcz\u0119\u015bciej!\u00a0Rozumowanie &#8211; zakryj kart\u0119 d\u0142oni\u0105 i powiedz, kt\u00f3ry kszta\u0142t pasuje do pustego miejsca!\u00a0Wyzwanie &#8211; gracz, kt\u00f3ry rozwi\u0105za\u0142 poprzednie wyzwanie musi zamkn\u0105\u0107 oczy i polegaj\u0105c wy\u0142\u0105cznie na zmy\u015ble dotyku rozpozna\u0107 faktur\u0119 jednej ze specjalnych kart imituj\u0105cych powierzchni\u0119 pi\u0142ki do kosza, mchu, sk\u00f3ry lub innych materia\u0142\u00f3w.                            <\/p>\n<p>Nagrody i wyr\u00f3\u017cnienia przyznane serii Cortex<br \/>\nSeria Cortex zdoby\u0142a presti\u017cowy tytu\u0142 Zabawka Roku 2017 przyznawany przez portal Zabawkowicz.pl dla najbardziej warto\u015bciowych, m\u0105drych i bezpiecznych zabawek i gier.\u00a0Seria otrzyma\u0142a r\u00f3wnie\u017c wyr\u00f3\u017cnienie w XVI edycji konkursu &#8222;\u015awiat przyjazny dziecku&#8221; organizowanym przez Komitet Ochrony Praw Dziecka w 2018 r.<\/p>\n<p>Zawarto\u015b\u0107 pude\u0142ka:<br \/>\n90 kart (74 karty test\u00f3w, 6 kart wyzwa\u0144, 10 kart faktur z wyt\u0142oczeniami)\u00a06 uk\u0142adanek z obrazkiem kolorowego m\u00f3zgu (razem 24 cz\u0119\u015bci)<\/p>\n<h2>Cortex dla Dzieci Rebel<\/h2>\n<p>kwiaty polne nazwy i zdj\u0119cia, zagadki logiczne \u015bmieszne, kuchcikowo przepisy dla dzieci, czapka g\u00f3rnika kolorowanka, quizy dla dzieci z bajek, prezenty dla nastolatkow, szablony zimowe do wydruku, gwiazda do wydruku, ach \u015bpij kochanie tekst, quiz o ro\u015blinach, rysunki do druku, z\u0142ote my\u015bli pedagogiczne, aron imi\u0119, ma\u0142y ksi\u0105\u017c\u0119 &#8211; test z odpowiedziami, co kupi\u0107 na roczek dla dziewczynki, papugi do druku, nadia, minecraft szablony do druku, zagadki na logik\u0119, jedzie poci\u0105g z daleka tekst, quiz dzieci z bullerbyn<\/p>\n<p>yyyyy<\/p>\n<p>&nbsp;<\/p>\n","protected":false},"excerpt":{"rendered":"<p>Cortex dla Dzieci Oto dynamiczna i weso\u0142a gra, kt\u00f3ra pozwoli Wam wzmocni\u0107 pami\u0119\u0107, zr\u0119czno\u015b\u0107 i zdolno\u015b\u0107 kojarzenia fakt\u00f3w, jednocze\u015bnie pozostaj\u0105c \u015bwietn\u0105 zabaw\u0105! W Cortex dla Dzieci od 2 do 6 graczy b\u0119dzie rywalizowa\u0107 ze sob\u0105, szybko zgaduj\u0105c odpowiedzi na 8 rodzaj\u00f3w wyzwa\u0144, kt\u00f3re rozwijaj\u0105 r\u00f3\u017cne funkcje ludzkiego m\u00f3zgu. Za prawid\u0142owe odpowiedzi otrzymaj\u0105 cz\u0119\u015bci uk\u0142adanki, a [&hellip;]<\/p>\n","protected":false},"featured_media":1749,"comment_status":"closed","ping_status":"open","template":"","meta":[],"product_cat":[130,219],"product_tag":[844,866,606],"class_list":["post-1748","product","type-product","status-publish","has-post-thumbnail","hentry","product_cat-gry-dzieciece","product_cat-rebel","product_tag-co-kupic-na-roczek","product_tag-opis-do-zdjecia-dziecka-na-fb","product_tag-stala-pod-sniegiem"],"_links":{"self":[{"href":"http:\/\/klubmamgdynia.pl\/index.php\/wp-json\/wp\/v2\/product\/1748","targetHints":{"allow":["GET"]}}],"collection":[{"href":"http:\/\/klubmamgdynia.pl\/index.php\/wp-json\/wp\/v2\/product"}],"about":[{"href":"http:\/\/klubmamgdynia.pl\/index.php\/wp-json\/wp\/v2\/types\/product"}],"replies":[{"embeddable":true,"href":"http:\/\/klubmamgdynia.pl\/index.php\/wp-json\/wp\/v2\/comments?post=1748"}],"wp:featuredmedia":[{"embeddable":true,"href":"http:\/\/klubmamgdynia.pl\/index.php\/wp-json\/wp\/v2\/media\/1749"}],"wp:attachment":[{"href":"http:\/\/klubmamgdynia.pl\/index.php\/wp-json\/wp\/v2\/media?parent=1748"}],"wp:term":[{"taxonomy":"product_cat","embeddable":true,"href":"http:\/\/klubmamgdynia.pl\/index.php\/wp-json\/wp\/v2\/product_cat?post=1748"},{"taxonomy":"product_tag","embeddable":true,"href":"http:\/\/klubmamgdynia.pl\/index.php\/wp-json\/wp\/v2\/product_tag?post=1748"}],"curies":[{"name":"wp","href":"https:\/\/api.w.org\/{rel}","templated":true}]}}