{"id":175,"date":"2020-09-28T06:28:04","date_gmt":"2020-09-28T04:28:04","guid":{"rendered":"http:\/\/klubmamgdynia.pl\/index.php\/produkt\/dromader-grzechotka-hipcio-dla-maluszka-super-jakosc\/"},"modified":"2026-04-30T02:55:13","modified_gmt":"2026-04-30T00:55:13","slug":"dromader-grzechotka-hipcio-dla-maluszka-super-jakosc","status":"publish","type":"product","link":"http:\/\/klubmamgdynia.pl\/index.php\/produkt\/dromader-grzechotka-hipcio-dla-maluszka-super-jakosc\/","title":{"rendered":"Dromader Grzechotka Hipcio Dla Maluszka Super Jako\u015bc"},"content":{"rendered":"<p>Grzechotka ma za zadanie przyci\u0105gn\u0105\u0107 uwag\u0119 waszego male\u0144stwa i umili\u0107 im wsp\u00f3lne zabawy lub wyj\u015bcia na spacery .\u017bywe kolory pozwol\u0105 dziecku na \u0107wiczenie motoryki poprzez chwytanie, obracanie i potrz\u0105sanie. \u015awietnie nadaj\u0105 si\u0119 do \u0107wiczenia koordynacji ruchowej, s\u0142uchowej i wzrokowej twojego male\u0144stwa .<\/p>\n<h2>Dromader Grzechotka Hipcio Dla Maluszka Super Jako\u015bc Dromader<\/h2>\n<p>kr\u00f3tkie zagadki, zagadki o zwierzetach, zagadki zimowe dla dzieci, pierwsze urodziny prezent na roczek dla ch\u0142opca, bajki terapeutyczne o emocjach, prezent dla dziewczynki 7 lat, zagadki wielkanocne dla dzieci, zagadki o owocach, pokemony do druku<\/p>\n<p>yyyyy<\/p>\n<p>&nbsp;<\/p>\n","protected":false},"excerpt":{"rendered":"<p>Grzechotka ma za zadanie przyci\u0105gn\u0105\u0107 uwag\u0119 waszego male\u0144stwa i umili\u0107 im wsp\u00f3lne zabawy lub wyj\u015bcia na spacery .\u017bywe kolory pozwol\u0105 dziecku na \u0107wiczenie motoryki poprzez chwytanie, obracanie i potrz\u0105sanie. \u015awietnie nadaj\u0105 si\u0119 do \u0107wiczenia koordynacji ruchowej, s\u0142uchowej i wzrokowej twojego male\u0144stwa . Dromader Grzechotka Hipcio Dla Maluszka Super Jako\u015bc Dromader kr\u00f3tkie zagadki, zagadki o zwierzetach, [&hellip;]<\/p>\n","protected":false},"featured_media":176,"comment_status":"closed","ping_status":"open","template":"","meta":[],"product_cat":[60,26],"product_tag":[797,582,682],"class_list":["post-175","product","type-product","status-publish","has-post-thumbnail","hentry","product_cat-dromader","product_cat-zabawki-do-wozka-lozeczka-i-fotelika","product_tag-kiekrz","product_tag-nauka-pisania-literek-do-wydruku-pdf","product_tag-przyjazn-cytaty"],"_links":{"self":[{"href":"http:\/\/klubmamgdynia.pl\/index.php\/wp-json\/wp\/v2\/product\/175","targetHints":{"allow":["GET"]}}],"collection":[{"href":"http:\/\/klubmamgdynia.pl\/index.php\/wp-json\/wp\/v2\/product"}],"about":[{"href":"http:\/\/klubmamgdynia.pl\/index.php\/wp-json\/wp\/v2\/types\/product"}],"replies":[{"embeddable":true,"href":"http:\/\/klubmamgdynia.pl\/index.php\/wp-json\/wp\/v2\/comments?post=175"}],"wp:featuredmedia":[{"embeddable":true,"href":"http:\/\/klubmamgdynia.pl\/index.php\/wp-json\/wp\/v2\/media\/176"}],"wp:attachment":[{"href":"http:\/\/klubmamgdynia.pl\/index.php\/wp-json\/wp\/v2\/media?parent=175"}],"wp:term":[{"taxonomy":"product_cat","embeddable":true,"href":"http:\/\/klubmamgdynia.pl\/index.php\/wp-json\/wp\/v2\/product_cat?post=175"},{"taxonomy":"product_tag","embeddable":true,"href":"http:\/\/klubmamgdynia.pl\/index.php\/wp-json\/wp\/v2\/product_tag?post=175"}],"curies":[{"name":"wp","href":"https:\/\/api.w.org\/{rel}","templated":true}]}}