{"id":1752,"date":"2013-12-20T19:49:38","date_gmt":"2013-12-20T18:49:38","guid":{"rendered":"http:\/\/klubmamgdynia.pl\/index.php\/produkt\/cada-klocki-samochod-klasyk-citroen-2cv-298el\/"},"modified":"2026-04-25T21:24:12","modified_gmt":"2026-04-25T19:24:12","slug":"cada-klocki-samochod-klasyk-citroen-2cv-298el","status":"publish","type":"product","link":"http:\/\/klubmamgdynia.pl\/index.php\/produkt\/cada-klocki-samochod-klasyk-citroen-2cv-298el\/","title":{"rendered":"Cada Klocki Samoch\u00f3d Klasyk Citroen 2Cv 298El."},"content":{"rendered":"<p>Klocki Pojazd Citroen 2CV 298 element\u00f3wWyprodukowane przez mark\u0119 Double Eagle klocki do budowy pojazd\u00f3w, broni, figurek i wiele innych.Zestaw sk\u0142ada si\u0119 z 298 element\u00f3w i umo\u017cliwia stworzenie niesamowitego klasyka &#8211; \u017c\u00f3\u0142tego Citroena 2CV. Wyposa\u017cony zosta\u0142 w 4 gumowe ko\u0142a, kt\u00f3ry umo\u017cliwi poruszanie si\u0119 po r\u00f3\u017cnych powierzchniach.Ten zestaw sprawdzi si\u0119 dla tych, kt\u00f3rzy lubi\u0105 projekty manualne i ch\u0119tnie rozwijaj\u0105 swoj\u0105 wyobra\u017ani\u0119.kod producenta: C55021Wilo\u015b\u0107 element\u00f3w: 298wymiary opakowania: 26 x 14 x 7,5 cmprodukt odpowiedni dla dzieci powy\u017cej 8 roku \u017cycia.<\/p>\n<h2>Cada Klocki Samoch\u00f3d Klasyk Citroen 2Cv 298El. Cada<\/h2>\n<p>mia imie, \u015bwinka peppa bajki do czytania, zabawy ruchowe dla dzieci w przedszkolu, zagadki o dinozaurach<\/p>\n<p>yyyyy<\/p>\n<p>&nbsp;<\/p>\n","protected":false},"excerpt":{"rendered":"<p>Klocki Pojazd Citroen 2CV 298 element\u00f3wWyprodukowane przez mark\u0119 Double Eagle klocki do budowy pojazd\u00f3w, broni, figurek i wiele innych.Zestaw sk\u0142ada si\u0119 z 298 element\u00f3w i umo\u017cliwia stworzenie niesamowitego klasyka &#8211; \u017c\u00f3\u0142tego Citroena 2CV. Wyposa\u017cony zosta\u0142 w 4 gumowe ko\u0142a, kt\u00f3ry umo\u017cliwi poruszanie si\u0119 po r\u00f3\u017cnych powierzchniach.Ten zestaw sprawdzi si\u0119 dla tych, kt\u00f3rzy lubi\u0105 projekty manualne [&hellip;]<\/p>\n","protected":false},"featured_media":1753,"comment_status":"closed","ping_status":"open","template":"","meta":[],"product_cat":[460,113],"product_tag":[630,602,579],"class_list":["post-1752","product","type-product","status-publish","has-post-thumbnail","hentry","product_cat-cada","product_cat-klocki","product_tag-podchwytliwe-zagadki-z-odpowiedziami","product_tag-quiz-o-zwierzetach-domowych","product_tag-quiz-opowiesci-z-narnii-lew-czarownica-i-stara-szafa"],"_links":{"self":[{"href":"http:\/\/klubmamgdynia.pl\/index.php\/wp-json\/wp\/v2\/product\/1752","targetHints":{"allow":["GET"]}}],"collection":[{"href":"http:\/\/klubmamgdynia.pl\/index.php\/wp-json\/wp\/v2\/product"}],"about":[{"href":"http:\/\/klubmamgdynia.pl\/index.php\/wp-json\/wp\/v2\/types\/product"}],"replies":[{"embeddable":true,"href":"http:\/\/klubmamgdynia.pl\/index.php\/wp-json\/wp\/v2\/comments?post=1752"}],"wp:featuredmedia":[{"embeddable":true,"href":"http:\/\/klubmamgdynia.pl\/index.php\/wp-json\/wp\/v2\/media\/1753"}],"wp:attachment":[{"href":"http:\/\/klubmamgdynia.pl\/index.php\/wp-json\/wp\/v2\/media?parent=1752"}],"wp:term":[{"taxonomy":"product_cat","embeddable":true,"href":"http:\/\/klubmamgdynia.pl\/index.php\/wp-json\/wp\/v2\/product_cat?post=1752"},{"taxonomy":"product_tag","embeddable":true,"href":"http:\/\/klubmamgdynia.pl\/index.php\/wp-json\/wp\/v2\/product_tag?post=1752"}],"curies":[{"name":"wp","href":"https:\/\/api.w.org\/{rel}","templated":true}]}}