{"id":1754,"date":"2021-01-04T02:23:31","date_gmt":"2021-01-04T01:23:31","guid":{"rendered":"http:\/\/klubmamgdynia.pl\/index.php\/produkt\/cada-klocki-konstrukcyjne-auto-master-samochod\/"},"modified":"2026-04-06T02:30:31","modified_gmt":"2026-04-06T00:30:31","slug":"cada-klocki-konstrukcyjne-auto-master-samochod","status":"publish","type":"product","link":"http:\/\/klubmamgdynia.pl\/index.php\/produkt\/cada-klocki-konstrukcyjne-auto-master-samochod\/","title":{"rendered":"Cada Klocki Konstrukcyjne Auto Master Samoch\u00f3d"},"content":{"rendered":"<p>Klocki Konstrukcyjne Auto Cada Master Samoch\u00f3d<\/p>\n<h2>Cada Klocki Konstrukcyjne Auto Master Samoch\u00f3d Cada<\/h2>\n<p>kolorowanka harry potter do druku, quiz flagi, kolorowanka robot, teksty ko\u0142ysanek, weso\u0142e pisanki tekst piosenki, pomys\u0142 na prezent na roczek, testy z lektury zemsta, \u015bwinka peppa kolorowanka do druku, o\u015brodki wczasowe nad morzem dla rodzin z dzie\u0107mi, mama cytaty, jednoro\u017cec kolorowanka do druku, zagadki dla doros\u0142ych<\/p>\n<p>yyyyy<\/p>\n<p>&nbsp;<\/p>\n","protected":false},"excerpt":{"rendered":"<p>Klocki Konstrukcyjne Auto Cada Master Samoch\u00f3d Cada Klocki Konstrukcyjne Auto Master Samoch\u00f3d Cada kolorowanka harry potter do druku, quiz flagi, kolorowanka robot, teksty ko\u0142ysanek, weso\u0142e pisanki tekst piosenki, pomys\u0142 na prezent na roczek, testy z lektury zemsta, \u015bwinka peppa kolorowanka do druku, o\u015brodki wczasowe nad morzem dla rodzin z dzie\u0107mi, mama cytaty, jednoro\u017cec kolorowanka do [&hellip;]<\/p>\n","protected":false},"featured_media":1755,"comment_status":"closed","ping_status":"open","template":"","meta":[],"product_cat":[460,113],"product_tag":[825,617,678,736],"class_list":["post-1754","product","type-product","status-publish","has-post-thumbnail","hentry","product_cat-cada","product_cat-klocki","product_tag-bajka-na-dobranoc-do-czytania","product_tag-keyword","product_tag-prezent-na-roczek-dla-dziewczynki","product_tag-zabawki-na-roczek"],"_links":{"self":[{"href":"http:\/\/klubmamgdynia.pl\/index.php\/wp-json\/wp\/v2\/product\/1754","targetHints":{"allow":["GET"]}}],"collection":[{"href":"http:\/\/klubmamgdynia.pl\/index.php\/wp-json\/wp\/v2\/product"}],"about":[{"href":"http:\/\/klubmamgdynia.pl\/index.php\/wp-json\/wp\/v2\/types\/product"}],"replies":[{"embeddable":true,"href":"http:\/\/klubmamgdynia.pl\/index.php\/wp-json\/wp\/v2\/comments?post=1754"}],"wp:featuredmedia":[{"embeddable":true,"href":"http:\/\/klubmamgdynia.pl\/index.php\/wp-json\/wp\/v2\/media\/1755"}],"wp:attachment":[{"href":"http:\/\/klubmamgdynia.pl\/index.php\/wp-json\/wp\/v2\/media?parent=1754"}],"wp:term":[{"taxonomy":"product_cat","embeddable":true,"href":"http:\/\/klubmamgdynia.pl\/index.php\/wp-json\/wp\/v2\/product_cat?post=1754"},{"taxonomy":"product_tag","embeddable":true,"href":"http:\/\/klubmamgdynia.pl\/index.php\/wp-json\/wp\/v2\/product_tag?post=1754"}],"curies":[{"name":"wp","href":"https:\/\/api.w.org\/{rel}","templated":true}]}}