{"id":1756,"date":"2013-01-29T00:35:28","date_gmt":"2013-01-28T23:35:28","guid":{"rendered":"http:\/\/klubmamgdynia.pl\/index.php\/produkt\/cada-klocki-blue-race-car-dual-mode-control\/"},"modified":"2026-04-28T22:48:28","modified_gmt":"2026-04-28T20:48:28","slug":"cada-klocki-blue-race-car-dual-mode-control","status":"publish","type":"product","link":"http:\/\/klubmamgdynia.pl\/index.php\/produkt\/cada-klocki-blue-race-car-dual-mode-control\/","title":{"rendered":"Cada Klocki Blue Race Car Dual Mode Control"},"content":{"rendered":"<p>Cada C51073W Klocki Blue Race Car dual mode controlZestaw klock\u00f3w konstrukcyjnych pozwalaj\u0105cych na z\u0142o\u017cenie pojazdu.Przeznaczony dla dzieci od 6 roku \u017cycia.<\/p>\n<h2>Cada Klocki Blue Race Car Dual Mode Control Cada<\/h2>\n<p>miriam imie, co kupic dziewczynce na roczek, \u015bw przemys\u0142aw, zagadki logiczne na inteligencj\u0119 dla doros\u0142ych, pokemon do druku, kolorowanki do druku dla dziewczyn, my jeste\u015bmy krasnoludki tekst, prank na prima aprilis, ci\u0119\u017ckie zagadki, kolorowanka ninjago, zagadki dla dzieci 6-7 lat, quiz bo\u017ce narodzenie, zagadki matematyczne, sporty po francusku<\/p>\n<p>yyyyy<\/p>\n<p>&nbsp;<\/p>\n","protected":false},"excerpt":{"rendered":"<p>Cada C51073W Klocki Blue Race Car dual mode controlZestaw klock\u00f3w konstrukcyjnych pozwalaj\u0105cych na z\u0142o\u017cenie pojazdu.Przeznaczony dla dzieci od 6 roku \u017cycia. Cada Klocki Blue Race Car Dual Mode Control Cada miriam imie, co kupic dziewczynce na roczek, \u015bw przemys\u0142aw, zagadki logiczne na inteligencj\u0119 dla doros\u0142ych, pokemon do druku, kolorowanki do druku dla dziewczyn, my jeste\u015bmy [&hellip;]<\/p>\n","protected":false},"featured_media":1757,"comment_status":"closed","ping_status":"open","template":"","meta":[],"product_cat":[460,113],"product_tag":[611,728,685,755,766,594],"class_list":["post-1756","product","type-product","status-publish","has-post-thumbnail","hentry","product_cat-cada","product_cat-klocki","product_tag-bajki-do-czytania-psi-patrol","product_tag-bezwarunkowa-milosc-do-dziecka-cytaty","product_tag-cytaty-o-rodzinie","product_tag-henryk","product_tag-kira","product_tag-podchwytliwe-zagadki-dla-dzieci"],"_links":{"self":[{"href":"http:\/\/klubmamgdynia.pl\/index.php\/wp-json\/wp\/v2\/product\/1756","targetHints":{"allow":["GET"]}}],"collection":[{"href":"http:\/\/klubmamgdynia.pl\/index.php\/wp-json\/wp\/v2\/product"}],"about":[{"href":"http:\/\/klubmamgdynia.pl\/index.php\/wp-json\/wp\/v2\/types\/product"}],"replies":[{"embeddable":true,"href":"http:\/\/klubmamgdynia.pl\/index.php\/wp-json\/wp\/v2\/comments?post=1756"}],"wp:featuredmedia":[{"embeddable":true,"href":"http:\/\/klubmamgdynia.pl\/index.php\/wp-json\/wp\/v2\/media\/1757"}],"wp:attachment":[{"href":"http:\/\/klubmamgdynia.pl\/index.php\/wp-json\/wp\/v2\/media?parent=1756"}],"wp:term":[{"taxonomy":"product_cat","embeddable":true,"href":"http:\/\/klubmamgdynia.pl\/index.php\/wp-json\/wp\/v2\/product_cat?post=1756"},{"taxonomy":"product_tag","embeddable":true,"href":"http:\/\/klubmamgdynia.pl\/index.php\/wp-json\/wp\/v2\/product_tag?post=1756"}],"curies":[{"name":"wp","href":"https:\/\/api.w.org\/{rel}","templated":true}]}}