{"id":1758,"date":"2011-12-04T22:49:55","date_gmt":"2011-12-04T21:49:55","guid":{"rendered":"http:\/\/klubmamgdynia.pl\/index.php\/produkt\/pxn-pxn-9607x-nsw-pxn9607xpink\/"},"modified":"2026-04-30T20:52:25","modified_gmt":"2026-04-30T18:52:25","slug":"pxn-pxn-9607x-nsw-pxn9607xpink","status":"publish","type":"product","link":"http:\/\/klubmamgdynia.pl\/index.php\/produkt\/pxn-pxn-9607x-nsw-pxn9607xpink\/","title":{"rendered":"PXN PXN-9607X NSW (PXN9607XPINK)"},"content":{"rendered":"<p>Kontroler bezprzewodowy \/ GamePad PXN-9607XWyposa\u017c si\u0119 w funkcjonalny, uniwersalny kontroler do gier PXN-9607X. Jest on kompatybilny z komputerami osobistymi oraz konsol\u0105 Nintendo Switch. Posiada wiele przydatnych funkcji &#8211; takich jak obs\u0142uga NFC czy tryb turbo oraz 6-osiowy \u017cyroskop. Pobiera energi\u0119 z wydajnego akumulatora, kt\u00f3ry zapewnia do 20 godzin pracy na jednym \u0142adowaniu.Szersza kompatybilno\u015b\u0107Gamepad jest kompatybilny z systemami Windows 7\/8\/10 oraz konsol\u0105 Nintendo Switch. Mo\u017cesz wi\u0119c bez przeszk\u00f3d u\u017cywa\u0107 go grania na PC oraz konsoli \u2013 bez konieczno\u015bci wymiany kontrolera. Po\u0142\u0105cz go z komputerem przy u\u017cyciu kabla USB b\u0105d\u017a Bluetooth (tylko gry platformy Steam) lub z Nintendo Switch za po\u015brednictwem Bluetooth i ciesz si\u0119 wygodnym, p\u0142ynnym sterowaniem.Wiele przydatnych funkcjiGamepad cechuje si\u0119 wykorzystaniem szeregu praktycznych tryb\u00f3w i rozwi\u0105za\u0144. Funkcja Wake-up pozwala przywr\u00f3ci\u0107 dzia\u0142anie z trybu u\u015bpienia za pomoc\u0105 naci\u015bni\u0119cia dowolnego przycisku. Dodatkowo przycisk Home jest w stanie wybudzi\u0107 konsol\u0119 Nintendo Switch. Co wi\u0119cej, mo\u017cesz r\u00f3wnie\u017c skorzysta\u0107 z funkcji Turbo.Wi\u0119cej udogodnie\u0144Kontroler zosta\u0142 wyposa\u017cony w 6-osiowy \u017cyroskop, co umo\u017cliwia wsp\u00f3\u0142prac\u0119 z technologi\u0105 Motion Control. Dodatkowo posiada 3 poziomy intensywno\u015bci wibracji. Ciekawym udogodnieniem jest r\u00f3wnie\u017c funkcja odczytu NFC. W prosty spos\u00f3b zintegruj swoj\u0105 figurk\u0119 ze \u015bwiata Nintendo z konsol\u0105 \u2013 przyk\u0142adaj\u0105c j\u0105 do Gamepada (Amiibo).Wydajne zasilanieKontroler pobiera energi\u0119 z wydajnego akumulatora litowego o pojemno\u015bci 550 mAh. Pozwala on na nawet 20 godzin pracy urz\u0105dzenia na jednym \u0142adowaniu. Zasilanie przywr\u00f3cisz w oko\u0142o 2 godziny. Dzi\u0119ki temu gamepad b\u0119dzie towarzyszy\u0107 Ci podczas d\u0142ugich sesji rozgrywki, bez zb\u0119dnych przerw.Specyfikacja:ProducentPXNModelPXN-9607XKolorR\u00f3\u017cowyPo\u0142\u0105czeniePrzewodowo \/ BluetoothWersja Bluetooth4.0Pojemno\u015b\u0107 akumulatora550mANat\u0119\u017cenie robocze20mANapi\u0119cie robocze5VCzas pracy na jednym na\u0142adowaniuDo 20hCzas \u0142adowaniaOk. 2hPort \u0142adowaniaUSB type-CTouchpadNieWibracjeTakWbudowany g\u0142o\u015bnikNieWej\u015bcie audio jack 3.5 mmNieFunkcja NFCTakKompatybilno\u015b\u0107Nintendo Switch, Windows 7\/8\/10 (po\u0142\u0105czenie Bluetooth wspiera tylko gry platformy Steam, pozosta\u0142e wymagaj\u0105 po\u0142\u0105czenia za pomoc\u0105 kabla)Wymiary153x111x42 mmWaga210g<\/p>\n<h2>PXN PXN-9607X NSW (PXN9607XPINK) <\/h2>\n<p>imie pola, \u015bwinka peppa bajki do czytania, quizy geograficzne, cytat o przyja\u017ani, quiz felix net i nika oraz gang niewidzialnych ludzi, nadia, ma\u0142y ksi\u0105\u017c\u0119 cytaty o mi\u0142o\u015bci, test z lektury asiunia joanna papuzi\u0144ska, do druku dla dzieci, mandala kolorowanka, dzieci cytaty, podchwytliwe zagadki, sentencja dla dziecka, zagadki na logiczne my\u015blenie, prezent dla nastolatk\u00f3w 2021, ko\u0142ysanka tekst, wierszyki o wakacjach kr\u00f3tkie, milena<\/p>\n<p>yyyyy<\/p>\n<p>&nbsp;<\/p>\n","protected":false},"excerpt":{"rendered":"<p>Kontroler bezprzewodowy \/ GamePad PXN-9607XWyposa\u017c si\u0119 w funkcjonalny, uniwersalny kontroler do gier PXN-9607X. Jest on kompatybilny z komputerami osobistymi oraz konsol\u0105 Nintendo Switch. Posiada wiele przydatnych funkcji &#8211; takich jak obs\u0142uga NFC czy tryb turbo oraz 6-osiowy \u017cyroskop. Pobiera energi\u0119 z wydajnego akumulatora, kt\u00f3ry zapewnia do 20 godzin pracy na jednym \u0142adowaniu.Szersza kompatybilno\u015b\u0107Gamepad jest kompatybilny [&hellip;]<\/p>\n","protected":false},"featured_media":1759,"comment_status":"closed","ping_status":"open","template":"","meta":[],"product_cat":[419],"product_tag":[676,589,793],"class_list":["post-1758","product","type-product","status-publish","has-post-thumbnail","hentry","product_cat-gamepady","product_tag-bursztynek","product_tag-prezent-dla-rocznego-dziecka","product_tag-zagadki-smieszne-podchwytliwe"],"_links":{"self":[{"href":"http:\/\/klubmamgdynia.pl\/index.php\/wp-json\/wp\/v2\/product\/1758","targetHints":{"allow":["GET"]}}],"collection":[{"href":"http:\/\/klubmamgdynia.pl\/index.php\/wp-json\/wp\/v2\/product"}],"about":[{"href":"http:\/\/klubmamgdynia.pl\/index.php\/wp-json\/wp\/v2\/types\/product"}],"replies":[{"embeddable":true,"href":"http:\/\/klubmamgdynia.pl\/index.php\/wp-json\/wp\/v2\/comments?post=1758"}],"wp:featuredmedia":[{"embeddable":true,"href":"http:\/\/klubmamgdynia.pl\/index.php\/wp-json\/wp\/v2\/media\/1759"}],"wp:attachment":[{"href":"http:\/\/klubmamgdynia.pl\/index.php\/wp-json\/wp\/v2\/media?parent=1758"}],"wp:term":[{"taxonomy":"product_cat","embeddable":true,"href":"http:\/\/klubmamgdynia.pl\/index.php\/wp-json\/wp\/v2\/product_cat?post=1758"},{"taxonomy":"product_tag","embeddable":true,"href":"http:\/\/klubmamgdynia.pl\/index.php\/wp-json\/wp\/v2\/product_tag?post=1758"}],"curies":[{"name":"wp","href":"https:\/\/api.w.org\/{rel}","templated":true}]}}