{"id":1762,"date":"2015-02-03T16:58:44","date_gmt":"2015-02-03T15:58:44","guid":{"rendered":"http:\/\/klubmamgdynia.pl\/index.php\/produkt\/bust_cb5867\/"},"modified":"2026-04-14T15:02:35","modified_gmt":"2026-04-14T13:02:35","slug":"bust_cb5867","status":"publish","type":"product","link":"http:\/\/klubmamgdynia.pl\/index.php\/produkt\/bust_cb5867\/","title":{"rendered":"BUST_CB5867"},"content":{"rendered":"<p>Rodzaj:M\u0119skaMateria\u0142:sk\u00f3ra\u015arodek:przegr\u00f3dki na karty kredytoweprzegr\u00f3dki na dokumentyportmonetkaSzeroko\u015b\u0107 w cm:10.5Wysoko\u015b\u0107 w cm:9G\u0142\u0119boko\u015b\u0107 w cm:1.5Oryginalny pokrowiec:tak<\/p>\n<h2>BUST_CB5867 Carrera<\/h2>\n<p>uk\u0142ad s\u0142oneczny do druku, quiz o flagach, zagadki dla dzieci, kwiaty polne nazwy i zdj\u0119cia, pomys\u0142 na laurk\u0119, cytaty na dzien dziecka, wzory dyplom\u00f3w dyplomy do druku, okolice wroc\u0142awia atrakcje, atrakcje dla dzieci w warszawie dzi\u015b, najrzadsze imiona w polsce, tabliczka mno\u017cenia kolorowanki do wydruku, quiz samochodowy, rado\u015b\u0107 dziecka cytaty, prezent na 1 urodziny, trudne zadania matematyczne, test na znaki drogowe, zagadka dla dzieci, zagadki dla dzieci 10 lat<\/p>\n<p>yyyyy<\/p>\n<p>&nbsp;<\/p>\n","protected":false},"excerpt":{"rendered":"<p>Rodzaj:M\u0119skaMateria\u0142:sk\u00f3ra\u015arodek:przegr\u00f3dki na karty kredytoweprzegr\u00f3dki na dokumentyportmonetkaSzeroko\u015b\u0107 w cm:10.5Wysoko\u015b\u0107 w cm:9G\u0142\u0119boko\u015b\u0107 w cm:1.5Oryginalny pokrowiec:tak BUST_CB5867 Carrera uk\u0142ad s\u0142oneczny do druku, quiz o flagach, zagadki dla dzieci, kwiaty polne nazwy i zdj\u0119cia, pomys\u0142 na laurk\u0119, cytaty na dzien dziecka, wzory dyplom\u00f3w dyplomy do druku, okolice wroc\u0142awia atrakcje, atrakcje dla dzieci w warszawie dzi\u015b, najrzadsze imiona w polsce, [&hellip;]<\/p>\n","protected":false},"featured_media":1763,"comment_status":"closed","ping_status":"open","template":"","meta":[],"product_cat":[140,170],"product_tag":[716,652,629],"class_list":["post-1762","product","type-product","status-publish","has-post-thumbnail","hentry","product_cat-carrera","product_cat-portfele-meskie","product_tag-filmy-animowane-o-swietach","product_tag-otto","product_tag-smieszne-zagadki-z-odpowiedziami"],"_links":{"self":[{"href":"http:\/\/klubmamgdynia.pl\/index.php\/wp-json\/wp\/v2\/product\/1762","targetHints":{"allow":["GET"]}}],"collection":[{"href":"http:\/\/klubmamgdynia.pl\/index.php\/wp-json\/wp\/v2\/product"}],"about":[{"href":"http:\/\/klubmamgdynia.pl\/index.php\/wp-json\/wp\/v2\/types\/product"}],"replies":[{"embeddable":true,"href":"http:\/\/klubmamgdynia.pl\/index.php\/wp-json\/wp\/v2\/comments?post=1762"}],"wp:featuredmedia":[{"embeddable":true,"href":"http:\/\/klubmamgdynia.pl\/index.php\/wp-json\/wp\/v2\/media\/1763"}],"wp:attachment":[{"href":"http:\/\/klubmamgdynia.pl\/index.php\/wp-json\/wp\/v2\/media?parent=1762"}],"wp:term":[{"taxonomy":"product_cat","embeddable":true,"href":"http:\/\/klubmamgdynia.pl\/index.php\/wp-json\/wp\/v2\/product_cat?post=1762"},{"taxonomy":"product_tag","embeddable":true,"href":"http:\/\/klubmamgdynia.pl\/index.php\/wp-json\/wp\/v2\/product_tag?post=1762"}],"curies":[{"name":"wp","href":"https:\/\/api.w.org\/{rel}","templated":true}]}}