{"id":1764,"date":"2020-09-25T22:35:38","date_gmt":"2020-09-25T20:35:38","guid":{"rendered":"http:\/\/klubmamgdynia.pl\/index.php\/produkt\/cada-klocki-lamborghini\/"},"modified":"2026-04-29T13:10:22","modified_gmt":"2026-04-29T11:10:22","slug":"cada-klocki-lamborghini","status":"publish","type":"product","link":"http:\/\/klubmamgdynia.pl\/index.php\/produkt\/cada-klocki-lamborghini\/","title":{"rendered":"Cada Klocki Lamborghini"},"content":{"rendered":"<p>Klocki do kreatywnej zabawy CaDA Hi-TechKlocki te maj\u0105 za zadanie dawa\u0107 mo\u017cliwo\u015b\u0107 budowania r\u00f3\u017cnych pojazd\u00f3w i przedmiot\u00f3w do doskona\u0142ej, a przede wszystkim kreatywnej zabawy dla dzieci. S\u0105 kompatybilne z klockami innych znanych marek dzi\u0119ki czemu dzieci mog\u0105 budowa\u0107 i \u0142\u0105czy\u0107 je w dowolny spos\u00f3b, a to z kolei rozwija zmys\u0142y ma\u0142ego konstruktora. To nie tylko budowanie, ale tak\u017ce zanurzanie si\u0119 w \u015bwiatach przygodowych, odgrywanie r\u00f3l i \u017cycie w wyobra\u017ani. Dzieci s\u0105 zaciekawione, a to pobudza ich kreatywno\u015b\u0107, dzi\u0119ki czemu chc\u0105 wypr\u00f3bowa\u0107 wi\u0119cej nowych rzeczy i szybciej si\u0119 ucz\u0105.Zalet\u0105 klock\u00f3w konstrukcyjnych jest to, \u017ce mo\u017cna \u0142\u0105czy\u0107 je razem, aby ci\u0105gle budowa\u0107 co\u015b nowego.Wy\u015bcigowe Lamborghinito zdalnie sterowany pojazd z serii HI-TECH. Klocki zaprojektowane w USA, wyprodukowane przez firm\u0119 Double E, kt\u00f3ra specjalizuje si\u0119 w produkcji zabawek zdalnie sterowanych. Zasi\u0105d\u017a za kierownic\u0105 pojazd\u00f3w zdalnie sterowanych serii HI-TECH kt\u00f3re zosta\u0142y idealnie wykonane i odwzorowane. Ka\u017cdy zestaw klock\u00f3w wyposa\u017cony jest w sta\u0142e podwozie &#8211; baz\u0119, na kt\u00f3rym mo\u017cemy zbudowa\u0107 dany model. Wszystkie pojazdy maj\u0105 du\u017ce, elastyczne gumowe ko\u0142a dzi\u0119ki czemu przejad\u0105 przez lekkie przeszkody.Funkcje autkaruchome elementy:boczne drzwi,spoiler,jazda w prz\u00f3d i w ty\u0142,skr\u0119ty (prawo-lewo),podwozie wykonane ze wzmocnionego plastiku,du\u017cy pilot R\/C,gumowe mi\u0119kkie opony,cz\u0119stotliwo\u015b\u0107 pracy 2.4GHz.Specyfikacja:Materia\u0142: tworzywo sztuczne (ABS)Bateria: 3.6V, 400mAhBateria pilota: AA 1,5 V x 2Pr\u0119dko\u015b\u0107: 2,5 km\/hZasi\u0119g: do 25 metr\u00f3wCzas zabawy: 10-15 minIlo\u015b\u0107 cz\u0119\u015bci: 453 elementyWielko\u015b\u0107 opakowania (cm): 40 x 30 x 8 cmKolor: zielonyZestaw zawiera:Klocki 453 szt.Kontroler 2.4GHzKabel USBAkumulator 3.6V 400mAhInstrukcj\u0119Oryginalne opakowaniePraktyczny prezentDaj\u0105c dziecku taki prezent, da\u0107 mu mo\u017cna nie tylko sam\u0105 zabawk\u0119, ale tak\u017ce mo\u017cliwo\u015b\u0107 rozwoju jego wyobra\u017ani oraz kreatywno\u015bci, przez \u0142\u0105czenie element\u00f3w, b\u0119dzie ono poszukiwa\u0107 w\u0142a\u015bciwych rozwi\u0105za\u0144, ale tak\u017ce bawi\u0107 si\u0119 godzinami, dzi\u0119ki temu \u017ce samodzielne stworzy dla siebie co\u015b, co nazwa\u0107 mo\u017cna zabawk\u0105 na wiele godzin. Ca\u0142o\u015b\u0107 zosta\u0142a opakowana w specjalne pude\u0142ko, kt\u00f3re swoim wygl\u0105dem przypomina walizk\u0119, co\u015b w sam raz dla m\u0142odego konstruktora. Ta walizka ma dodatkowo specjaln\u0105 r\u0105czk\u0119, a dzi\u0119ki temu mo\u017cliwe jest przenoszenie jej z miejsca na miejsce z ca\u0142\u0105 zwarto\u015bci\u0105. Z tego powodu \u017caden z klock\u00f3w nie ma prawa si\u0119 zgubi\u0107, a dziecko mo\u017ce si\u0119 bawi\u0107 dos\u0142ownie tam, gdzie chce, a po zabawie w bardzo \u0142atwy spos\u00f3b po sobie posprz\u0105ta\u0107.Model zdalnie sterowanego auta Lamborghini do samodzielnego z\u0142o\u017cenia. Zestaw zawiera a\u017c 419 element\u00f3w, oryginalne pude\u0142ko oraz instrukcj\u0119 obs\u0142ugi. Numer katalogowy: C51007W<\/p>\n<h2>Cada Klocki Lamborghini Cada<\/h2>\n<p>dymitr, \u015bwi\u0119ta wielkanocne piosenka tekst, pomys\u0142y na pakowanie prezent\u00f3w, \u0142ama\u0144ce j\u0119zykowe dla dzieci, kolorowanka piesek, nietypowe imiona, maska misia do druku, pomys\u0142y na prezent dla nastolatk\u00f3w, zabawy z 7 latkiem, babciu droga babciu tekst, wr\u00f3\u017cby andrzejkowe kolory, prezent dla 16 latka, kolorowanka elsa, literki, oryginalny prezent dla nastolatk\u00f3w, zaproszenia na urodziny dla dzieci do druku, quiz felix net i nika oraz gang niewidzialnych ludzi, zabawki dla rocznej dziewczynki, cytat o rodzinie<\/p>\n<p>yyyyy<\/p>\n<p>&nbsp;<\/p>\n","protected":false},"excerpt":{"rendered":"<p>Klocki do kreatywnej zabawy CaDA Hi-TechKlocki te maj\u0105 za zadanie dawa\u0107 mo\u017cliwo\u015b\u0107 budowania r\u00f3\u017cnych pojazd\u00f3w i przedmiot\u00f3w do doskona\u0142ej, a przede wszystkim kreatywnej zabawy dla dzieci. S\u0105 kompatybilne z klockami innych znanych marek dzi\u0119ki czemu dzieci mog\u0105 budowa\u0107 i \u0142\u0105czy\u0107 je w dowolny spos\u00f3b, a to z kolei rozwija zmys\u0142y ma\u0142ego konstruktora. To nie tylko [&hellip;]<\/p>\n","protected":false},"featured_media":1765,"comment_status":"closed","ping_status":"open","template":"","meta":[],"product_cat":[460,113],"product_tag":[666,610,580,712],"class_list":["post-1764","product","type-product","status-publish","has-post-thumbnail","hentry","product_cat-cada","product_cat-klocki","product_tag-afrykanskie-imiona","product_tag-co-na-prezent-dla-nastolatkow","product_tag-janusz","product_tag-zagadki-o-zwierzetach"],"_links":{"self":[{"href":"http:\/\/klubmamgdynia.pl\/index.php\/wp-json\/wp\/v2\/product\/1764","targetHints":{"allow":["GET"]}}],"collection":[{"href":"http:\/\/klubmamgdynia.pl\/index.php\/wp-json\/wp\/v2\/product"}],"about":[{"href":"http:\/\/klubmamgdynia.pl\/index.php\/wp-json\/wp\/v2\/types\/product"}],"replies":[{"embeddable":true,"href":"http:\/\/klubmamgdynia.pl\/index.php\/wp-json\/wp\/v2\/comments?post=1764"}],"wp:featuredmedia":[{"embeddable":true,"href":"http:\/\/klubmamgdynia.pl\/index.php\/wp-json\/wp\/v2\/media\/1765"}],"wp:attachment":[{"href":"http:\/\/klubmamgdynia.pl\/index.php\/wp-json\/wp\/v2\/media?parent=1764"}],"wp:term":[{"taxonomy":"product_cat","embeddable":true,"href":"http:\/\/klubmamgdynia.pl\/index.php\/wp-json\/wp\/v2\/product_cat?post=1764"},{"taxonomy":"product_tag","embeddable":true,"href":"http:\/\/klubmamgdynia.pl\/index.php\/wp-json\/wp\/v2\/product_tag?post=1764"}],"curies":[{"name":"wp","href":"https:\/\/api.w.org\/{rel}","templated":true}]}}