{"id":1766,"date":"2019-01-05T02:14:47","date_gmt":"2019-01-05T01:14:47","guid":{"rendered":"http:\/\/klubmamgdynia.pl\/index.php\/produkt\/carrera-181-f-o63\/"},"modified":"2026-04-23T12:52:58","modified_gmt":"2026-04-23T10:52:58","slug":"carrera-181-f-o63","status":"publish","type":"product","link":"http:\/\/klubmamgdynia.pl\/index.php\/produkt\/carrera-181-f-o63\/","title":{"rendered":"Carrera 181\/F O63"},"content":{"rendered":"<p>Carrera 181\/F O63 51 Kolor: z\u0142oty, szylkretowy Rozmiar: 51<\/p>\n<h2>Carrera 181\/F O63 Carrera<\/h2>\n<p>milan znaczenie imienia, zagadki typu co to jest, najtrudniejsze zagadki, zabawy dla 6 latk\u00f3w, darmowe kolorowanki kolorowanki dla dziewczynek, prezent na pierwsze urodziny, m\u0105dre cytaty dla dzieci, lilianna, pi\u0119kne cytaty o synku, gad\u017cety dla nastolatk\u00f3w 2021<\/p>\n<p>yyyyy<\/p>\n<p>&nbsp;<\/p>\n","protected":false},"excerpt":{"rendered":"<p>Carrera 181\/F O63 51 Kolor: z\u0142oty, szylkretowy Rozmiar: 51 Carrera 181\/F O63 Carrera milan znaczenie imienia, zagadki typu co to jest, najtrudniejsze zagadki, zabawy dla 6 latk\u00f3w, darmowe kolorowanki kolorowanki dla dziewczynek, prezent na pierwsze urodziny, m\u0105dre cytaty dla dzieci, lilianna, pi\u0119kne cytaty o synku, gad\u017cety dla nastolatk\u00f3w 2021 yyyyy &nbsp;<\/p>\n","protected":false},"featured_media":1767,"comment_status":"closed","ping_status":"open","template":"","meta":[],"product_cat":[140,149],"product_tag":[658,864,636,634],"class_list":["post-1766","product","type-product","status-publish","has-post-thumbnail","hentry","product_cat-carrera","product_cat-okulary-oprawki-i-szkla","product_tag-alan-znaczenie-imienia","product_tag-basen-warszawa","product_tag-teksty-kolysanek","product_tag-zagadki-wielkanocne-dla-dzieci"],"_links":{"self":[{"href":"http:\/\/klubmamgdynia.pl\/index.php\/wp-json\/wp\/v2\/product\/1766","targetHints":{"allow":["GET"]}}],"collection":[{"href":"http:\/\/klubmamgdynia.pl\/index.php\/wp-json\/wp\/v2\/product"}],"about":[{"href":"http:\/\/klubmamgdynia.pl\/index.php\/wp-json\/wp\/v2\/types\/product"}],"replies":[{"embeddable":true,"href":"http:\/\/klubmamgdynia.pl\/index.php\/wp-json\/wp\/v2\/comments?post=1766"}],"wp:featuredmedia":[{"embeddable":true,"href":"http:\/\/klubmamgdynia.pl\/index.php\/wp-json\/wp\/v2\/media\/1767"}],"wp:attachment":[{"href":"http:\/\/klubmamgdynia.pl\/index.php\/wp-json\/wp\/v2\/media?parent=1766"}],"wp:term":[{"taxonomy":"product_cat","embeddable":true,"href":"http:\/\/klubmamgdynia.pl\/index.php\/wp-json\/wp\/v2\/product_cat?post=1766"},{"taxonomy":"product_tag","embeddable":true,"href":"http:\/\/klubmamgdynia.pl\/index.php\/wp-json\/wp\/v2\/product_tag?post=1766"}],"curies":[{"name":"wp","href":"https:\/\/api.w.org\/{rel}","templated":true}]}}