{"id":1768,"date":"2017-03-31T00:02:15","date_gmt":"2017-03-30T22:02:15","guid":{"rendered":"http:\/\/klubmamgdynia.pl\/index.php\/produkt\/pdp-switch-delux-audio-camo-zielony\/"},"modified":"2026-04-23T07:45:40","modified_gmt":"2026-04-23T05:45:40","slug":"pdp-switch-delux-audio-camo-zielony","status":"publish","type":"product","link":"http:\/\/klubmamgdynia.pl\/index.php\/produkt\/pdp-switch-delux-audio-camo-zielony\/","title":{"rendered":"PDP Switch Delux+ Audio Camo Zielony"},"content":{"rendered":"<p>Pod\u0142\u0105cz kontroler i zestaw s\u0142uchawkowy, a b\u0119dziesz gotowy, aby rozpocz\u0105\u0107 dowodzenie swoim zespo\u0142em!<\/p>\n<h2>PDP Switch Delux+ Audio Camo Zielony PDP<\/h2>\n<p>mitologia test wiedzy, proste zagadki, smieszne zagadki, korczak cytaty, marcel imi\u0119, wzory zaprosze\u0144 zaproszenie na urodziny szablon do druku, proste dekoracje bo\u017conarodzeniowe dla dzieci, milan znaczenie imienia, kolorowanka pokemon, afryka kazika test, prezent na roczek dla dziewczynki, atrakcje dla dzieci wielkopolska<\/p>\n<p>yyyyy<\/p>\n<p>&nbsp;<\/p>\n","protected":false},"excerpt":{"rendered":"<p>Pod\u0142\u0105cz kontroler i zestaw s\u0142uchawkowy, a b\u0119dziesz gotowy, aby rozpocz\u0105\u0107 dowodzenie swoim zespo\u0142em! PDP Switch Delux+ Audio Camo Zielony PDP mitologia test wiedzy, proste zagadki, smieszne zagadki, korczak cytaty, marcel imi\u0119, wzory zaprosze\u0144 zaproszenie na urodziny szablon do druku, proste dekoracje bo\u017conarodzeniowe dla dzieci, milan znaczenie imienia, kolorowanka pokemon, afryka kazika test, prezent na roczek [&hellip;]<\/p>\n","protected":false},"featured_media":1769,"comment_status":"closed","ping_status":"open","template":"","meta":[],"product_cat":[419,461],"product_tag":[729,774,694],"class_list":["post-1768","product","type-product","status-publish","has-post-thumbnail","hentry","product_cat-gamepady","product_cat-pdp","product_tag-madre-bajki-dla-dzieci-do-czytania","product_tag-prezent-na-roczek-nie-zabawka","product_tag-zagadki-swiateczne-dla-dzieci"],"_links":{"self":[{"href":"http:\/\/klubmamgdynia.pl\/index.php\/wp-json\/wp\/v2\/product\/1768","targetHints":{"allow":["GET"]}}],"collection":[{"href":"http:\/\/klubmamgdynia.pl\/index.php\/wp-json\/wp\/v2\/product"}],"about":[{"href":"http:\/\/klubmamgdynia.pl\/index.php\/wp-json\/wp\/v2\/types\/product"}],"replies":[{"embeddable":true,"href":"http:\/\/klubmamgdynia.pl\/index.php\/wp-json\/wp\/v2\/comments?post=1768"}],"wp:featuredmedia":[{"embeddable":true,"href":"http:\/\/klubmamgdynia.pl\/index.php\/wp-json\/wp\/v2\/media\/1769"}],"wp:attachment":[{"href":"http:\/\/klubmamgdynia.pl\/index.php\/wp-json\/wp\/v2\/media?parent=1768"}],"wp:term":[{"taxonomy":"product_cat","embeddable":true,"href":"http:\/\/klubmamgdynia.pl\/index.php\/wp-json\/wp\/v2\/product_cat?post=1768"},{"taxonomy":"product_tag","embeddable":true,"href":"http:\/\/klubmamgdynia.pl\/index.php\/wp-json\/wp\/v2\/product_tag?post=1768"}],"curies":[{"name":"wp","href":"https:\/\/api.w.org\/{rel}","templated":true}]}}